{"id":15698,"date":"2026-03-09T00:39:13","date_gmt":"2026-03-08T22:39:13","guid":{"rendered":"https:\/\/lkkk.ee\/pood\/?post_type=product&#038;p=15698"},"modified":"2026-03-10T12:45:38","modified_gmt":"2026-03-10T10:45:38","slug":"prints-ja-kerjus-etendus-1-koosseis","status":"publish","type":"product","link":"https:\/\/lkkk.ee\/pood\/product\/prints-ja-kerjus-etendus-1-koosseis\/","title":{"rendered":"PRINTS JA KERJUS (etendus 1. koosseis)"},"content":{"rendered":"<p>Koguperemuusikal\u00a0\u201ePrints ja kerjus\u201c<br \/>\nLibreto Mark Twaini romaani j\u00e4rgi \u2013 Mark Oja, helilooja ja muusikajuht \u2013 Janika Sillamaa,<br \/>\nlavastaja ja lavav\u00f5itluskoreograaf \u2013 Tanel Saar (VAT Teater), koreograaf \u2013 Johanna-Elise<br \/>\nKabel, kunstnik \u2013 Pille Kose.<br \/>\nEtendus 6.mail kell 19.00 2024 Mere Kultuurikeskuses<\/p>\n<p>Printsi ja kerjuse lugu on tuntud juba 140 aastat, alates sellest kui Ameerika kirjanik Mark<br \/>\nTwain selle aastal 1881 kirjutas ja see \u00fcsna pea ka tr\u00fckis avaldati. Algselt plaanis autor panna<br \/>\ntegevuse viktoriaanlikule Inglismaale, siis aga nihutas selle 300 aasta v\u00f5rra varasemaks ja nii<br \/>\nongi tegu ajaga, kus Inglismaad valitses kuningas Henry VIII, kel oli poeg prints Edward.<br \/>\nSeega:<br \/>\nLondoni vaeste linnaosas elab kerjuspoiss\u00a0Tom Canty kes vaatamata joodikust isa\u00a0John\u00a0Canti<br \/>\nt\u00fcranniale on saanud v\u00e4heke haridust \u2013 nimelt on teda \u00f5petanud kirikumees \u2013\u00a0isa\u00a0Andrew.<br \/>\nSamal ajal elab kuninglikus palees prints Edward Tudor.<br \/>\nKord palee aia l\u00e4hedal k\u00f5ndides ristuvad Tomi ja prints\u00a0Edwardi\u00a0teed.<br \/>\nPrints kutsub kerjuspoisi lossi, nad saavad tuttavaks ja avastavad, et on v\u00e4limuselt sarnased<br \/>\nja veel, et nad on s\u00fcndinud samal p\u00e4eval. Edward ja Tom vahetavad riided ja sealt saab<br \/>\nalguse seiklus m\u00f5lema poisi jaoks. Aga mitte ainult nende jaoks.<\/p>\n<p>Palju tragikoomilisi situatsioone, meeleolukad tantsud ja laulud, ajastulised kost\u00fc\u00fcmid!<br \/>\nM\u00e4ngivad kaks paari kaksikuid \u2013 Kristofer Robin ja Tristan Robin Veerm\u00e4e ning Reio ja Priidu<br \/>\nLeinus, Toomas Krall, Janika Sillamaa, Katre Jaani, Mihkel Tikerpalu, Hille Savi, Andrus<br \/>\nMuuga, Mathias Pe\u0161kov, Kaarel Orum\u00e4gi, Mark Oja, Eliise Ra T\u00f5em\u00e4e, Viona Vipper jpt.<br \/>\nKokku \u00fcle 70 noore n\u00e4itleja, kes on k\u00f5ik \u00fclest\u00e4hendatud ka l\u00f5putiitrites<\/p>\n","protected":false},"excerpt":{"rendered":"<p>Koguperemuusikal\u00a0\u201ePrints ja kerjus\u201c Libreto Mark Twaini romaani j\u00e4rgi \u2013 Mark Oja, helilooja ja muusikajuht \u2013 Janika Sillamaa, lavastaja ja lavav\u00f5itluskoreograaf \u2013 Tanel Saar (VAT Teater), koreograaf \u2013 Johanna-Elise Kabel, kunstnik&#8230;<\/p>\n","protected":false},"featured_media":15705,"comment_status":"open","ping_status":"closed","template":"","meta":{"_monsterinsights_skip_tracking":false,"_monsterinsights_sitenote_active":false,"_monsterinsights_sitenote_note":"","_monsterinsights_sitenote_category":0},"product_brand":[],"product_cat":[130],"product_tag":[],"class_list":{"0":"post-15698","1":"product","2":"type-product","3":"status-publish","4":"has-post-thumbnail","6":"product_cat-jarelvaatamine","8":"first","9":"instock","10":"downloadable","11":"virtual","12":"purchasable","13":"product-type-simple"},"_links":{"self":[{"href":"https:\/\/lkkk.ee\/pood\/wp-json\/wp\/v2\/product\/15698","targetHints":{"allow":["GET"]}}],"collection":[{"href":"https:\/\/lkkk.ee\/pood\/wp-json\/wp\/v2\/product"}],"about":[{"href":"https:\/\/lkkk.ee\/pood\/wp-json\/wp\/v2\/types\/product"}],"replies":[{"embeddable":true,"href":"https:\/\/lkkk.ee\/pood\/wp-json\/wp\/v2\/comments?post=15698"}],"wp:featuredmedia":[{"embeddable":true,"href":"https:\/\/lkkk.ee\/pood\/wp-json\/wp\/v2\/media\/15705"}],"wp:attachment":[{"href":"https:\/\/lkkk.ee\/pood\/wp-json\/wp\/v2\/media?parent=15698"}],"wp:term":[{"taxonomy":"product_brand","embeddable":true,"href":"https:\/\/lkkk.ee\/pood\/wp-json\/wp\/v2\/product_brand?post=15698"},{"taxonomy":"product_cat","embeddable":true,"href":"https:\/\/lkkk.ee\/pood\/wp-json\/wp\/v2\/product_cat?post=15698"},{"taxonomy":"product_tag","embeddable":true,"href":"https:\/\/lkkk.ee\/pood\/wp-json\/wp\/v2\/product_tag?post=15698"}],"curies":[{"name":"wp","href":"https:\/\/api.w.org\/{rel}","templated":true}]}}