{"id":15661,"date":"2025-10-05T16:53:34","date_gmt":"2025-10-05T13:53:34","guid":{"rendered":"https:\/\/lkkk.ee\/pood\/?post_type=product&#038;p=15661"},"modified":"2025-10-05T16:53:34","modified_gmt":"2025-10-05T13:53:34","slug":"seiklusmuusikal-kolm-musketari-alexandre-dumas-romaani-jargi","status":"publish","type":"product","link":"https:\/\/lkkk.ee\/pood\/product\/seiklusmuusikal-kolm-musketari-alexandre-dumas-romaani-jargi\/","title":{"rendered":"Seiklusmuusikal \u201eKolm musket\u00e4ri\u201c Alexandre Dumas\u00b4 romaani j\u00e4rgi"},"content":{"rendered":"<p>K\u00f5ik kes on A. Dumas\u00b4 \u201eKolm musket\u00e4ri\u201d l\u00e4bi lugenud ja seda lugu armastama hakanud,<br \/>\nsaavad n\u00fc\u00fcd osta sellenimelise muusikaliraamatu, sest vahelduseks paljude ulmelistele<br \/>\nt\u00f5lgendustele on siinne libreto peaaegu t\u00e4iesti raamatutruu &#8211; algab D\u00b4Artagnani kuulsa<br \/>\nkirjavargusega ja l\u00f5peb musket\u00e4riks l\u00f6\u00f6misega.<\/p>\n<p>Lisaks armudraamadele, intriigidele ja duellidele, mis raamatulehtedelt vastu vaatavad, on<br \/>\n\u00fcksjagu palju haaravaid laule, mille noodid samuti samade kaante vahel.<\/p>\n<p>Lugu on pandud kokku 2022a lavastuse tegelastest ehk et lauljad heliplaadil ja<br \/>\nkost\u00fcmeeritud tegelased fotoillustratsioonidel on samad noored.<\/p>\n<p>Raamatus niisiis libreto, noodid ja tagakaane taskus heliplaat koos k\u00f5igi laulude ja osade<br \/>\nfonogrammidega.<\/p>\n<p>Libreto ja muusika autorid Kaari ja Janika Sillamaa, kujundaja Pille Kose, kaane kujundaja<br \/>\nAndrus Muuga.<\/p>\n<p>Raamat valmis tr\u00fckikojas Vali Press, muusikaline materjal salvestati Studio89-s.<\/p>\n<p>Fonogramme m\u00e4ngisid Lauri Lehtsaar (klahvpillid), Oliver Mazurt\u0161ak (kitarr), Martti Laas<br \/>\n(bass), Karl Helmeste (trummid).<\/p>\n<p>Rollides ja lauludes: Ralf Olver Purje (D`Artagnan), Mathias Pe\u0161kov (Aramis), Priidu Leinus<br \/>\n(Athos), Martin Alexander Roolaht (Porthos), Reio Leinus (Louis XIII), Eliise Ra T\u00f5em\u00e4e ja\/v\u00f5i<br \/>\nKertu Kango (Austria Anna), Hugo Sebastian Sulger (kardinal Richelieu), Anna Danilson ja\/v\u00f5i<br \/>\nKrislin Kevelin Teas (Constance Bonasieux), Viona Vipper (Bethuni kloostri abtiss) jpt<\/p>\n<p>Muusikalised produtsendid Franck Reisner ja Janika Sillamaa, plaadi mastering &#8211; Koit<br \/>\nSaarm\u00e4e, plaatide tr\u00fckk Matrix Studios.<\/p>\n<p>Raamat valmis Kirjastus Virgo 20.tegevusaasta t\u00e4histamiseks<\/p>\n","protected":false},"excerpt":{"rendered":"<p>K\u00f5ik kes on A. Dumas\u00b4 \u201eKolm musket\u00e4ri\u201d l\u00e4bi lugenud ja seda lugu armastama hakanud, saavad n\u00fc\u00fcd osta sellenimelise muusikaliraamatu, sest vahelduseks paljude ulmelistele t\u00f5lgendustele on siinne libreto peaaegu t\u00e4iesti raamatutruu&#8230;<\/p>\n","protected":false},"featured_media":15662,"comment_status":"open","ping_status":"closed","template":"","meta":{"_monsterinsights_skip_tracking":false,"_monsterinsights_sitenote_active":false,"_monsterinsights_sitenote_note":"","_monsterinsights_sitenote_category":0},"product_brand":[],"product_cat":[127],"product_tag":[],"class_list":{"0":"post-15661","1":"product","2":"type-product","3":"status-publish","4":"has-post-thumbnail","6":"product_cat-muusikalid","7":"product_shipping_class-europe","9":"first","10":"instock","11":"shipping-taxable","12":"purchasable","13":"product-type-simple"},"_links":{"self":[{"href":"https:\/\/lkkk.ee\/pood\/wp-json\/wp\/v2\/product\/15661","targetHints":{"allow":["GET"]}}],"collection":[{"href":"https:\/\/lkkk.ee\/pood\/wp-json\/wp\/v2\/product"}],"about":[{"href":"https:\/\/lkkk.ee\/pood\/wp-json\/wp\/v2\/types\/product"}],"replies":[{"embeddable":true,"href":"https:\/\/lkkk.ee\/pood\/wp-json\/wp\/v2\/comments?post=15661"}],"wp:featuredmedia":[{"embeddable":true,"href":"https:\/\/lkkk.ee\/pood\/wp-json\/wp\/v2\/media\/15662"}],"wp:attachment":[{"href":"https:\/\/lkkk.ee\/pood\/wp-json\/wp\/v2\/media?parent=15661"}],"wp:term":[{"taxonomy":"product_brand","embeddable":true,"href":"https:\/\/lkkk.ee\/pood\/wp-json\/wp\/v2\/product_brand?post=15661"},{"taxonomy":"product_cat","embeddable":true,"href":"https:\/\/lkkk.ee\/pood\/wp-json\/wp\/v2\/product_cat?post=15661"},{"taxonomy":"product_tag","embeddable":true,"href":"https:\/\/lkkk.ee\/pood\/wp-json\/wp\/v2\/product_tag?post=15661"}],"curies":[{"name":"wp","href":"https:\/\/api.w.org\/{rel}","templated":true}]}}