{"id":15629,"date":"2025-03-23T14:40:49","date_gmt":"2025-03-23T14:40:49","guid":{"rendered":"https:\/\/lkkk.ee\/pood\/?post_type=product&#038;p=15629"},"modified":"2025-05-25T14:12:42","modified_gmt":"2025-05-25T11:12:42","slug":"rannapiigad-etendus-ii-koosseis","status":"publish","type":"product","link":"https:\/\/lkkk.ee\/pood\/product\/rannapiigad-etendus-ii-koosseis\/","title":{"rendered":"Rannapiigad (etendus\u00a0II\u00a0koosseis)"},"content":{"rendered":"<p><strong>&#8220;Rannapiigad&#8221; (etendus II koosseis)<\/strong><br \/>\nEsietendused 25. ja 26.11. 2024 Von Glehni\u00a0teatris<\/p>\n<p>Autor ja lavastaja Arlet Palmiste (Piibe Teater)<br \/>\nKunstnik Riina Andresen, liikumisjuht Johanna-Elise Kabel, muusikajuht Janika Sillamaa<br \/>\nK\u00f5lavad j\u00e4rgmiste autorite laulud:\u00a0Arved Haug, Kustas Kikerpuu, Rein\u00a0Rannap, Hans<br \/>\nHindpere, Uno Naissoo, Kalju Kass, J\u00fcri K\u00f5rgema, Rein M\u00e4ndsoo, Helgi Muller,\u00a0Hans<br \/>\nBlum, Carlo Alberto Rossi, Jean Paul Cara, Tom Springfield,\u00a0Jack Brieley, George F.<br \/>\nCrosby \u2013 Heldur Karmo ja Edas Sterni t\u00f5lkes.<br \/>\nLaulude mitmeh\u00e4\u00e4lsed seaded Janika Sillamaa<\/p>\n<p><strong>Laval:<\/strong><br \/>\nMirjam Sirak, Kalli Karmel Jaani, K\u00e4ti Keitlin Mesi,\u00a0Marie Konsa,<br \/>\nLorelai Kreis, Liis Marii M\u00e4nnik, Rahel Salumets, Maarja Malva,<br \/>\nHelina T\u00fc\u00fcr, Emily Kiki Kaljurand,Remo\u00a0Pihel, Ralf\u00a0Oliver Purje,<br \/>\nKarl-Mattias R\u00e4ssa, Kaarel Kreekman, Grant\u00a0Partasjuk, Roomet Sirak,<br \/>\nLaura P\u00e4rtelpoeg, Marika Sirak, Sandra K\u00fclasalu<\/p>\n","protected":false},"excerpt":{"rendered":"<p>&#8220;Rannapiigad&#8221; (etendus II koosseis) Esietendused 25. ja 26.11. 2024 Von Glehni\u00a0teatris Autor ja lavastaja Arlet Palmiste (Piibe Teater) Kunstnik Riina Andresen, liikumisjuht Johanna-Elise Kabel, muusikajuht Janika Sillamaa K\u00f5lavad j\u00e4rgmiste autorite&#8230;<\/p>\n","protected":false},"featured_media":15631,"comment_status":"open","ping_status":"closed","template":"","meta":{"_monsterinsights_skip_tracking":false,"_monsterinsights_sitenote_active":false,"_monsterinsights_sitenote_note":"","_monsterinsights_sitenote_category":0},"product_brand":[],"product_cat":[130],"product_tag":[],"class_list":{"0":"post-15629","1":"product","2":"type-product","3":"status-publish","4":"has-post-thumbnail","6":"product_cat-jarelvaatamine","8":"first","9":"instock","10":"downloadable","11":"virtual","12":"purchasable","13":"product-type-simple"},"_links":{"self":[{"href":"https:\/\/lkkk.ee\/pood\/wp-json\/wp\/v2\/product\/15629","targetHints":{"allow":["GET"]}}],"collection":[{"href":"https:\/\/lkkk.ee\/pood\/wp-json\/wp\/v2\/product"}],"about":[{"href":"https:\/\/lkkk.ee\/pood\/wp-json\/wp\/v2\/types\/product"}],"replies":[{"embeddable":true,"href":"https:\/\/lkkk.ee\/pood\/wp-json\/wp\/v2\/comments?post=15629"}],"wp:featuredmedia":[{"embeddable":true,"href":"https:\/\/lkkk.ee\/pood\/wp-json\/wp\/v2\/media\/15631"}],"wp:attachment":[{"href":"https:\/\/lkkk.ee\/pood\/wp-json\/wp\/v2\/media?parent=15629"}],"wp:term":[{"taxonomy":"product_brand","embeddable":true,"href":"https:\/\/lkkk.ee\/pood\/wp-json\/wp\/v2\/product_brand?post=15629"},{"taxonomy":"product_cat","embeddable":true,"href":"https:\/\/lkkk.ee\/pood\/wp-json\/wp\/v2\/product_cat?post=15629"},{"taxonomy":"product_tag","embeddable":true,"href":"https:\/\/lkkk.ee\/pood\/wp-json\/wp\/v2\/product_tag?post=15629"}],"curies":[{"name":"wp","href":"https:\/\/api.w.org\/{rel}","templated":true}]}}