{"id":15545,"date":"2024-09-21T12:12:04","date_gmt":"2024-09-21T12:12:04","guid":{"rendered":"https:\/\/lkkk.ee\/pood\/?post_type=product&#038;p=15545"},"modified":"2024-09-21T12:12:04","modified_gmt":"2024-09-21T12:12:04","slug":"pakapikkude-salatehas-etendus","status":"publish","type":"product","link":"https:\/\/lkkk.ee\/pood\/product\/pakapikkude-salatehas-etendus\/","title":{"rendered":"P\u00e4kapikkude salatehas (etendus)"},"content":{"rendered":"<p><strong>\u201eP\u00e4kapikkude salatehas\u201d \u2013 muusikaline j\u00f5ulumuinasjutt <\/strong><\/p>\n<p>(esiet. 2.12.2021)<\/p>\n<p>Libreto Mark Oja,<br \/>\nmuusika Hille Savi.<br \/>\nLavastajad ja koreograafid Johanna-Elise Kabel ja Mark Oja,<br \/>\nmuusikajuht Hille Savi,<br \/>\nv\u00f5itluskoreograaf Andrus Muuga.<br \/>\nLavakunstnik Riina Andresen,<br \/>\nkost\u00fc\u00fcm Mark Oja, Johanna-Elise Kabel ja Eliise Ra T\u00f5em\u00e4e.<\/p>\n<p>Laval Laste Muusikateatri vanem r\u00fchm, peaosades Nikool Abel, Grant Partasjuk ja Maare Murd. Etendused toimusid Lindakivi Kultuurikeskuses.<\/p>\n<p>Ka see lavat\u00fckk pidi esitamisele tulema juba 2020a detsembris, aga l\u00fckkus pandeemia t\u00f5ttu aasta v\u00f5rra edasi.<\/p>\n","protected":false},"excerpt":{"rendered":"<p>\u201eP\u00e4kapikkude salatehas\u201d \u2013 muusikaline j\u00f5ulumuinasjutt (esiet. 2.12.2021) Libreto Mark Oja, muusika Hille Savi. Lavastajad ja koreograafid Johanna-Elise Kabel ja Mark Oja, muusikajuht Hille Savi, v\u00f5itluskoreograaf Andrus Muuga. Lavakunstnik Riina Andresen,&#8230;<\/p>\n","protected":false},"featured_media":15546,"comment_status":"open","ping_status":"closed","template":"","meta":{"_monsterinsights_skip_tracking":false,"_monsterinsights_sitenote_active":false,"_monsterinsights_sitenote_note":"","_monsterinsights_sitenote_category":0},"product_brand":[],"product_cat":[130],"product_tag":[],"class_list":{"0":"post-15545","1":"product","2":"type-product","3":"status-publish","4":"has-post-thumbnail","6":"product_cat-jarelvaatamine","8":"first","9":"instock","10":"downloadable","11":"virtual","12":"purchasable","13":"product-type-simple"},"_links":{"self":[{"href":"https:\/\/lkkk.ee\/pood\/wp-json\/wp\/v2\/product\/15545","targetHints":{"allow":["GET"]}}],"collection":[{"href":"https:\/\/lkkk.ee\/pood\/wp-json\/wp\/v2\/product"}],"about":[{"href":"https:\/\/lkkk.ee\/pood\/wp-json\/wp\/v2\/types\/product"}],"replies":[{"embeddable":true,"href":"https:\/\/lkkk.ee\/pood\/wp-json\/wp\/v2\/comments?post=15545"}],"wp:featuredmedia":[{"embeddable":true,"href":"https:\/\/lkkk.ee\/pood\/wp-json\/wp\/v2\/media\/15546"}],"wp:attachment":[{"href":"https:\/\/lkkk.ee\/pood\/wp-json\/wp\/v2\/media?parent=15545"}],"wp:term":[{"taxonomy":"product_brand","embeddable":true,"href":"https:\/\/lkkk.ee\/pood\/wp-json\/wp\/v2\/product_brand?post=15545"},{"taxonomy":"product_cat","embeddable":true,"href":"https:\/\/lkkk.ee\/pood\/wp-json\/wp\/v2\/product_cat?post=15545"},{"taxonomy":"product_tag","embeddable":true,"href":"https:\/\/lkkk.ee\/pood\/wp-json\/wp\/v2\/product_tag?post=15545"}],"curies":[{"name":"wp","href":"https:\/\/api.w.org\/{rel}","templated":true}]}}