{"id":15542,"date":"2024-09-21T12:09:03","date_gmt":"2024-09-21T12:09:03","guid":{"rendered":"https:\/\/lkkk.ee\/pood\/?post_type=product&#038;p=15542"},"modified":"2024-09-21T12:09:03","modified_gmt":"2024-09-21T12:09:03","slug":"printsess-okasroosike-etendus","status":"publish","type":"product","link":"https:\/\/lkkk.ee\/pood\/product\/printsess-okasroosike-etendus\/","title":{"rendered":"Printsess okasroosike (etendus)"},"content":{"rendered":"<p><strong>\u201ePrintsess Okasroosike\u201d \u2013 muusikal vendade Grimmide muinasjutu ainetel <\/strong><\/p>\n<p>(esiet. 13.05.2022).<\/p>\n<p>Libreto ja muusika Kaari Sillamaa.<br \/>\nLavastaja Johanna-Elise Kabel,<br \/>\nmuusikajuht K\u00e4rt Anton,<br \/>\nkoreograaf Mark Oja,<br \/>\nlavakunstnik Katrin Lehtj\u00f5e,<br \/>\nkost\u00fc\u00fcmikunstnik Eva-Liis Lidenburg.<\/p>\n<p>Esitas Lasteteatri vanem r\u00fchm. Nimiosas Liis Marii M\u00e4nnik.<\/p>\n<p>Etendused toimusid Lindakivi Kultuurikeskuses.<\/p>\n","protected":false},"excerpt":{"rendered":"<p>\u201ePrintsess Okasroosike\u201d \u2013 muusikal vendade Grimmide muinasjutu ainetel (esiet. 13.05.2022). Libreto ja muusika Kaari Sillamaa. Lavastaja Johanna-Elise Kabel, muusikajuht K\u00e4rt Anton, koreograaf Mark Oja, lavakunstnik Katrin Lehtj\u00f5e, kost\u00fc\u00fcmikunstnik Eva-Liis Lidenburg&#8230;.<\/p>\n","protected":false},"featured_media":15544,"comment_status":"open","ping_status":"closed","template":"","meta":{"_monsterinsights_skip_tracking":false,"_monsterinsights_sitenote_active":false,"_monsterinsights_sitenote_note":"","_monsterinsights_sitenote_category":0},"product_brand":[],"product_cat":[130],"product_tag":[],"class_list":{"0":"post-15542","1":"product","2":"type-product","3":"status-publish","4":"has-post-thumbnail","6":"product_cat-jarelvaatamine","8":"first","9":"instock","10":"downloadable","11":"virtual","12":"purchasable","13":"product-type-simple"},"_links":{"self":[{"href":"https:\/\/lkkk.ee\/pood\/wp-json\/wp\/v2\/product\/15542","targetHints":{"allow":["GET"]}}],"collection":[{"href":"https:\/\/lkkk.ee\/pood\/wp-json\/wp\/v2\/product"}],"about":[{"href":"https:\/\/lkkk.ee\/pood\/wp-json\/wp\/v2\/types\/product"}],"replies":[{"embeddable":true,"href":"https:\/\/lkkk.ee\/pood\/wp-json\/wp\/v2\/comments?post=15542"}],"wp:featuredmedia":[{"embeddable":true,"href":"https:\/\/lkkk.ee\/pood\/wp-json\/wp\/v2\/media\/15544"}],"wp:attachment":[{"href":"https:\/\/lkkk.ee\/pood\/wp-json\/wp\/v2\/media?parent=15542"}],"wp:term":[{"taxonomy":"product_brand","embeddable":true,"href":"https:\/\/lkkk.ee\/pood\/wp-json\/wp\/v2\/product_brand?post=15542"},{"taxonomy":"product_cat","embeddable":true,"href":"https:\/\/lkkk.ee\/pood\/wp-json\/wp\/v2\/product_cat?post=15542"},{"taxonomy":"product_tag","embeddable":true,"href":"https:\/\/lkkk.ee\/pood\/wp-json\/wp\/v2\/product_tag?post=15542"}],"curies":[{"name":"wp","href":"https:\/\/api.w.org\/{rel}","templated":true}]}}