{"id":15540,"date":"2024-09-21T12:02:45","date_gmt":"2024-09-21T12:02:45","guid":{"rendered":"https:\/\/lkkk.ee\/pood\/?post_type=product&#038;p=15540"},"modified":"2024-09-21T12:02:45","modified_gmt":"2024-09-21T12:02:45","slug":"nukukese-jouluoo-etendus","status":"publish","type":"product","link":"https:\/\/lkkk.ee\/pood\/product\/nukukese-jouluoo-etendus\/","title":{"rendered":"Nukukese j\u00f5ulu\u00f6\u00f6 (etendus)"},"content":{"rendered":"<p><strong>\u201eNukukese j\u00f5ulu\u00f6\u00f6\u201d \u2013 laulum\u00e4ng Silvia Rannamaa jutustuse \u201eSuur m\u00e4ng\u201d ainetel <\/strong><\/p>\n<p>(esiet. 18.12.2022).<\/p>\n<p>Libreto ja muusika Kaari Sillamaa.<br \/>\nLavastaja ja kunstnik Janika Sillamaa,<br \/>\nmuusikajuht Linda Ellen Toom,<br \/>\nkoreograaf Johanna-Elise Kabel.<\/p>\n<p>Esitas Lasteteatri vanem r\u00fchm. Nimiosas Heti Stella Kisel. Etendused toimusid Von Glehni Teatris.<\/p>\n","protected":false},"excerpt":{"rendered":"<p>\u201eNukukese j\u00f5ulu\u00f6\u00f6\u201d \u2013 laulum\u00e4ng Silvia Rannamaa jutustuse \u201eSuur m\u00e4ng\u201d ainetel (esiet. 18.12.2022). Libreto ja muusika Kaari Sillamaa. Lavastaja ja kunstnik Janika Sillamaa, muusikajuht Linda Ellen Toom, koreograaf Johanna-Elise Kabel. Esitas&#8230;<\/p>\n","protected":false},"featured_media":15541,"comment_status":"open","ping_status":"closed","template":"","meta":{"_monsterinsights_skip_tracking":false,"_monsterinsights_sitenote_active":false,"_monsterinsights_sitenote_note":"","_monsterinsights_sitenote_category":0},"product_brand":[],"product_cat":[130],"product_tag":[],"class_list":{"0":"post-15540","1":"product","2":"type-product","3":"status-publish","4":"has-post-thumbnail","6":"product_cat-jarelvaatamine","8":"first","9":"instock","10":"downloadable","11":"virtual","12":"purchasable","13":"product-type-simple"},"_links":{"self":[{"href":"https:\/\/lkkk.ee\/pood\/wp-json\/wp\/v2\/product\/15540","targetHints":{"allow":["GET"]}}],"collection":[{"href":"https:\/\/lkkk.ee\/pood\/wp-json\/wp\/v2\/product"}],"about":[{"href":"https:\/\/lkkk.ee\/pood\/wp-json\/wp\/v2\/types\/product"}],"replies":[{"embeddable":true,"href":"https:\/\/lkkk.ee\/pood\/wp-json\/wp\/v2\/comments?post=15540"}],"wp:featuredmedia":[{"embeddable":true,"href":"https:\/\/lkkk.ee\/pood\/wp-json\/wp\/v2\/media\/15541"}],"wp:attachment":[{"href":"https:\/\/lkkk.ee\/pood\/wp-json\/wp\/v2\/media?parent=15540"}],"wp:term":[{"taxonomy":"product_brand","embeddable":true,"href":"https:\/\/lkkk.ee\/pood\/wp-json\/wp\/v2\/product_brand?post=15540"},{"taxonomy":"product_cat","embeddable":true,"href":"https:\/\/lkkk.ee\/pood\/wp-json\/wp\/v2\/product_cat?post=15540"},{"taxonomy":"product_tag","embeddable":true,"href":"https:\/\/lkkk.ee\/pood\/wp-json\/wp\/v2\/product_tag?post=15540"}],"curies":[{"name":"wp","href":"https:\/\/api.w.org\/{rel}","templated":true}]}}