{"id":15528,"date":"2024-09-21T11:43:56","date_gmt":"2024-09-21T11:43:56","guid":{"rendered":"https:\/\/lkkk.ee\/pood\/?post_type=product&#038;p=15528"},"modified":"2024-09-21T11:43:56","modified_gmt":"2024-09-21T11:43:56","slug":"desiree-etendus","status":"publish","type":"product","link":"https:\/\/lkkk.ee\/pood\/product\/desiree-etendus\/","title":{"rendered":"Desiree (etendus)"},"content":{"rendered":"<p><strong>\u201eD\u00e9sir\u00e9e ehk Napoleoni kihlatust Rootsi kuningannaks\u201c \u2013 suurmuusikal <\/strong><\/p>\n<p>Annemarie Selinko romaani j\u00e4rgi (esiet. 24.03.2017)<\/p>\n<p>Libreto ja muusika autor Kaari Sillamaa.<br \/>\nLavastaja, kunstnik ja koreograaf Katre Jaani,<br \/>\nmuusikajuht Janika Sillamaa,<br \/>\nkoormeister Hille Savi,<br \/>\nsolistide juhendaja Kaarel Orum\u00e4gi.<\/p>\n<p>Muusikal on Marseille\u00b4i siidikaupmehe t\u00fctrest, kellesse olid armunud 19. sajandi kaks k\u00f5ige m\u00f5juv\u00f5imsamat valitsejat \u2013 Prantsusmaa keiser Napoleon Bonaparte ja Rootsi kuningas Karl XIV Johan. Esimesega oli D\u00e9sir\u00e9e kihlatud, teisega abielludes sai temast aga Rootsi kuningliku Bernadotte\u00b4ide d\u00fcnastia esiema. Inim- ja armusuhetele kontrastiks n\u00e4eb ka ajaloolisi suurs\u00fcndmusi, k\u00f5rgseltskonna glamuurile sekundeerib vaeste linnaosa oma k\u00f5rtside ja kerjuslastega. Ja suur osa tegelasi, kes laval laulma pandud, on p\u00e4riselt olemas olnud. Esitasid Muusikateatri k\u00f5ik vanuseastmed, paljud vilistlased, \u00f5petajad ja k\u00fclalised.<\/p>\n<p>Suuremates rollides Getter Jaani (D\u00e9sir\u00e9e Clary, l\u00f5pus Rootsi kuninganna Desideria) Artur Rassmann (Napoleon I), Bert Pringi (Jean Baptiste Bernadotte, l\u00f5pus Rootsi kuningas Karl XIV Johan), Janika Sillamaa (keisrinna Josephine), Reet Paavel (Madam M\u00e9re ehk Napoleoni ema) jt.<\/p>\n<p>Etendust m\u00e4ngiti kevadel 6 ja s\u00fcgisel veel 8 korda.<\/p>\n","protected":false},"excerpt":{"rendered":"<p>\u201eD\u00e9sir\u00e9e ehk Napoleoni kihlatust Rootsi kuningannaks\u201c \u2013 suurmuusikal Annemarie Selinko romaani j\u00e4rgi (esiet. 24.03.2017) Libreto ja muusika autor Kaari Sillamaa. Lavastaja, kunstnik ja koreograaf Katre Jaani, muusikajuht Janika Sillamaa, koormeister&#8230;<\/p>\n","protected":false},"featured_media":15529,"comment_status":"open","ping_status":"closed","template":"","meta":{"_monsterinsights_skip_tracking":false,"_monsterinsights_sitenote_active":false,"_monsterinsights_sitenote_note":"","_monsterinsights_sitenote_category":0},"product_brand":[],"product_cat":[130],"product_tag":[],"class_list":{"0":"post-15528","1":"product","2":"type-product","3":"status-publish","4":"has-post-thumbnail","6":"product_cat-jarelvaatamine","8":"first","9":"instock","10":"downloadable","11":"virtual","12":"purchasable","13":"product-type-simple"},"_links":{"self":[{"href":"https:\/\/lkkk.ee\/pood\/wp-json\/wp\/v2\/product\/15528","targetHints":{"allow":["GET"]}}],"collection":[{"href":"https:\/\/lkkk.ee\/pood\/wp-json\/wp\/v2\/product"}],"about":[{"href":"https:\/\/lkkk.ee\/pood\/wp-json\/wp\/v2\/types\/product"}],"replies":[{"embeddable":true,"href":"https:\/\/lkkk.ee\/pood\/wp-json\/wp\/v2\/comments?post=15528"}],"wp:featuredmedia":[{"embeddable":true,"href":"https:\/\/lkkk.ee\/pood\/wp-json\/wp\/v2\/media\/15529"}],"wp:attachment":[{"href":"https:\/\/lkkk.ee\/pood\/wp-json\/wp\/v2\/media?parent=15528"}],"wp:term":[{"taxonomy":"product_brand","embeddable":true,"href":"https:\/\/lkkk.ee\/pood\/wp-json\/wp\/v2\/product_brand?post=15528"},{"taxonomy":"product_cat","embeddable":true,"href":"https:\/\/lkkk.ee\/pood\/wp-json\/wp\/v2\/product_cat?post=15528"},{"taxonomy":"product_tag","embeddable":true,"href":"https:\/\/lkkk.ee\/pood\/wp-json\/wp\/v2\/product_tag?post=15528"}],"curies":[{"name":"wp","href":"https:\/\/api.w.org\/{rel}","templated":true}]}}