{"id":15512,"date":"2024-09-18T18:38:13","date_gmt":"2024-09-18T18:38:13","guid":{"rendered":"https:\/\/lkkk.ee\/pood\/?post_type=product&#038;p=15512"},"modified":"2024-10-15T16:55:21","modified_gmt":"2024-10-15T16:55:21","slug":"rokkivad-detektiivid-2","status":"publish","type":"product","link":"https:\/\/lkkk.ee\/pood\/product\/rokkivad-detektiivid-2\/","title":{"rendered":"Rokkivad detektiivid"},"content":{"rendered":"<p>Janika Sillamaa krimimuusikal nooremale koolieale.<\/p>\n<p>\u00dchel p\u00e4eval hakkavad koolist kaduma pillid ning lapsed otsustavad ise uurimise enda k\u00e4tte v\u00f5tta. Kattevarjuks moodustatakse kaks b\u00e4ndi, \u00fcks t\u00fcdrukute ja teine poiste oma, et siis \u201eharjutamise\u201d sildi all koolis koos k\u00e4ia ja omapead tegutseda. K\u00f5ik l\u00f5ppeb \u00f5nnelikult \u2013 pillid j\u00f5uavad koju tagasi ja suure \u201eharjutamise\u201d tulemusel saab ka mitu laulu selgeks. Erinevad p\u00f5lvkonnad saavad l\u00f5puks aru, et armastus muusika vastu ei k\u00fcsi vanust.<\/p>\n<p>Lugu on nagu elust enesest \u2013 muusikakool, \u00fclemeelikud \u00f5pilased, erineva karakteriga \u00f5psid, turtsuv koristaja, pead vangutav garderoobionu ning kaunishingest direktriss.<\/p>\n<p>Fonogrammid m\u00e4ngitud muusikute Kalle Pilli (kitarr), Rain R\u00e4mmal(klahvpilid), Janno Trump (basskitarr), Karl Johan Kullerkupp (l\u00f6\u00f6kpillid) poolt Studio 89-s,<\/p>\n<p>Helire\u017eiss\u00f6\u00f6r Franck Reisner.<br \/>\nLaulud salvestanud ja miksinud Andrus Muuga<br \/>\nLaulnud Kaari Sillamaa Kaunite Kunstide Kooli \u00f5pilased<br \/>\nMastering Koit Saarm\u00e4e, CD kujundus Andrus Muuga. Plaaditr\u00fckk Matrix Stuudio<br \/>\nRaamatu kujundus Andrus Muuga, tr\u00fckitud tr\u00fckikojas Vali Press<\/p>\n","protected":false},"excerpt":{"rendered":"<p>Janika Sillamaa krimimuusikal nooremale koolieale. \u00dchel p\u00e4eval hakkavad koolist kaduma pillid ning lapsed otsustavad ise uurimise enda k\u00e4tte v\u00f5tta. Kattevarjuks moodustatakse kaks b\u00e4ndi, \u00fcks t\u00fcdrukute ja teine poiste oma, et&#8230;<\/p>\n","protected":false},"featured_media":15510,"comment_status":"open","ping_status":"closed","template":"","meta":{"_monsterinsights_skip_tracking":false,"_monsterinsights_sitenote_active":false,"_monsterinsights_sitenote_note":"","_monsterinsights_sitenote_category":0},"product_brand":[],"product_cat":[127],"product_tag":[],"class_list":{"0":"post-15512","1":"product","2":"type-product","3":"status-publish","4":"has-post-thumbnail","6":"product_cat-muusikalid","7":"product_shipping_class-europe","9":"first","10":"instock","11":"shipping-taxable","12":"purchasable","13":"product-type-simple"},"_links":{"self":[{"href":"https:\/\/lkkk.ee\/pood\/wp-json\/wp\/v2\/product\/15512","targetHints":{"allow":["GET"]}}],"collection":[{"href":"https:\/\/lkkk.ee\/pood\/wp-json\/wp\/v2\/product"}],"about":[{"href":"https:\/\/lkkk.ee\/pood\/wp-json\/wp\/v2\/types\/product"}],"replies":[{"embeddable":true,"href":"https:\/\/lkkk.ee\/pood\/wp-json\/wp\/v2\/comments?post=15512"}],"wp:featuredmedia":[{"embeddable":true,"href":"https:\/\/lkkk.ee\/pood\/wp-json\/wp\/v2\/media\/15510"}],"wp:attachment":[{"href":"https:\/\/lkkk.ee\/pood\/wp-json\/wp\/v2\/media?parent=15512"}],"wp:term":[{"taxonomy":"product_brand","embeddable":true,"href":"https:\/\/lkkk.ee\/pood\/wp-json\/wp\/v2\/product_brand?post=15512"},{"taxonomy":"product_cat","embeddable":true,"href":"https:\/\/lkkk.ee\/pood\/wp-json\/wp\/v2\/product_cat?post=15512"},{"taxonomy":"product_tag","embeddable":true,"href":"https:\/\/lkkk.ee\/pood\/wp-json\/wp\/v2\/product_tag?post=15512"}],"curies":[{"name":"wp","href":"https:\/\/api.w.org\/{rel}","templated":true}]}}