{"id":15468,"date":"2024-08-19T15:06:46","date_gmt":"2024-08-19T15:06:46","guid":{"rendered":"https:\/\/lkkk.ee\/pood\/?post_type=product&#038;p=15468"},"modified":"2024-08-19T15:06:46","modified_gmt":"2024-08-19T15:06:46","slug":"12-kuud-allalaetav","status":"publish","type":"product","link":"https:\/\/lkkk.ee\/pood\/product\/12-kuud-allalaetav\/","title":{"rendered":"12 Kuud (allalaetav)"},"content":{"rendered":"<p>Muinasjutufilm S. Mar\u0161aki jutustuse j\u00e4rgi<\/p>\n<p>2011<\/p>\n<p>Elasid kord ammusel ajal \u00fches v\u00e4ikeses metsa\u00e4\u00e4rses k\u00fclakeses lesknaine nimega Marfa ja temaga kaks t\u00fctart \u2013 mehest mahaj\u00e4\u00e4nud vaeslaps Vera ja oma silmatera Polja. T\u00fcdrukud olid erinevad nagu \u00f6\u00f6 ja p\u00e4ev \u2026 Siit saabki alguse imep\u00e4rane lugu, kuidas \u00fchele ilms\u00fc\u00fcta inimlapsele ilmutasid end k\u00f5ik 12 kuud korraga!<\/p>\n<p>\u201c12 kuud\u201c \u00a0on \u00fcles v\u00f5etud enamjaolt Muhu saarel, aga ka mandril Tallinna l\u00e4histel ja \u00fcht-teist isegi keset linna.<br \/>\nStsenaarium \u00a0Janika Sillamaa, muusika Janika ja Kaari Sillamaa, lavastaja ja koreograaf Katre Jaani, muusikajuhid Janika Sillamaa ja Hille Savi, kost\u00fc\u00fcmikunstnik Kristel Viksi.<br \/>\nFilmigrupp: Katre Jaani, Virko Veskoja, Kasper Raidam, \u00a0Andrus Muuga, Kaspar Virks, Ken R\u00fc\u00fctel, Joonas Vatter, Franck Reisner.<\/p>\n<p>Peaosades: Linda Maria Varris, Britt-Kathleen Mere, Laura Toomlaid ning Jaan Hansson, Taavet Borovkov, Andri Suga, Anette Maria Kuklane, Egle Suislepp, Anne-Mary L\u00e4ll, Maria Talv, Jaagup Tuisk, Kristiina Sarv, Triin Pirso, Carolina Nellis ja Johanna P\u00f5ldemaa. Ja veel Kirke Tuul, Tristan Filant\u0161uk ja Hugo Luca Tigane<\/p>\n","protected":false},"excerpt":{"rendered":"<p>Muinasjutufilm S. Mar\u0161aki jutustuse j\u00e4rgi 2011 Elasid kord ammusel ajal \u00fches v\u00e4ikeses metsa\u00e4\u00e4rses k\u00fclakeses lesknaine nimega Marfa ja temaga kaks t\u00fctart \u2013 mehest mahaj\u00e4\u00e4nud vaeslaps Vera ja oma silmatera Polja&#8230;.<\/p>\n","protected":false},"featured_media":15193,"comment_status":"open","ping_status":"closed","template":"","meta":{"_monsterinsights_skip_tracking":false,"_monsterinsights_sitenote_active":false,"_monsterinsights_sitenote_note":"","_monsterinsights_sitenote_category":0},"product_brand":[],"product_cat":[129],"product_tag":[],"class_list":{"0":"post-15468","1":"product","2":"type-product","3":"status-publish","4":"has-post-thumbnail","6":"product_cat-allalaetavad","8":"first","9":"instock","10":"downloadable","11":"virtual","12":"purchasable","13":"product-type-simple"},"_links":{"self":[{"href":"https:\/\/lkkk.ee\/pood\/wp-json\/wp\/v2\/product\/15468","targetHints":{"allow":["GET"]}}],"collection":[{"href":"https:\/\/lkkk.ee\/pood\/wp-json\/wp\/v2\/product"}],"about":[{"href":"https:\/\/lkkk.ee\/pood\/wp-json\/wp\/v2\/types\/product"}],"replies":[{"embeddable":true,"href":"https:\/\/lkkk.ee\/pood\/wp-json\/wp\/v2\/comments?post=15468"}],"wp:featuredmedia":[{"embeddable":true,"href":"https:\/\/lkkk.ee\/pood\/wp-json\/wp\/v2\/media\/15193"}],"wp:attachment":[{"href":"https:\/\/lkkk.ee\/pood\/wp-json\/wp\/v2\/media?parent=15468"}],"wp:term":[{"taxonomy":"product_brand","embeddable":true,"href":"https:\/\/lkkk.ee\/pood\/wp-json\/wp\/v2\/product_brand?post=15468"},{"taxonomy":"product_cat","embeddable":true,"href":"https:\/\/lkkk.ee\/pood\/wp-json\/wp\/v2\/product_cat?post=15468"},{"taxonomy":"product_tag","embeddable":true,"href":"https:\/\/lkkk.ee\/pood\/wp-json\/wp\/v2\/product_tag?post=15468"}],"curies":[{"name":"wp","href":"https:\/\/api.w.org\/{rel}","templated":true}]}}