{"id":15459,"date":"2024-08-19T14:50:43","date_gmt":"2024-08-19T14:50:43","guid":{"rendered":"https:\/\/lkkk.ee\/pood\/?post_type=product&#038;p=15459"},"modified":"2024-08-19T14:50:44","modified_gmt":"2024-08-19T14:50:44","slug":"libahunt-allalaetav","status":"publish","type":"product","link":"https:\/\/lkkk.ee\/pood\/product\/libahunt-allalaetav\/","title":{"rendered":"Libahunt (allalaetav)"},"content":{"rendered":"<p>Lavastaja Elle Kull, re\u017eiss\u00f6\u00f6r Katre Jaani, juhtoperaator Virko Veskoja, muusika Kaari Sillamaa ja Franck Reisner.<\/p>\n<p>Lugu toimub Eestimaal m\u00f5nisada aastat tagasi \u2013 ajal, kus oli maad v\u00f5tnud suur n\u00f5idade p\u00fc\u00fcdmine ja nuhtlemine, usuti ka, et osad inimesed libahuntideks k\u00e4ivad \u2013 sellised olid ise\u00e4ranis karistust v\u00e4\u00e4rt.<\/p>\n<p>Kitzbergi \u201eLibahunt\u201c esietendus P\u00e4rnu Endlas 1911 a.<br \/>\nKaunite Kunstide Kooli \u201eLibahunt\u201c on Elle Kulli k\u00e4e all lavale toodud kaks korda \u2013 2002 ja 2010a. 2003a osaleti sellega Prantsusmaal\u00a0 Avignonis, Rahvusvahelisel teatrite Festivalil. Filmis m\u00e4ngib n\u00e4itlejaid nii varasemast kui hilisemast lavastusest.<\/p>\n<p>Peaosades Kertu Raja (Tiina), Janely Uint (Mari), Tauno Tagel (Margus), Tormis Laanisto (Tammaru peremees), Caisa Sell (Tammaru perenaine), Terje Tampere (vanaema), Kaarel Raidam (sulane Jaanus), Annaliise Anvelt, Maria Paavel ja Joonas Sirel (v\u00e4ikesed Tiina, Mari ja Margus)<\/p>\n<p>Teistes osades Kaunite Kunstide Kooli Muusikateatri \u00f5pilased, vilistlased, tantsuansambel Lee noored jt<br \/>\nFilmiv\u00f5tted toimusid Kurgjal, Jakobsoni Talumuuseumis ja selle \u00fcmbruses ning Rocca al Mare Vaba\u00f5humuuseumis.<\/p>\n","protected":false},"excerpt":{"rendered":"<p>Lavastaja Elle Kull, re\u017eiss\u00f6\u00f6r Katre Jaani, juhtoperaator Virko Veskoja, muusika Kaari Sillamaa ja Franck Reisner. Lugu toimub Eestimaal m\u00f5nisada aastat tagasi \u2013 ajal, kus oli maad v\u00f5tnud suur n\u00f5idade p\u00fc\u00fcdmine&#8230;<\/p>\n","protected":false},"featured_media":15200,"comment_status":"open","ping_status":"closed","template":"","meta":{"_monsterinsights_skip_tracking":false,"_monsterinsights_sitenote_active":false,"_monsterinsights_sitenote_note":"","_monsterinsights_sitenote_category":0},"product_brand":[],"product_cat":[129],"product_tag":[],"class_list":{"0":"post-15459","1":"product","2":"type-product","3":"status-publish","4":"has-post-thumbnail","6":"product_cat-allalaetavad","8":"first","9":"instock","10":"downloadable","11":"virtual","12":"purchasable","13":"product-type-simple"},"_links":{"self":[{"href":"https:\/\/lkkk.ee\/pood\/wp-json\/wp\/v2\/product\/15459","targetHints":{"allow":["GET"]}}],"collection":[{"href":"https:\/\/lkkk.ee\/pood\/wp-json\/wp\/v2\/product"}],"about":[{"href":"https:\/\/lkkk.ee\/pood\/wp-json\/wp\/v2\/types\/product"}],"replies":[{"embeddable":true,"href":"https:\/\/lkkk.ee\/pood\/wp-json\/wp\/v2\/comments?post=15459"}],"wp:featuredmedia":[{"embeddable":true,"href":"https:\/\/lkkk.ee\/pood\/wp-json\/wp\/v2\/media\/15200"}],"wp:attachment":[{"href":"https:\/\/lkkk.ee\/pood\/wp-json\/wp\/v2\/media?parent=15459"}],"wp:term":[{"taxonomy":"product_brand","embeddable":true,"href":"https:\/\/lkkk.ee\/pood\/wp-json\/wp\/v2\/product_brand?post=15459"},{"taxonomy":"product_cat","embeddable":true,"href":"https:\/\/lkkk.ee\/pood\/wp-json\/wp\/v2\/product_cat?post=15459"},{"taxonomy":"product_tag","embeddable":true,"href":"https:\/\/lkkk.ee\/pood\/wp-json\/wp\/v2\/product_tag?post=15459"}],"curies":[{"name":"wp","href":"https:\/\/api.w.org\/{rel}","templated":true}]}}