{"id":15457,"date":"2024-08-19T14:46:20","date_gmt":"2024-08-19T14:46:20","guid":{"rendered":"https:\/\/lkkk.ee\/pood\/?post_type=product&#038;p=15457"},"modified":"2024-08-25T08:52:24","modified_gmt":"2024-08-25T08:52:24","slug":"rapuntsel-allalaetav","status":"publish","type":"product","link":"https:\/\/lkkk.ee\/pood\/product\/rapuntsel-allalaetav\/","title":{"rendered":"Rapuntsel (allalaetav)"},"content":{"rendered":"<p>Mudilasfilm vendade Grimmide muinasjutu j\u00e4rgi<\/p>\n<p>2014<\/p>\n<p>2012 a. tuli lavale Kaunite-kooli Mudilasteatri etendus \u201eRapuntsel\u201c, mille esitas toonane 8-liikmeline trupp. Lugu tuli armas v\u00e4lja ja seep\u00e4rast otsustati teha kooli ajaloos esimene n\u00f6 \u201emudilasfilm\u201d. Valmimisajaks said enamus osat\u00e4itjatest juba k\u00fcll koolilapsed, kuid et m\u00e4ngur\u00f5\u00f5mu ka rohkematele pakkuda ja asi v\u00e4rvilisem oleks, v\u00f5eti n\u00f5idadena kaasa m\u00e4ngima juba uued mudilased ja ka paar suuremat t\u00fcdrukut. V\u00f5tted toimusid Rocca al Mare Vaba\u00f5humuuseumis, Paksu Margareta tornis ja ka Salme Kultuurikeskuse ruumides.<\/p>\n<p>V\u00f5ttegrupp koosnes t\u00e4ienisti Kaunite-kooli kasvandikest \u2013 Kasper Raidam, Johann Ortin \u00d5un, Andrus Muuga jt., fonogrammide ja stuudioga aitas Franck Reisner. Autor ja lavastaja Kaari Sillamaa.<\/p>\n<p>Nimiosas Maria Paavel, teistes suuremates osades Joonas Segaert, Viona Vipper, Anders Patrick Takkis, Annikki Lugenberg, Leho K\u00e4rner, Lorelai Kreis ja Cariina Isabella Aljas<\/p>\n","protected":false},"excerpt":{"rendered":"<p>Mudilasfilm vendade Grimmide muinasjutu j\u00e4rgi 2014 2012 a. tuli lavale Kaunite-kooli Mudilasteatri etendus \u201eRapuntsel\u201c, mille esitas toonane 8-liikmeline trupp. Lugu tuli armas v\u00e4lja ja seep\u00e4rast otsustati teha kooli ajaloos esimene&#8230;<\/p>\n","protected":false},"featured_media":15210,"comment_status":"open","ping_status":"closed","template":"","meta":{"_monsterinsights_skip_tracking":false,"_monsterinsights_sitenote_active":false,"_monsterinsights_sitenote_note":"","_monsterinsights_sitenote_category":0},"product_brand":[],"product_cat":[129],"product_tag":[],"class_list":{"0":"post-15457","1":"product","2":"type-product","3":"status-publish","4":"has-post-thumbnail","6":"product_cat-allalaetavad","8":"first","9":"instock","10":"downloadable","11":"virtual","12":"purchasable","13":"product-type-simple"},"_links":{"self":[{"href":"https:\/\/lkkk.ee\/pood\/wp-json\/wp\/v2\/product\/15457","targetHints":{"allow":["GET"]}}],"collection":[{"href":"https:\/\/lkkk.ee\/pood\/wp-json\/wp\/v2\/product"}],"about":[{"href":"https:\/\/lkkk.ee\/pood\/wp-json\/wp\/v2\/types\/product"}],"replies":[{"embeddable":true,"href":"https:\/\/lkkk.ee\/pood\/wp-json\/wp\/v2\/comments?post=15457"}],"wp:featuredmedia":[{"embeddable":true,"href":"https:\/\/lkkk.ee\/pood\/wp-json\/wp\/v2\/media\/15210"}],"wp:attachment":[{"href":"https:\/\/lkkk.ee\/pood\/wp-json\/wp\/v2\/media?parent=15457"}],"wp:term":[{"taxonomy":"product_brand","embeddable":true,"href":"https:\/\/lkkk.ee\/pood\/wp-json\/wp\/v2\/product_brand?post=15457"},{"taxonomy":"product_cat","embeddable":true,"href":"https:\/\/lkkk.ee\/pood\/wp-json\/wp\/v2\/product_cat?post=15457"},{"taxonomy":"product_tag","embeddable":true,"href":"https:\/\/lkkk.ee\/pood\/wp-json\/wp\/v2\/product_tag?post=15457"}],"curies":[{"name":"wp","href":"https:\/\/api.w.org\/{rel}","templated":true}]}}