{"id":15456,"date":"2024-08-19T14:45:00","date_gmt":"2024-08-19T14:45:00","guid":{"rendered":"https:\/\/lkkk.ee\/pood\/?post_type=product&#038;p=15456"},"modified":"2024-08-19T14:45:00","modified_gmt":"2024-08-19T14:45:00","slug":"merineitsi-allalaetav","status":"publish","type":"product","link":"https:\/\/lkkk.ee\/pood\/product\/merineitsi-allalaetav\/","title":{"rendered":"Merineitsi (allalaetav)"},"content":{"rendered":"<p>Veemuusikal-film H.Chr. Anderseni muinasjutu j\u00e4rgi.<\/p>\n<p>2007<\/p>\n<p>Lugu suurest ja tavatust armastusest, mis p\u00f6\u00f6ras pea peale mitmete kuningriikide suhted nii meres kui maismaal ning ajas vussi ka meren\u00f5ia kurjad plaanid.<\/p>\n<p>Filmiv\u00f5tted toimusid Padise kloostris,Vasalemma lossis ja selle kaunis pargis, samuti vees, vee \u00e4\u00e4res ja paadisillal.<\/p>\n<p>Stsenaarium ja muusika Kaari Sillamaa, lavastaja-koreograaf Katre Jaani, muusikajuht Ele Millistfer.<br \/>\nRe\u017eiss\u00f6\u00f6r Heiki Sepp.<br \/>\nV\u00f5ttegrupp ja montaa\u017e: Heiki Sepp, Katre Jaani, Kaari Sillamaa, Magnus Suitso, Peep Plakso, J\u00fcri Soo\u00e4\u00e4r, Ago Peimann, Andrus Muuga, Roman Puiestik.<\/p>\n<p>Nimiosas Mirjam Marjatta Olesk<br \/>\nTeistes osades Anette Maria Kuklane, Ada Marie Raud, Laura Kukk, Kaarel Raidam, Edith Hermann, Anne-Mary L\u00e4ll, Brey Velberg, Hille Savi, Gerda Lukkonen, Kerstin Kaints, Kertu Raja, Hendrik Savest, Raivo Loo, Keidi Vatter, Nois Niin<\/p>\n","protected":false},"excerpt":{"rendered":"<p>Veemuusikal-film H.Chr. Anderseni muinasjutu j\u00e4rgi. 2007 Lugu suurest ja tavatust armastusest, mis p\u00f6\u00f6ras pea peale mitmete kuningriikide suhted nii meres kui maismaal ning ajas vussi ka meren\u00f5ia kurjad plaanid. Filmiv\u00f5tted&#8230;<\/p>\n","protected":false},"featured_media":15204,"comment_status":"open","ping_status":"closed","template":"","meta":{"_monsterinsights_skip_tracking":false,"_monsterinsights_sitenote_active":false,"_monsterinsights_sitenote_note":"","_monsterinsights_sitenote_category":0},"product_brand":[],"product_cat":[129],"product_tag":[],"class_list":{"0":"post-15456","1":"product","2":"type-product","3":"status-publish","4":"has-post-thumbnail","6":"product_cat-allalaetavad","8":"first","9":"instock","10":"downloadable","11":"virtual","12":"purchasable","13":"product-type-simple"},"_links":{"self":[{"href":"https:\/\/lkkk.ee\/pood\/wp-json\/wp\/v2\/product\/15456","targetHints":{"allow":["GET"]}}],"collection":[{"href":"https:\/\/lkkk.ee\/pood\/wp-json\/wp\/v2\/product"}],"about":[{"href":"https:\/\/lkkk.ee\/pood\/wp-json\/wp\/v2\/types\/product"}],"replies":[{"embeddable":true,"href":"https:\/\/lkkk.ee\/pood\/wp-json\/wp\/v2\/comments?post=15456"}],"wp:featuredmedia":[{"embeddable":true,"href":"https:\/\/lkkk.ee\/pood\/wp-json\/wp\/v2\/media\/15204"}],"wp:attachment":[{"href":"https:\/\/lkkk.ee\/pood\/wp-json\/wp\/v2\/media?parent=15456"}],"wp:term":[{"taxonomy":"product_brand","embeddable":true,"href":"https:\/\/lkkk.ee\/pood\/wp-json\/wp\/v2\/product_brand?post=15456"},{"taxonomy":"product_cat","embeddable":true,"href":"https:\/\/lkkk.ee\/pood\/wp-json\/wp\/v2\/product_cat?post=15456"},{"taxonomy":"product_tag","embeddable":true,"href":"https:\/\/lkkk.ee\/pood\/wp-json\/wp\/v2\/product_tag?post=15456"}],"curies":[{"name":"wp","href":"https:\/\/api.w.org\/{rel}","templated":true}]}}