{"id":15449,"date":"2024-08-19T14:13:59","date_gmt":"2024-08-19T14:13:59","guid":{"rendered":"https:\/\/lkkk.ee\/pood\/?post_type=product&#038;p=15449"},"modified":"2024-08-19T14:13:59","modified_gmt":"2024-08-19T14:13:59","slug":"mullersonid-i-ainus-sugulane-allalaetav","status":"publish","type":"product","link":"https:\/\/lkkk.ee\/pood\/product\/mullersonid-i-ainus-sugulane-allalaetav\/","title":{"rendered":"M\u00fcllersonid I: Ainus sugulane (allalaetav)"},"content":{"rendered":"<p>Koguperefilm\u00a0Kaari Sillamaa M\u00fcllersonide saaga 1. raamatu j\u00e4rgi.<\/p>\n<p>2001<\/p>\n<p>Lugu viib meid tagasi aastasse 1900 v\u00e4ikesesse Saksamaa linnakesse, mille k\u00fclje all asub vana M\u00fcllersonide m\u00f5is. M\u00f5isas kasvamas seitse orvuks j\u00e4\u00e4nud last, kes ootavad pikisilmi salap\u00e4rast sugulast, kes neid kiusliku majapidajanna Lonni-muti k\u00e4est p\u00e4\u00e4staks. Ja samal ajal tuleb linna tsirkus\u2026.<br \/>\nNaljakate ja kurbade s\u00fcndmuste virr-varr, kus troonivad seisustevahelised keelatud suhted, kasuahnus, kadedus, ohvrimeelsus, s\u00f5prus ja ka esimene armastus.<br \/>\nFilm v\u00e4ndati Muhumaal P\u00e4daste m\u00f5isas, Tihuse Turismitalu \u00e4\u00e4rsetel maanteedel, kaunites talu\u00f5uedes ja kohaliku kiriku maadel.<\/p>\n<p>Stsenaarium ja muusika Kaari Sillamaa, kunstnikud Helge Uuetoa ja Mari-Leen Peep, liikumine Iren Voites, muusikajuht Janika Sillamaa<br \/>\nRe\u017eiss\u00f6\u00f6r Kalev Lepik<br \/>\nV\u00f5ttegrupp: Kalev Lepik, Peeter Tungal, Magnus Suitso, Henn Liiva. Montaa\u017e \u2013 Aivar M\u00fc\u00fcr<\/p>\n<p>Peaosades: Getter Raidam, Margit Noormets, Kathleen Palts, Laura Kukk, Paula Viidu, Kadri-Riin Lillak, Vidrik-Jaan Korp, Meeli Hein, Mihkel ja Martin Tamm, Franck Reisner, Ats Raigla, Otto Link. Veel kesksetes osades Terje Tampere, Silvo Link, Laura P\u00f5ldma, Kateriin Avarmaa, Johanna Vahuri.<\/p>\n","protected":false},"excerpt":{"rendered":"<p>Koguperefilm\u00a0Kaari Sillamaa M\u00fcllersonide saaga 1. raamatu j\u00e4rgi. 2001 Lugu viib meid tagasi aastasse 1900 v\u00e4ikesesse Saksamaa linnakesse, mille k\u00fclje all asub vana M\u00fcllersonide m\u00f5is. M\u00f5isas kasvamas seitse orvuks j\u00e4\u00e4nud last,&#8230;<\/p>\n","protected":false},"featured_media":15207,"comment_status":"open","ping_status":"closed","template":"","meta":{"_monsterinsights_skip_tracking":false,"_monsterinsights_sitenote_active":false,"_monsterinsights_sitenote_note":"","_monsterinsights_sitenote_category":0},"product_brand":[],"product_cat":[129],"product_tag":[],"class_list":{"0":"post-15449","1":"product","2":"type-product","3":"status-publish","4":"has-post-thumbnail","6":"product_cat-allalaetavad","8":"first","9":"instock","10":"downloadable","11":"virtual","12":"purchasable","13":"product-type-simple"},"_links":{"self":[{"href":"https:\/\/lkkk.ee\/pood\/wp-json\/wp\/v2\/product\/15449","targetHints":{"allow":["GET"]}}],"collection":[{"href":"https:\/\/lkkk.ee\/pood\/wp-json\/wp\/v2\/product"}],"about":[{"href":"https:\/\/lkkk.ee\/pood\/wp-json\/wp\/v2\/types\/product"}],"replies":[{"embeddable":true,"href":"https:\/\/lkkk.ee\/pood\/wp-json\/wp\/v2\/comments?post=15449"}],"wp:featuredmedia":[{"embeddable":true,"href":"https:\/\/lkkk.ee\/pood\/wp-json\/wp\/v2\/media\/15207"}],"wp:attachment":[{"href":"https:\/\/lkkk.ee\/pood\/wp-json\/wp\/v2\/media?parent=15449"}],"wp:term":[{"taxonomy":"product_brand","embeddable":true,"href":"https:\/\/lkkk.ee\/pood\/wp-json\/wp\/v2\/product_brand?post=15449"},{"taxonomy":"product_cat","embeddable":true,"href":"https:\/\/lkkk.ee\/pood\/wp-json\/wp\/v2\/product_cat?post=15449"},{"taxonomy":"product_tag","embeddable":true,"href":"https:\/\/lkkk.ee\/pood\/wp-json\/wp\/v2\/product_tag?post=15449"}],"curies":[{"name":"wp","href":"https:\/\/api.w.org\/{rel}","templated":true}]}}