{"id":15447,"date":"2024-08-19T13:57:16","date_gmt":"2024-08-19T13:57:16","guid":{"rendered":"https:\/\/lkkk.ee\/pood\/?post_type=product&#038;p=15447"},"modified":"2024-08-19T13:57:16","modified_gmt":"2024-08-19T13:57:16","slug":"lumekuninganna-allalaetav","status":"publish","type":"product","link":"https:\/\/lkkk.ee\/pood\/product\/lumekuninganna-allalaetav\/","title":{"rendered":"Lumekuninganna (allalaetav)"},"content":{"rendered":"<p>Vana hea Lumekuninganna muinasjutt, kus on suursugune m\u00fcstiline naine ja ennastohverdav ning siiras t\u00fcdruk. Ning muidugi noormees.\u00a0 Lugu r\u00e4\u00e4gib armastusest ja teekonnast selleni j\u00f5udmisel. Armastuses ja suhetes on palju erinevaid tahke \u2013 ilu, valu ning rohkelt m\u00f6\u00f6dar\u00e4\u00e4kimisi. Oma teekonnal kohtab Gerda erinevat armastust \u2013 emalikku omanditundest pimestatud (Lilleaia n\u00f5id), allasurutud (printsess Vilma) ning ka s\u00fc\u00fctult romantilist (R\u00f6\u00f6vliplika R\u00fcblik). Lumekuninganna lossi j\u00f5uab sootuks teistsugune t\u00fcdruk, kui teekonda alustades.<\/p>\n<p>Filmiv\u00f5tted toimusid kaunis Puurmani lossis ja selle \u00fcmbruses, P\u00f5ltsamaa Roosiaias, aga ka Tallinna mitmes paigas talvisel ajal<\/p>\n<p>Stsenarist, helilooja, lavastaja ja kunstnik Janika Sillamaa,<br \/>\nFilmigrupp: Janika Sillamaa, Virko Veskoja, Edith Hermann, Franck Reisner, Andrus Muuga, Hille Savi, Mark Oja, Jaagup Tuisk, Johann Ortin \u00d5un, Mihkel J\u00fcri Feld<\/p>\n<p>Peaosades: Violeta Osula, Loora-Eliise Kaarelson ja Johann Ortin \u00d5un. Suuremates rollides veel Janely Uint, Andrus Muuga, Anne-Mary L\u00e4ll, Vivian Avent, Kaarel Orum\u00e4gi, Mark Oja, Kaia-Liisa Kesler, Iris-Maria Rohelpuu, Kaisa Triin Tomak, Laura Toomlaid, Asko-Robert Meola<\/p>\n","protected":false},"excerpt":{"rendered":"<p>Vana hea Lumekuninganna muinasjutt, kus on suursugune m\u00fcstiline naine ja ennastohverdav ning siiras t\u00fcdruk. Ning muidugi noormees.\u00a0 Lugu r\u00e4\u00e4gib armastusest ja teekonnast selleni j\u00f5udmisel. Armastuses ja suhetes on palju erinevaid&#8230;<\/p>\n","protected":false},"featured_media":15202,"comment_status":"open","ping_status":"closed","template":"","meta":{"_monsterinsights_skip_tracking":false,"_monsterinsights_sitenote_active":false,"_monsterinsights_sitenote_note":"","_monsterinsights_sitenote_category":0},"product_brand":[],"product_cat":[129],"product_tag":[],"class_list":{"0":"post-15447","1":"product","2":"type-product","3":"status-publish","4":"has-post-thumbnail","6":"product_cat-allalaetavad","8":"first","9":"instock","10":"downloadable","11":"virtual","12":"purchasable","13":"product-type-simple"},"_links":{"self":[{"href":"https:\/\/lkkk.ee\/pood\/wp-json\/wp\/v2\/product\/15447","targetHints":{"allow":["GET"]}}],"collection":[{"href":"https:\/\/lkkk.ee\/pood\/wp-json\/wp\/v2\/product"}],"about":[{"href":"https:\/\/lkkk.ee\/pood\/wp-json\/wp\/v2\/types\/product"}],"replies":[{"embeddable":true,"href":"https:\/\/lkkk.ee\/pood\/wp-json\/wp\/v2\/comments?post=15447"}],"wp:featuredmedia":[{"embeddable":true,"href":"https:\/\/lkkk.ee\/pood\/wp-json\/wp\/v2\/media\/15202"}],"wp:attachment":[{"href":"https:\/\/lkkk.ee\/pood\/wp-json\/wp\/v2\/media?parent=15447"}],"wp:term":[{"taxonomy":"product_brand","embeddable":true,"href":"https:\/\/lkkk.ee\/pood\/wp-json\/wp\/v2\/product_brand?post=15447"},{"taxonomy":"product_cat","embeddable":true,"href":"https:\/\/lkkk.ee\/pood\/wp-json\/wp\/v2\/product_cat?post=15447"},{"taxonomy":"product_tag","embeddable":true,"href":"https:\/\/lkkk.ee\/pood\/wp-json\/wp\/v2\/product_tag?post=15447"}],"curies":[{"name":"wp","href":"https:\/\/api.w.org\/{rel}","templated":true}]}}