{"id":15446,"date":"2024-08-19T13:55:14","date_gmt":"2024-08-19T13:55:14","guid":{"rendered":"https:\/\/lkkk.ee\/pood\/?post_type=product&#038;p=15446"},"modified":"2024-08-19T13:55:14","modified_gmt":"2024-08-19T13:55:14","slug":"suurte-tunnete-suvi-allalaetav","status":"publish","type":"product","link":"https:\/\/lkkk.ee\/pood\/product\/suurte-tunnete-suvi-allalaetav\/","title":{"rendered":"Suurte tunnete suvi (allalaetav)"},"content":{"rendered":"<p>Koguperefilm<\/p>\n<p>2013<\/p>\n<p>T\u00e4nap\u00e4eva koolit\u00fcdruk Stella leiab vana raamatu, milles toimuvad s\u00fcndmused oleks justkui tema elust, ainult et vanas ajas. Nii avaneb meeleolukas suvine pilt 19.saj. k\u00fclaelust, kus \u00fchiselt probleeme p\u00fc\u00fctakse lahendada, olgu need siis vargused v\u00f5i l\u00e4hedusse laagri p\u00fcsti l\u00f6\u00f6nud mustlased. K\u00f5igi ja k\u00f5ige liikumapanevaks j\u00f5uks on aga v\u00e4\u00e4ramatult suured tunded.<br \/>\nV\u00f5tted toimusid Ruilas \u2013 m\u00f5isamajas ja pargis, m\u00e4ngisid igas suuruses muusika- ja teatrilapsed, \u00f5petajad, mitmed lapsevanemad ja isegi valla- ja k\u00fclavanemad!<\/p>\n<p>Stsenarist Kaari Sillamaa, muusika Franck Reisner ja Kaari Sillamaa<br \/>\nLavastaja Katre Jaani<br \/>\nKunstiline konsultant Helen Ehandi<br \/>\nV\u00f5ttegrupp ja montaa\u017e: Katre Jaani, Virko Veskoja, Kasper Raidam, Andrus Muuga, Edith Hermann, Franck Reisner, Ken R\u00fc\u00fctel, Joonas Vatter jt.<br \/>\nPeaosas Carolina Nellis, teistes suuremates rollides Johann Ortin \u00d5un, Virko Veskoja, Kelly Ranne, Marleen Vitsut, Doris Vahtra, Eliis Rebane, Cariina Isabella Aljas, Kaarel Raidam, Violeta Osula, Hille Savi, Sulev V\u00f5rno, Vivian Avent, Egle Suislepp, Enn Karu, Katre Jaani, Janika Sillamaa, Taavet Borovkov jt.<\/p>\n","protected":false},"excerpt":{"rendered":"<p>Koguperefilm 2013 T\u00e4nap\u00e4eva koolit\u00fcdruk Stella leiab vana raamatu, milles toimuvad s\u00fcndmused oleks justkui tema elust, ainult et vanas ajas. Nii avaneb meeleolukas suvine pilt 19.saj. k\u00fclaelust, kus \u00fchiselt probleeme p\u00fc\u00fctakse&#8230;<\/p>\n","protected":false},"featured_media":15212,"comment_status":"open","ping_status":"closed","template":"","meta":{"_monsterinsights_skip_tracking":false,"_monsterinsights_sitenote_active":false,"_monsterinsights_sitenote_note":"","_monsterinsights_sitenote_category":0},"product_brand":[],"product_cat":[129],"product_tag":[],"class_list":{"0":"post-15446","1":"product","2":"type-product","3":"status-publish","4":"has-post-thumbnail","6":"product_cat-allalaetavad","8":"first","9":"instock","10":"downloadable","11":"virtual","12":"purchasable","13":"product-type-simple"},"_links":{"self":[{"href":"https:\/\/lkkk.ee\/pood\/wp-json\/wp\/v2\/product\/15446","targetHints":{"allow":["GET"]}}],"collection":[{"href":"https:\/\/lkkk.ee\/pood\/wp-json\/wp\/v2\/product"}],"about":[{"href":"https:\/\/lkkk.ee\/pood\/wp-json\/wp\/v2\/types\/product"}],"replies":[{"embeddable":true,"href":"https:\/\/lkkk.ee\/pood\/wp-json\/wp\/v2\/comments?post=15446"}],"wp:featuredmedia":[{"embeddable":true,"href":"https:\/\/lkkk.ee\/pood\/wp-json\/wp\/v2\/media\/15212"}],"wp:attachment":[{"href":"https:\/\/lkkk.ee\/pood\/wp-json\/wp\/v2\/media?parent=15446"}],"wp:term":[{"taxonomy":"product_brand","embeddable":true,"href":"https:\/\/lkkk.ee\/pood\/wp-json\/wp\/v2\/product_brand?post=15446"},{"taxonomy":"product_cat","embeddable":true,"href":"https:\/\/lkkk.ee\/pood\/wp-json\/wp\/v2\/product_cat?post=15446"},{"taxonomy":"product_tag","embeddable":true,"href":"https:\/\/lkkk.ee\/pood\/wp-json\/wp\/v2\/product_tag?post=15446"}],"curies":[{"name":"wp","href":"https:\/\/api.w.org\/{rel}","templated":true}]}}