{"id":15445,"date":"2024-08-19T13:53:14","date_gmt":"2024-08-19T13:53:14","guid":{"rendered":"https:\/\/lkkk.ee\/pood\/?post_type=product&#038;p=15445"},"modified":"2024-08-19T13:54:39","modified_gmt":"2024-08-19T13:54:39","slug":"ettevaatust-tulnukate-kula-2","status":"publish","type":"product","link":"https:\/\/lkkk.ee\/pood\/product\/ettevaatust-tulnukate-kula-2\/","title":{"rendered":"Ettevaatust Tulnukate k\u00fcla (allalaetav)"},"content":{"rendered":"<p>Koomiline lugu m\u00f5tlemapanevatest asjadest<\/p>\n<p>Ufoloogiahuviline noormees Johannes T\u00e4hemeri hakkab \u00fcht\u00e4kki n\u00e4gema imelikke unen\u00e4gusid \u2013 et teda k\u00fclastab kaunis sinisenahaline neiu Una kaugelt tundmatult planeedilt. V\u00e4he sellest \u2013 ka n\u00e4eb ta \u00fchel \u00f6\u00f6l tulnukalaeva maandumist kodukoha parki, mispeale tekib tal m\u00f5te teha oma imelistest unen\u00e4gudest ja n\u00e4gemustest film, kuhu otsustab n\u00e4itlejateks kutsuda oma ufoloogiaringi \u00f5pilased Tallinnast ja ka kohalikke lapsi, samuti paar t\u00fctarlast, kel teleseriaalides osalemise kogemus. Filmilaager tekitab elevust nii tegijates endis kui kohalikus linnavalitsuses ja ega ajakirjanikudki maga! Suures filmitegemise tuhinas ei pane asjaosalised t\u00e4helegi, kuidas Johannese n\u00e4gemused hakkavad t\u00f5eks saama.<br \/>\nFilmitud 2015a suvel V\u00e4ndras, lisaks m\u00f5ned v\u00f5tted ka Tallinnas Salme KK-s<\/p>\n<p>Autor Kaari Sillamaa<br \/>\nRe\u017eiss\u00f6\u00f6r Katre Jaani<br \/>\nOperaator Virko Veskoja, abilised Johann Ortin \u00d5un ja Jaagup Tuisk<br \/>\nHeli Andrus Muuga, abi Franck Reisner<br \/>\nValgus Jana N\u00f5mm<br \/>\nPeaosas Kaarel Orum\u00e4gi, lisaks veel ligi 70 Kaunite-\u00f5pilast ja \u00f5petajat<\/p>\n","protected":false},"excerpt":{"rendered":"<p>Koomiline lugu m\u00f5tlemapanevatest asjadest Ufoloogiahuviline noormees Johannes T\u00e4hemeri hakkab \u00fcht\u00e4kki n\u00e4gema imelikke unen\u00e4gusid \u2013 et teda k\u00fclastab kaunis sinisenahaline neiu Una kaugelt tundmatult planeedilt. V\u00e4he sellest \u2013 ka n\u00e4eb ta&#8230;<\/p>\n","protected":false},"featured_media":15196,"comment_status":"open","ping_status":"closed","template":"","meta":{"_monsterinsights_skip_tracking":false,"_monsterinsights_sitenote_active":false,"_monsterinsights_sitenote_note":"","_monsterinsights_sitenote_category":0},"product_brand":[],"product_cat":[129],"product_tag":[],"class_list":{"0":"post-15445","1":"product","2":"type-product","3":"status-publish","4":"has-post-thumbnail","6":"product_cat-allalaetavad","8":"first","9":"instock","10":"downloadable","11":"virtual","12":"purchasable","13":"product-type-simple"},"_links":{"self":[{"href":"https:\/\/lkkk.ee\/pood\/wp-json\/wp\/v2\/product\/15445","targetHints":{"allow":["GET"]}}],"collection":[{"href":"https:\/\/lkkk.ee\/pood\/wp-json\/wp\/v2\/product"}],"about":[{"href":"https:\/\/lkkk.ee\/pood\/wp-json\/wp\/v2\/types\/product"}],"replies":[{"embeddable":true,"href":"https:\/\/lkkk.ee\/pood\/wp-json\/wp\/v2\/comments?post=15445"}],"wp:featuredmedia":[{"embeddable":true,"href":"https:\/\/lkkk.ee\/pood\/wp-json\/wp\/v2\/media\/15196"}],"wp:attachment":[{"href":"https:\/\/lkkk.ee\/pood\/wp-json\/wp\/v2\/media?parent=15445"}],"wp:term":[{"taxonomy":"product_brand","embeddable":true,"href":"https:\/\/lkkk.ee\/pood\/wp-json\/wp\/v2\/product_brand?post=15445"},{"taxonomy":"product_cat","embeddable":true,"href":"https:\/\/lkkk.ee\/pood\/wp-json\/wp\/v2\/product_cat?post=15445"},{"taxonomy":"product_tag","embeddable":true,"href":"https:\/\/lkkk.ee\/pood\/wp-json\/wp\/v2\/product_tag?post=15445"}],"curies":[{"name":"wp","href":"https:\/\/api.w.org\/{rel}","templated":true}]}}