{"id":15442,"date":"2024-08-19T13:47:32","date_gmt":"2024-08-19T13:47:32","guid":{"rendered":"https:\/\/lkkk.ee\/pood\/?post_type=product&#038;p=15442"},"modified":"2024-08-19T13:47:55","modified_gmt":"2024-08-19T13:47:55","slug":"puujala-ja-ukssilma-soda-allalaetav","status":"publish","type":"product","link":"https:\/\/lkkk.ee\/pood\/product\/puujala-ja-ukssilma-soda-allalaetav\/","title":{"rendered":"Puujala ja \u00dckssilma s\u00f5da (allalaetav)"},"content":{"rendered":"<p>Misp\u00e4rast s\u00f5da puhkes? Eks ikka seep\u00e4rast, et omavahel ei saadud muidu selgeks, kummad on kangemad, targemad, osavamad, tugevamad, ilusamad, kavalamad ja paremad \u2013 kas naised v\u00f5i mehed. Aegade algusest peale on see k\u00fcsimus naiste ja meeste vahel olnud \u2013 pole oluline, mis sajandil, mis maailmajaos, kas metsas, meres, k\u00fclas v\u00f5i linnas ja mis t\u00fcli hetkel kelgi seljas on olnud \u2013 kakelda k\u00f5lbab nii dressip\u00fckstes, \u00f6\u00f6s\u00e4rgis v\u00f5i ka ballikleidis ja frakis, kikilips ees!<\/p>\n<p>Loo autorid Kaari ja Janika Sillamaa, re\u017eiss\u00f6\u00f6r-lavastaja Andrus Muuga (deb\u00fc\u00fct), kunstnik Andre Luurmann, kost\u00fc\u00fcmikunstnik Janika Sillamaa, grimmikunstnik Katre Jaani, muusikajuht Janika Sillamaa, koreograaf Mark Oja, v\u00f5itluskoreograaf Andrus Muuga. V\u00f5ttegrupp \u2013 Andrus Muuga, Virko Veskoja, Mats Kangur, Franck Reisner, Hille Savi, Mia Marleen T\u00f5nis jt.<br \/>\nFilmi n\u00e4itlejad on loomulikult Kaunite Kooli \u00f5pilased, keda on kinolinal kokku 38, nimirollidel Kertu Kango ja Anders-Patrick Takkis.<br \/>\nFilmilaager toimus Salme k\u00fcla l\u00e4histel Tiirimetsas, v\u00f5ttepaigad \u00fcsna samas \u00fcmbruses \u2013 metsas, meres ja elamiskoha juures samuti.<\/p>\n<p>Kummad siis on paremad, \u00e4gedamad, osavamad jne jne \u2013 naised v\u00f5i mehed?<\/p>\n","protected":false},"excerpt":{"rendered":"<p>Misp\u00e4rast s\u00f5da puhkes? Eks ikka seep\u00e4rast, et omavahel ei saadud muidu selgeks, kummad on kangemad, targemad, osavamad, tugevamad, ilusamad, kavalamad ja paremad \u2013 kas naised v\u00f5i mehed. Aegade algusest peale&#8230;<\/p>\n","protected":false},"featured_media":15443,"comment_status":"open","ping_status":"closed","template":"","meta":{"_monsterinsights_skip_tracking":false,"_monsterinsights_sitenote_active":false,"_monsterinsights_sitenote_note":"","_monsterinsights_sitenote_category":0},"product_brand":[],"product_cat":[129],"product_tag":[],"class_list":{"0":"post-15442","1":"product","2":"type-product","3":"status-publish","4":"has-post-thumbnail","6":"product_cat-allalaetavad","8":"first","9":"instock","10":"downloadable","11":"virtual","12":"purchasable","13":"product-type-simple"},"_links":{"self":[{"href":"https:\/\/lkkk.ee\/pood\/wp-json\/wp\/v2\/product\/15442","targetHints":{"allow":["GET"]}}],"collection":[{"href":"https:\/\/lkkk.ee\/pood\/wp-json\/wp\/v2\/product"}],"about":[{"href":"https:\/\/lkkk.ee\/pood\/wp-json\/wp\/v2\/types\/product"}],"replies":[{"embeddable":true,"href":"https:\/\/lkkk.ee\/pood\/wp-json\/wp\/v2\/comments?post=15442"}],"wp:featuredmedia":[{"embeddable":true,"href":"https:\/\/lkkk.ee\/pood\/wp-json\/wp\/v2\/media\/15443"}],"wp:attachment":[{"href":"https:\/\/lkkk.ee\/pood\/wp-json\/wp\/v2\/media?parent=15442"}],"wp:term":[{"taxonomy":"product_brand","embeddable":true,"href":"https:\/\/lkkk.ee\/pood\/wp-json\/wp\/v2\/product_brand?post=15442"},{"taxonomy":"product_cat","embeddable":true,"href":"https:\/\/lkkk.ee\/pood\/wp-json\/wp\/v2\/product_cat?post=15442"},{"taxonomy":"product_tag","embeddable":true,"href":"https:\/\/lkkk.ee\/pood\/wp-json\/wp\/v2\/product_tag?post=15442"}],"curies":[{"name":"wp","href":"https:\/\/api.w.org\/{rel}","templated":true}]}}