{"id":15439,"date":"2024-08-19T13:29:36","date_gmt":"2024-08-19T13:29:36","guid":{"rendered":"https:\/\/lkkk.ee\/pood\/?post_type=product&#038;p=15439"},"modified":"2024-08-19T13:48:03","modified_gmt":"2024-08-19T13:48:03","slug":"karukihv-allalaetav","status":"publish","type":"product","link":"https:\/\/lkkk.ee\/pood\/product\/karukihv-allalaetav\/","title":{"rendered":"Karukihv (allalaetav)"},"content":{"rendered":"<p>Muusikaline \u00fcrgajafilm<\/p>\n<p>2008<\/p>\n<p>Miljon aastat tagasi asustasid \u00fcht maakera metsikut paika kaks vaenutsevat suguharu: Karuk\u00e4pad ja Maokeeled. S\u00f5jak\u00e4igus v\u00f5tavad Karuk\u00e4pad vangi Maokeelte pealiku \u2013 Kavala Kobra \u2013 v\u00e4ikese poja ja ohverdavad ta oma P\u00fchale Karule. Nii saab alguse seikluslugu s\u00f5prusest, armastusest, vihkamisest ja leppimisest.<br \/>\nFilm on v\u00e4ndatud Vasalemma \u00fcmbruse \u00fcrglooduses 2008a. suvel. Selles astub n\u00e4itlejatena \u00fcles 65 lasteaia- ja koolilast vanuses 3-15a.<\/p>\n<p>Stsenaarium ja muusika Kaari ja Janika Sillamaa, lavastus ja liikumine Kee Abel, muusikajuht Ele Millistfer<br \/>\nV\u00f5ttegrupp ja montaa\u017e: Kee Abel, Peep Plakso ja Raivo Loo, Andrus Muuga, Franck Reisner, Janika Sillamaa.<br \/>\nNimiosas Ken R\u00fc\u00fctel, suuremates osades veel Kasper Raidam, Carolin Ligi, Liis Rahnel, Andri Suga, Joonas Vatter, Getter Jaani, Ardo Richter, Laura-Liis Sisask, Kristi P\u00f5ldm\u00e4e jt.<\/p>\n","protected":false},"excerpt":{"rendered":"<p>Muusikaline \u00fcrgajafilm 2008 Miljon aastat tagasi asustasid \u00fcht maakera metsikut paika kaks vaenutsevat suguharu: Karuk\u00e4pad ja Maokeeled. S\u00f5jak\u00e4igus v\u00f5tavad Karuk\u00e4pad vangi Maokeelte pealiku \u2013 Kavala Kobra \u2013 v\u00e4ikese poja ja&#8230;<\/p>\n","protected":false},"featured_media":15197,"comment_status":"open","ping_status":"closed","template":"","meta":{"_monsterinsights_skip_tracking":false,"_monsterinsights_sitenote_active":false,"_monsterinsights_sitenote_note":"","_monsterinsights_sitenote_category":0},"product_brand":[],"product_cat":[129],"product_tag":[],"class_list":{"0":"post-15439","1":"product","2":"type-product","3":"status-publish","4":"has-post-thumbnail","6":"product_cat-allalaetavad","8":"first","9":"instock","10":"downloadable","11":"virtual","12":"purchasable","13":"product-type-simple"},"_links":{"self":[{"href":"https:\/\/lkkk.ee\/pood\/wp-json\/wp\/v2\/product\/15439","targetHints":{"allow":["GET"]}}],"collection":[{"href":"https:\/\/lkkk.ee\/pood\/wp-json\/wp\/v2\/product"}],"about":[{"href":"https:\/\/lkkk.ee\/pood\/wp-json\/wp\/v2\/types\/product"}],"replies":[{"embeddable":true,"href":"https:\/\/lkkk.ee\/pood\/wp-json\/wp\/v2\/comments?post=15439"}],"wp:featuredmedia":[{"embeddable":true,"href":"https:\/\/lkkk.ee\/pood\/wp-json\/wp\/v2\/media\/15197"}],"wp:attachment":[{"href":"https:\/\/lkkk.ee\/pood\/wp-json\/wp\/v2\/media?parent=15439"}],"wp:term":[{"taxonomy":"product_brand","embeddable":true,"href":"https:\/\/lkkk.ee\/pood\/wp-json\/wp\/v2\/product_brand?post=15439"},{"taxonomy":"product_cat","embeddable":true,"href":"https:\/\/lkkk.ee\/pood\/wp-json\/wp\/v2\/product_cat?post=15439"},{"taxonomy":"product_tag","embeddable":true,"href":"https:\/\/lkkk.ee\/pood\/wp-json\/wp\/v2\/product_tag?post=15439"}],"curies":[{"name":"wp","href":"https:\/\/api.w.org\/{rel}","templated":true}]}}