{"id":15274,"date":"2024-08-12T20:46:05","date_gmt":"2024-08-12T20:46:05","guid":{"rendered":"https:\/\/lkkk.ee\/pood\/?post_type=product&#038;p=15274"},"modified":"2024-08-25T08:38:42","modified_gmt":"2024-08-25T08:38:42","slug":"rapuntsel-2","status":"publish","type":"product","link":"https:\/\/lkkk.ee\/pood\/product\/rapuntsel-2\/","title":{"rendered":"Rapuntsel"},"content":{"rendered":"<p>Laulum\u00e4nguraamat \u201eRapuntsel\u201d vendade Grimmide muinasjutu j\u00e4rgi.<br \/>\nLibreto ja muusika Kaari Sillamaa, kujundaja Pille Kose.<\/p>\n<p>\u00dches taluperes on perenaine Elisabeth lapseootel ja n\u00e4hes naabri juurviljaaias peenral salateid &#8211; Rapuntsleid, tekib tal nende j\u00e4rele suur isu. Mees Aksel vaidleb k\u00fcll vastu, l\u00e4heb aga l\u00f5puks siiski ja toob naisele neid salateid. Naabrinaine on aga tuntud n\u00f5id, kes n\u00fc\u00fcd peatselt s\u00fcndivat t\u00fctart endale n\u00f5uab \u2013 asja heaks tegema. Kui laps on s\u00fcndinud ja talle on nimeks Rapuntsel pandud, viibki N\u00f5ia-Ella ta kaasa ja vangistab k\u00f5rgesse torni. Et aga Rapuntslil on nii imep\u00e4rased juuksed \u2013 pikad ja kuldse l\u00e4ikega, on tema t\u00f6\u00f6ks oma juustest kuldset l\u00f5nga kedrata, mida Ella siis tornist v\u00e4ljas m\u00fc\u00fcmas k\u00e4ib. Millalgi satub torni l\u00e4hedusse k\u00e4ima prints ja kuulma Rapuntsli laulu. Ka n\u00e4eb ta pealt, kuidas Ella torni all h\u00fc\u00fcab: \u201eRapuntsel, Rapuntsel \u2013 lase oma juuksed alla!\u201c ja kuidas n\u00f5id siis, patsi otsas k\u00f5lkudes \u00fcles t\u00f5mmatakse. Nii saab ka prints \u00fcles torni ja Rapuntsliga tuttavaks. L\u00e4bi igasuguste keerdk\u00e4ikude l\u00f5ppeb k\u00f5ik \u00f5nnelikult ja noored abielluvad.<\/p>\n<p>Kaunite Kunstide Kooli etenduses esitasid \u201eRapuntslit\u201c 6-10-aastased lapsed, seega paras materjal nii lasteaia vanematele r\u00fchmadele kui ka koolide algklasside \u00f5pilastele.<br \/>\nRaamatus libreto, noodid ja fotoillustratsioonid, tagakaane taskus CD laulude ja fonogrammide ja muusikaliste vahek\u00f5llidega, mida lavastaja omal \u00e4ran\u00e4gemisel kasutada saab.<\/p>\n<p>Laulud arran\u017eeerinud Kaari Sillamaa, kaasa aitasid ka k\u00f5ik b\u00e4ndimehed.<\/p>\n<audio class=\"wp-audio-shortcode\" id=\"audio-15274-1\" preload=\"none\" style=\"width: 100%;\" controls=\"controls\"><source type=\"audio\/mpeg\" src=\"https:\/\/lkkk.ee\/pood\/wp-content\/uploads\/2024\/08\/RAPUNTSEL-SAMPLE.mp3?_=1\" \/><a href=\"https:\/\/lkkk.ee\/pood\/wp-content\/uploads\/2024\/08\/RAPUNTSEL-SAMPLE.mp3\">https:\/\/lkkk.ee\/pood\/wp-content\/uploads\/2024\/08\/RAPUNTSEL-SAMPLE.mp3<\/a><\/audio>\n<p><span style=\"font-size: 16px;\">Fonogrammid on salvestatud Studio89-s, stuudiomuusikuteks Mari Liis Vind (fl\u00f6\u00f6t), Merlin Porkma (viiul), Lauri Lehtsaar (klaver), Oliver Mazurt\u0161ak (kitarrid), Kaarel Liiv (bass) ja Karl Helmeste (trummid).\u00a0<\/span><span style=\"font-size: 16px;\">Helire\u017eiss\u00f6\u00f6r Mattias P\u00e4rt ja muusikaline produtsent Franck Reisner.<\/span><\/p>\n","protected":false},"excerpt":{"rendered":"<p>Laulum\u00e4nguraamat \u201eRapuntsel\u201d vendade Grimmide muinasjutu j\u00e4rgi. Libreto ja muusika Kaari Sillamaa, kujundaja Pille Kose. \u00dches taluperes on perenaine Elisabeth lapseootel ja n\u00e4hes naabri juurviljaaias peenral salateid &#8211; Rapuntsleid, tekib tal&#8230;<\/p>\n","protected":false},"featured_media":15295,"comment_status":"closed","ping_status":"closed","template":"","meta":{"_monsterinsights_skip_tracking":false,"_monsterinsights_sitenote_active":false,"_monsterinsights_sitenote_note":"","_monsterinsights_sitenote_category":0},"product_brand":[],"product_cat":[126],"product_tag":[],"class_list":{"0":"post-15274","1":"product","2":"type-product","3":"status-publish","4":"has-post-thumbnail","6":"product_cat-laulumangud","7":"product_shipping_class-europe","9":"first","10":"instock","11":"shipping-taxable","12":"purchasable","13":"product-type-simple"},"_links":{"self":[{"href":"https:\/\/lkkk.ee\/pood\/wp-json\/wp\/v2\/product\/15274","targetHints":{"allow":["GET"]}}],"collection":[{"href":"https:\/\/lkkk.ee\/pood\/wp-json\/wp\/v2\/product"}],"about":[{"href":"https:\/\/lkkk.ee\/pood\/wp-json\/wp\/v2\/types\/product"}],"replies":[{"embeddable":true,"href":"https:\/\/lkkk.ee\/pood\/wp-json\/wp\/v2\/comments?post=15274"}],"wp:featuredmedia":[{"embeddable":true,"href":"https:\/\/lkkk.ee\/pood\/wp-json\/wp\/v2\/media\/15295"}],"wp:attachment":[{"href":"https:\/\/lkkk.ee\/pood\/wp-json\/wp\/v2\/media?parent=15274"}],"wp:term":[{"taxonomy":"product_brand","embeddable":true,"href":"https:\/\/lkkk.ee\/pood\/wp-json\/wp\/v2\/product_brand?post=15274"},{"taxonomy":"product_cat","embeddable":true,"href":"https:\/\/lkkk.ee\/pood\/wp-json\/wp\/v2\/product_cat?post=15274"},{"taxonomy":"product_tag","embeddable":true,"href":"https:\/\/lkkk.ee\/pood\/wp-json\/wp\/v2\/product_tag?post=15274"}],"curies":[{"name":"wp","href":"https:\/\/api.w.org\/{rel}","templated":true}]}}