{"id":15250,"date":"2024-08-12T20:36:56","date_gmt":"2024-08-12T20:36:56","guid":{"rendered":"https:\/\/lkkk.ee\/pood\/?post_type=product&#038;p=15250"},"modified":"2024-10-14T06:47:05","modified_gmt":"2024-10-14T06:47:05","slug":"poial-liisi-2","status":"publish","type":"product","link":"https:\/\/lkkk.ee\/pood\/product\/poial-liisi-2\/","title":{"rendered":"P\u00f6ial-Liisi"},"content":{"rendered":"<p>Raamat libreto, nootide ja CD-ga.<br \/>\nTuntud muinasjutt H. Chr. Anderseni sulest, mis Kaari Sillamaa ja Urmas Lattikase koost\u00f6\u00f6na muusikaliks saanud juba mituk\u00fcmmend aastat tagasi.<\/p>\n<p>Millest jutt:<br \/>\nElas kord naine, kes soovis v\u00e4ga t\u00fctrekest ja oma kurbuses l\u00e4ks ta abi saama N\u00f5ia juurde. N\u00f5id andis Naisele seemne, millest v\u00f5rsus lill, mille \u00f5iest omakorda p\u00f6idlapikkune t\u00fctarlaps &#8211; P\u00f6ial-Liisi.<br \/>\nP\u00f6ial-Liisi leidis s\u00f5pru aias ja metsas, p<\/p>\n<p>Raamatut illustreerivad paljude erinevate lavastuste tegelased &#8211; nende hulgas P\u00f6ial-Liisidena ka<br \/>\nEda Ines Etti ja 8-aastane Janika Sillamaa.<\/p>\n<p>Laulud plaadile on laulnud \u00f5p. Kersti Kuuse pop-laulu \u00f5pilased.<br \/>\nPlaadilt leiate ka m\u00f5ned valikulised fonogrammid.<\/p>\n","protected":false},"excerpt":{"rendered":"<p>Raamat libreto, nootide ja CD-ga. Tuntud muinasjutt H. Chr. Anderseni sulest, mis Kaari Sillamaa ja Urmas Lattikase koost\u00f6\u00f6na muusikaliks saanud juba mituk\u00fcmmend aastat tagasi. Millest jutt: Elas kord naine, kes&#8230;<\/p>\n","protected":false},"featured_media":15293,"comment_status":"closed","ping_status":"closed","template":"","meta":{"_monsterinsights_skip_tracking":false,"_monsterinsights_sitenote_active":false,"_monsterinsights_sitenote_note":"","_monsterinsights_sitenote_category":0},"product_brand":[],"product_cat":[127],"product_tag":[],"class_list":{"0":"post-15250","1":"product","2":"type-product","3":"status-publish","4":"has-post-thumbnail","6":"product_cat-muusikalid","8":"first","9":"outofstock","10":"shipping-taxable","11":"purchasable","12":"product-type-simple"},"_links":{"self":[{"href":"https:\/\/lkkk.ee\/pood\/wp-json\/wp\/v2\/product\/15250","targetHints":{"allow":["GET"]}}],"collection":[{"href":"https:\/\/lkkk.ee\/pood\/wp-json\/wp\/v2\/product"}],"about":[{"href":"https:\/\/lkkk.ee\/pood\/wp-json\/wp\/v2\/types\/product"}],"replies":[{"embeddable":true,"href":"https:\/\/lkkk.ee\/pood\/wp-json\/wp\/v2\/comments?post=15250"}],"wp:featuredmedia":[{"embeddable":true,"href":"https:\/\/lkkk.ee\/pood\/wp-json\/wp\/v2\/media\/15293"}],"wp:attachment":[{"href":"https:\/\/lkkk.ee\/pood\/wp-json\/wp\/v2\/media?parent=15250"}],"wp:term":[{"taxonomy":"product_brand","embeddable":true,"href":"https:\/\/lkkk.ee\/pood\/wp-json\/wp\/v2\/product_brand?post=15250"},{"taxonomy":"product_cat","embeddable":true,"href":"https:\/\/lkkk.ee\/pood\/wp-json\/wp\/v2\/product_cat?post=15250"},{"taxonomy":"product_tag","embeddable":true,"href":"https:\/\/lkkk.ee\/pood\/wp-json\/wp\/v2\/product_tag?post=15250"}],"curies":[{"name":"wp","href":"https:\/\/api.w.org\/{rel}","templated":true}]}}