{"id":15249,"date":"2024-08-12T20:36:56","date_gmt":"2024-08-12T20:36:56","guid":{"rendered":"https:\/\/lkkk.ee\/pood\/?post_type=product&#038;p=15249"},"modified":"2024-08-21T15:22:57","modified_gmt":"2024-08-21T15:22:57","slug":"puujala-ja-ukssilma-soda","status":"publish","type":"product","link":"https:\/\/lkkk.ee\/pood\/product\/puujala-ja-ukssilma-soda\/","title":{"rendered":"Puujala ja \u00dckssilma s\u00f5da"},"content":{"rendered":"<div>Muusikaliraamat koos CD-ga.<\/div>\n<div>Autorid Kaari Sillamaa (lugu, laulud ja laulutekstid) ja Janika Sillamaa (ka m\u00f5ned laulud)<\/div>\n<div>Kujundus Riina Soom, fotod Mart H\u00e4elme<\/div>\n<div>Tr\u00fckitud tr\u00fckikojas Vali Press<\/div>\n<div><\/div>\n<div>Ja siin nad siis on \u2013 r\u00f6\u00f6vlid, nagu r\u00f6\u00f6vlid olema peavad \u2013 mitte kehvemad kui Kariibimere v\u00f5i K\u00f5ril\u00f5ikajate Saare \u00a0omad. P\u00f5hjust s\u00f5japidamiseks on ka k\u00fcllaga &#8211; p\u00f5hik\u00fcsimus, millele vastust otsitakse on aga ajatu ja igavene, sest ega tavainimeste maalgi ei ole leidunud nii tarka teadlast, kes \u00fctleks, et kummad siiski on paremad, targemad, osavamad ja ilusamad &#8211; kas mehed v\u00f5i naised?! Sellest ka meie lugu!<\/div>\n<div><\/div>\n<div>Vaadates raamatu illustratsioone ja\/v\u00f5i lugedes CD-l olevate laulude esitajaid, on kohe selge, millised Eesti muusikakor\u00fcfeed selles muusikalis \u00fcles astusid: peategelaste paar &#8211; Pirjo Levandi ja Antti Kammiste, lisaks muud metsa- ja merer\u00f6\u00f6vlid nagu Ele MIllistfer, Liis Katrin M\u00e4gi, Janika Sillamaa, Mait Maltis, Tanel Saar, Freddy Tomingas jpt. ning k\u00f5igi \u00fcle oma kaitsvaid k\u00e4si sirutav EluTark Silvi Vrait.<\/div>\n<div><\/div>\n<div>Kel n\u00fc\u00fcd juhuslikult t\u00fckk n\u00e4gemata \u00a0j\u00e4\u00e4nud, saab nende kaante vahelt asja selgeks, plaadi pealt muusika \u00a0kuulatud ja m\u00f5ne laulu jagu ka r\u00f6\u00f6vli-karaoket virutatud.<\/div>\n<div>Nii, et HOIRASSAAA<\/div>\n<div><\/div>\n<div>\u201ePuujala ja \u00dckssilma s\u00f5da\u201d laulud.<\/div>\n<div><\/div>\n<ul>\n<li>Ei p\u00e4\u00e4se sa mu k\u00e4est! (Pirjo Levandi, Janika Sillamaa ja Ele Millistfer)<\/li>\n<li>K\u00f5ik on nii vaikne (Hille Savi ja Mari Korma\u0161ov)<\/li>\n<li>Paremal ajal on paremad uned (Mari Korma\u0161ov ja Hendrik Savest)<\/li>\n<li>P\u00f5hjat\u00e4he laul (Meelis L\u00e4tte ja Franck Reisner)<\/li>\n<li>R\u00f6\u00f6vli hing ja r\u00f6\u00f6vli raha (Antti Kammiste)<\/li>\n<li>K\u00f5ik mis kallilt k\u00e4es (Ele Millistfer)<\/li>\n<li>Kui oleks majas mees! (Pirjo Levandi)<\/li>\n<li>Naised \u2013 madude sugu! (autor: Janika Sillamaa) (Antti Kammiste, Freddy Tomingas, Meelis L\u00e4tte, Mait Maltis, Rasmus Erismaa, Franck Reisner ja Hendrik Savest)<\/li>\n<li>\u00d6\u00f6st s\u00fcnnib p\u00e4ev&#8230; (autor: Janika Sillamaa) (Freddy Tomingas)<\/li>\n<li>Raske olla on daam (Katri Topolev, Ele Millistfer, K\u00fcllike Lukkonen, Liis-Katrin M\u00e4gi ja Mari Korma\u0161ov)<\/li>\n<li>Lambakints ja rosinasai (Mait Maltis)<\/li>\n<li>Kui lubab t\u00e4htede seis (Janika Sillamaa ja Freddy Tomingas)<\/li>\n<li>K\u00f5ik sinu s\u00fc\u00fc! (Pirjo Levandi ja Antti Kammiste)<\/li>\n<li>Kui annad andeks&#8230; (Silvi Vrait)<\/li>\n<\/ul>\n<div>CD-l on j\u00e4rgmiste laulude fonogrammid: R\u00f6\u00f6vli hing ja r\u00f6\u00f6vli raha, K\u00f5ik, mis kallilt k\u00e4es, Lambakints ja rosinasai ja Kui annad andeks \u2013 fono<\/div>\n<div><\/div>\n<div>Saateb\u00e4nd: Themuri Sulamanize ja Antti Kammiste (klahvpillid), Roman Timofejev, Erki Sepp ja Raimond Virsa (kitarrid), Raimond Virsa (bass), Liina Amon (trummid).<\/div>\n<div>Salvestatud stuudios Helix. Helire\u017eiss\u00f6\u00f6rid Erki Sepp, Freddy Tomingas, Themuri Sulamanizde.<\/div>\n<div>Mastering ja valmistamine: Koit Saarm\u00e4e \u2013 Matrix Studio<\/div>\n","protected":false},"excerpt":{"rendered":"<p>Muusikaliraamat koos CD-ga. Autorid Kaari Sillamaa (lugu, laulud ja laulutekstid) ja Janika Sillamaa (ka m\u00f5ned laulud) Kujundus Riina Soom, fotod Mart H\u00e4elme Tr\u00fckitud tr\u00fckikojas Vali Press Ja siin nad siis&#8230;<\/p>\n","protected":false},"featured_media":15291,"comment_status":"closed","ping_status":"closed","template":"","meta":{"_monsterinsights_skip_tracking":false,"_monsterinsights_sitenote_active":false,"_monsterinsights_sitenote_note":"","_monsterinsights_sitenote_category":0},"product_brand":[],"product_cat":[127],"product_tag":[],"class_list":{"0":"post-15249","1":"product","2":"type-product","3":"status-publish","4":"has-post-thumbnail","6":"product_cat-muusikalid","8":"first","9":"instock","10":"shipping-taxable","11":"purchasable","12":"product-type-simple"},"_links":{"self":[{"href":"https:\/\/lkkk.ee\/pood\/wp-json\/wp\/v2\/product\/15249","targetHints":{"allow":["GET"]}}],"collection":[{"href":"https:\/\/lkkk.ee\/pood\/wp-json\/wp\/v2\/product"}],"about":[{"href":"https:\/\/lkkk.ee\/pood\/wp-json\/wp\/v2\/types\/product"}],"replies":[{"embeddable":true,"href":"https:\/\/lkkk.ee\/pood\/wp-json\/wp\/v2\/comments?post=15249"}],"wp:featuredmedia":[{"embeddable":true,"href":"https:\/\/lkkk.ee\/pood\/wp-json\/wp\/v2\/media\/15291"}],"wp:attachment":[{"href":"https:\/\/lkkk.ee\/pood\/wp-json\/wp\/v2\/media?parent=15249"}],"wp:term":[{"taxonomy":"product_brand","embeddable":true,"href":"https:\/\/lkkk.ee\/pood\/wp-json\/wp\/v2\/product_brand?post=15249"},{"taxonomy":"product_cat","embeddable":true,"href":"https:\/\/lkkk.ee\/pood\/wp-json\/wp\/v2\/product_cat?post=15249"},{"taxonomy":"product_tag","embeddable":true,"href":"https:\/\/lkkk.ee\/pood\/wp-json\/wp\/v2\/product_tag?post=15249"}],"curies":[{"name":"wp","href":"https:\/\/api.w.org\/{rel}","templated":true}]}}