{"id":15246,"date":"2024-08-12T20:36:56","date_gmt":"2024-08-12T20:36:56","guid":{"rendered":"https:\/\/lkkk.ee\/pood\/?post_type=product&#038;p=15246"},"modified":"2024-08-21T15:22:51","modified_gmt":"2024-08-21T15:22:51","slug":"merineitsi-2","status":"publish","type":"product","link":"https:\/\/lkkk.ee\/pood\/product\/merineitsi-2\/","title":{"rendered":"Merineitsi"},"content":{"rendered":"<p>Muusikaliraamat \u201eMerineitsi\u201c on valminud Hans Christian Anderseni muinasjutu ainetel ja Rakvere Linnuses toimunud suvelavastuse p\u00f5hjal, kus nii tagakaane \u00fcmbrikus CD-l kui ka raamatus piltidena figureerivad Johanna-Elise Kabel (t\u00fcdrukute triost Little Mess) \u2013\u00a0merineitsi, Jaagup Tuisk \u2013 printsi ja Carmel Iris Teikari \u2013 meren\u00f5ia rollis.<\/p>\n<p>\u201eMerineitsi\u201c muusikal \u2013 Hans Christian Anderseni muinasjutu j\u00e4rgi \u2013 sai loodud juba 2005a. ning seda on hiljem neli korda uuesti lavastatud, enne kui see l\u00f5puks kaante vahele sai. Muusikalis on v\u00e4rvikaid karaktereid ja meeleolukaid situatsioone kordi rohkem kui Anderseni muinasjutus, seega on rohkem ka laule nii solistidele, ansamblitele kui kooridele, lisaks r\u00fctmikaid tantsunumbreid.<\/p>\n<p>Millest lugu r\u00e4\u00e4gib?<\/p>\n<p>Keset suurt ookeani seisavad k\u00f5rvuti kolm kaunist saart &#8211; Palmisaar, Udusaar ja Marmorsaar \u2013 igal \u00fchel neist asumas v\u00e4ike kuningriik. Palmisaare valitsejate poeg prints Patrick jalutab aga aina rannas, sest teda on k\u00f6itnud kaunis merineitsi P\u00e4rl\u2026<\/p>\n<p>Samas ookeanis &#8211; mere k\u00f5ige s\u00fcgavamas augus elab aga meren\u00f5id Must M\u00f5rd, kes peab plaani merede valitsejaks saada!<\/p>\n<p>Nii nagu Hans Christian Anderseni loos \u2013 l\u00e4heb ka meie merineitsi n\u00f5ialt abi paluma \u2013 et too teeks talle jalad, nagu inimestel on. Must M\u00f5rd on loomulikult n\u00f5us, aga tingimusel, et P\u00e4rl talle oma h\u00e4\u00e4le vastu annab\u2026<\/p>\n<p>Raamatus libreto, noodid ja tagakaane taskus CD koos k\u00f5igi laulude ja osade fonogrammidega.<\/p>\n<p>Muusikali libreto ja muusika autor on Kaari Sillamaa, muusikalised produtsendid CD valmimisel on Janika Sillamaa, Kaarel Orum\u00e4gi ja Franck Reisner.<br \/>\nKujundaja Pille Kose, kaane kujundaja Andrus Muuga.<br \/>\nRaamat valmis tr\u00fckikojas Vali Press, muusikaline materjal salvestati Studio89-s.<\/p>\n<p>Lisaks Johanna-Elise Kabelile, Jaagup Tuisule ja Carmel Iris Teikarile laulavad CD-l veel paljud Kaunite Kunstide Kooli Muusikateatri \u00f5pilased, vilistlased, \u00f5petajad ja \u00fches loos ka mudilased.<br \/>\nFonogramme m\u00e4ngisid: \u00a0Kaarel Orum\u00e4gi (klahvpillid), Kusti Lemba (kitarrid), Martti Laas (basskitarr), Karl Helmeste (trummid).<\/p>\n<p>Lendkala laulu fonogramm Virgo Jaani (1\/2 Mind O\u00dc)<\/p>\n<p>Seltskonnatants keelpillikvarteti koosseis: Tiina M\u00e4e (I viiul), Kati Meibaum (II viiul), Kristian Plink (t\u0161ello), Mingo Rajandi (kontrabass).<\/p>\n<p>Veelasteaia fonogramm: Laura Lindpere (kannel).<\/p>\n<p>Helire\u017eiss\u00f6\u00f6rid Franck Reisner ja Andrus Muuga.<br \/>\nMasteri tegi ja CD-d valmistas Koit Saarm\u00e4e Matrix Studiost.<\/p>\n","protected":false},"excerpt":{"rendered":"<p>Muusikaliraamat \u201eMerineitsi\u201c on valminud Hans Christian Anderseni muinasjutu ainetel ja Rakvere Linnuses toimunud suvelavastuse p\u00f5hjal, kus nii tagakaane \u00fcmbrikus CD-l kui ka raamatus piltidena figureerivad Johanna-Elise Kabel (t\u00fcdrukute triost Little&#8230;<\/p>\n","protected":false},"featured_media":15285,"comment_status":"closed","ping_status":"closed","template":"","meta":{"_monsterinsights_skip_tracking":false,"_monsterinsights_sitenote_active":false,"_monsterinsights_sitenote_note":"","_monsterinsights_sitenote_category":0},"product_brand":[],"product_cat":[127],"product_tag":[],"class_list":{"0":"post-15246","1":"product","2":"type-product","3":"status-publish","4":"has-post-thumbnail","6":"product_cat-muusikalid","8":"first","9":"instock","10":"shipping-taxable","11":"purchasable","12":"product-type-simple"},"_links":{"self":[{"href":"https:\/\/lkkk.ee\/pood\/wp-json\/wp\/v2\/product\/15246","targetHints":{"allow":["GET"]}}],"collection":[{"href":"https:\/\/lkkk.ee\/pood\/wp-json\/wp\/v2\/product"}],"about":[{"href":"https:\/\/lkkk.ee\/pood\/wp-json\/wp\/v2\/types\/product"}],"replies":[{"embeddable":true,"href":"https:\/\/lkkk.ee\/pood\/wp-json\/wp\/v2\/comments?post=15246"}],"wp:featuredmedia":[{"embeddable":true,"href":"https:\/\/lkkk.ee\/pood\/wp-json\/wp\/v2\/media\/15285"}],"wp:attachment":[{"href":"https:\/\/lkkk.ee\/pood\/wp-json\/wp\/v2\/media?parent=15246"}],"wp:term":[{"taxonomy":"product_brand","embeddable":true,"href":"https:\/\/lkkk.ee\/pood\/wp-json\/wp\/v2\/product_brand?post=15246"},{"taxonomy":"product_cat","embeddable":true,"href":"https:\/\/lkkk.ee\/pood\/wp-json\/wp\/v2\/product_cat?post=15246"},{"taxonomy":"product_tag","embeddable":true,"href":"https:\/\/lkkk.ee\/pood\/wp-json\/wp\/v2\/product_tag?post=15246"}],"curies":[{"name":"wp","href":"https:\/\/api.w.org\/{rel}","templated":true}]}}