{"id":15245,"date":"2024-08-12T20:36:56","date_gmt":"2024-08-12T20:36:56","guid":{"rendered":"https:\/\/lkkk.ee\/pood\/?post_type=product&#038;p=15245"},"modified":"2024-08-21T15:22:44","modified_gmt":"2024-08-21T15:22:44","slug":"lumivalgeke-2","status":"publish","type":"product","link":"https:\/\/lkkk.ee\/pood\/product\/lumivalgeke-2\/","title":{"rendered":"Lumivalgeke"},"content":{"rendered":"<p>\u201eLumivalgeke&#8221; on muusikal vendade Grimmide samanimelise muinasjutu p\u00f5hjal, mis on maailmakuulsust kogunud juba mitusada aastat. Kuuldavasti olla olnud muinasjutu aluseks t\u00f5estis\u00fcndinud lugu t\u00fctarlapsest, kes m\u00f5rtsuk-v\u00f5\u00f5rasema eest metsa pagenud ja seal puuraiduride keskel \u00fcles kasvanud.<\/p>\n<p>Meie muusikalis on tegelased siiski nagu muinasjutus \u2013 on printsess Lumivalgeke, Kuri Kuninganna ja tema k\u00f5nelev peegel, loomulikult ka seitse p\u00f6ialpoissi oma veidrate ja naljakate k\u00e4itumistega ning palju teisi v\u00e4rvikaid tegelasi, kellel ka omad laulu laulda.<\/p>\n<p>Muusikali raamatus on libreto, noodid, fotoillustratsioonid ja tagakaane vahel CD k\u00f5ikide laulude ning osade fonogrammidega.<br \/>\nAutorid Kaari Sillamaa (libreto ja laulutekstid) ja\u00a0Janika Sillamaa (muusika)<br \/>\nKujundaja Mart H\u00e4elme<br \/>\nRaamatud tr\u00fckitud tr\u00fckikojas Artek.<\/p>\n<p>CD-l esitavad laule solistid Hele K\u00f5rve, Getter Jaani, Hille Savi ja Hannelore Karmel Juurikas (Lumivalgeke), Tanja Mihhailova, Carolin Ligi, Helen M\u00e4nnik ja Anete Maria Kuklane (Kuri Kuninganna), Mikk Saar, Kaarel Orum\u00e4gi (Prints), Janika Sillamaa (Ema-Kuninganna), Freddy Tomingas ja Andrus Muuga (Kuningas) ja mitu koosseisu Muusikateatri ansambleid, kes esitasid p\u00f6ialpoisse, metsloomi, kaubitsejaid jt tegelasi.<\/p>\n<p>Fonogrammid m\u00e4ngitud Matrix Studios, b\u00e4ndiseaded tegi Janika Sillamaa.<br \/>\nStuudiomuusikud: klahvpillid Themuri Sulamanidze, viiulid Marek Taamal ja Toomas Torop, kitarr\u00a0Karl Kanter<br \/>\nbass Kaarel Liiv, l\u00f6\u00f6kpillid Liina Amon.<br \/>\nLaulud salvestatud Matrix Stuudios \u2013 helirei\u017eiss\u00f6\u00f6r Indrek Patte ja Studio89-s\u00a0\u2013 helirei\u017eiss\u00f6\u00f6rid Franck Reisner ja Andrus Muuga. Mastering Erkki Sepp<\/p>\n","protected":false},"excerpt":{"rendered":"<p>\u201eLumivalgeke&#8221; on muusikal vendade Grimmide samanimelise muinasjutu p\u00f5hjal, mis on maailmakuulsust kogunud juba mitusada aastat. Kuuldavasti olla olnud muinasjutu aluseks t\u00f5estis\u00fcndinud lugu t\u00fctarlapsest, kes m\u00f5rtsuk-v\u00f5\u00f5rasema eest metsa pagenud ja seal&#8230;<\/p>\n","protected":false},"featured_media":15283,"comment_status":"closed","ping_status":"closed","template":"","meta":{"_monsterinsights_skip_tracking":false,"_monsterinsights_sitenote_active":false,"_monsterinsights_sitenote_note":"","_monsterinsights_sitenote_category":0},"product_brand":[],"product_cat":[127],"product_tag":[],"class_list":{"0":"post-15245","1":"product","2":"type-product","3":"status-publish","4":"has-post-thumbnail","6":"product_cat-muusikalid","8":"first","9":"instock","10":"shipping-taxable","11":"purchasable","12":"product-type-simple"},"_links":{"self":[{"href":"https:\/\/lkkk.ee\/pood\/wp-json\/wp\/v2\/product\/15245","targetHints":{"allow":["GET"]}}],"collection":[{"href":"https:\/\/lkkk.ee\/pood\/wp-json\/wp\/v2\/product"}],"about":[{"href":"https:\/\/lkkk.ee\/pood\/wp-json\/wp\/v2\/types\/product"}],"replies":[{"embeddable":true,"href":"https:\/\/lkkk.ee\/pood\/wp-json\/wp\/v2\/comments?post=15245"}],"wp:featuredmedia":[{"embeddable":true,"href":"https:\/\/lkkk.ee\/pood\/wp-json\/wp\/v2\/media\/15283"}],"wp:attachment":[{"href":"https:\/\/lkkk.ee\/pood\/wp-json\/wp\/v2\/media?parent=15245"}],"wp:term":[{"taxonomy":"product_brand","embeddable":true,"href":"https:\/\/lkkk.ee\/pood\/wp-json\/wp\/v2\/product_brand?post=15245"},{"taxonomy":"product_cat","embeddable":true,"href":"https:\/\/lkkk.ee\/pood\/wp-json\/wp\/v2\/product_cat?post=15245"},{"taxonomy":"product_tag","embeddable":true,"href":"https:\/\/lkkk.ee\/pood\/wp-json\/wp\/v2\/product_tag?post=15245"}],"curies":[{"name":"wp","href":"https:\/\/api.w.org\/{rel}","templated":true}]}}