{"id":15244,"date":"2024-08-12T20:36:56","date_gmt":"2024-08-12T20:36:56","guid":{"rendered":"https:\/\/lkkk.ee\/pood\/?post_type=product&#038;p=15244"},"modified":"2024-08-25T08:39:55","modified_gmt":"2024-08-25T08:39:55","slug":"inetu-pardipoeg","status":"publish","type":"product","link":"https:\/\/lkkk.ee\/pood\/product\/inetu-pardipoeg\/","title":{"rendered":"Inetu pardipoeg"},"content":{"rendered":"<p>H. Chr. Anderseni muinasjutu ainetel tuntud lugu sellest, kuidas pardipesas koorub imelikult suur ja inetu pardipoeg, kes kiusamise eest kodust pageb.<br \/>\nEksir\u00e4nnakutel satub inetu pardike v\u00e4rvikatesse seiklustesse, tagasi koju j\u00f5udes aga avastab, et temast on sirgunud kaunis valge luik.<\/p>\n<p>Raamatus libreto, noodid, foto-illustratsioonid mitmest lavastusest ja tagakaane sees \u00fcmbrikus ka CD laulude, fonogrammide, tantsumuusikate ja ka vajalike taustahelidega, mis aitavad etendust laval esitada.<\/p>\n<p>Autor Kaari Sillamaa<br \/>\nRaamatu ja plaadi kujundus Mart H\u00e4elme.<\/p>\n<p>Solistid CD-l &#8211; Viona Vipper ja Lorelai Kreis (Intu Pardipoja laulud) Marian Perkmann (Pardiema), ansamblites ja kooris\u00a0Kaari Sillamaa Muusikateatri lapsed.<\/p>\n","protected":false},"excerpt":{"rendered":"<p>H. Chr. Anderseni muinasjutu ainetel tuntud lugu sellest, kuidas pardipesas koorub imelikult suur ja inetu pardipoeg, kes kiusamise eest kodust pageb. Eksir\u00e4nnakutel satub inetu pardike v\u00e4rvikatesse seiklustesse, tagasi koju j\u00f5udes&#8230;<\/p>\n","protected":false},"featured_media":15280,"comment_status":"closed","ping_status":"closed","template":"","meta":{"_monsterinsights_skip_tracking":false,"_monsterinsights_sitenote_active":false,"_monsterinsights_sitenote_note":"","_monsterinsights_sitenote_category":0},"product_brand":[],"product_cat":[126],"product_tag":[],"class_list":{"0":"post-15244","1":"product","2":"type-product","3":"status-publish","4":"has-post-thumbnail","6":"product_cat-laulumangud","8":"first","9":"instock","10":"shipping-taxable","11":"purchasable","12":"product-type-simple"},"_links":{"self":[{"href":"https:\/\/lkkk.ee\/pood\/wp-json\/wp\/v2\/product\/15244","targetHints":{"allow":["GET"]}}],"collection":[{"href":"https:\/\/lkkk.ee\/pood\/wp-json\/wp\/v2\/product"}],"about":[{"href":"https:\/\/lkkk.ee\/pood\/wp-json\/wp\/v2\/types\/product"}],"replies":[{"embeddable":true,"href":"https:\/\/lkkk.ee\/pood\/wp-json\/wp\/v2\/comments?post=15244"}],"wp:featuredmedia":[{"embeddable":true,"href":"https:\/\/lkkk.ee\/pood\/wp-json\/wp\/v2\/media\/15280"}],"wp:attachment":[{"href":"https:\/\/lkkk.ee\/pood\/wp-json\/wp\/v2\/media?parent=15244"}],"wp:term":[{"taxonomy":"product_brand","embeddable":true,"href":"https:\/\/lkkk.ee\/pood\/wp-json\/wp\/v2\/product_brand?post=15244"},{"taxonomy":"product_cat","embeddable":true,"href":"https:\/\/lkkk.ee\/pood\/wp-json\/wp\/v2\/product_cat?post=15244"},{"taxonomy":"product_tag","embeddable":true,"href":"https:\/\/lkkk.ee\/pood\/wp-json\/wp\/v2\/product_tag?post=15244"}],"curies":[{"name":"wp","href":"https:\/\/api.w.org\/{rel}","templated":true}]}}