{"id":15238,"date":"2024-08-12T20:36:56","date_gmt":"2024-08-12T20:36:56","guid":{"rendered":"https:\/\/lkkk.ee\/pood\/?post_type=product&#038;p=15238"},"modified":"2024-08-21T15:03:03","modified_gmt":"2024-08-21T15:03:03","slug":"sartsuvad-karakterlaulud","status":"publish","type":"product","link":"https:\/\/lkkk.ee\/pood\/product\/sartsuvad-karakterlaulud\/","title":{"rendered":"S\u00e4rtsuvad karakterlaulud"},"content":{"rendered":"<p>K\u00e4esolev heliplaat sai\u00a0r\u00f5\u00f5msalt s\u00e4rtsakas ja vihaselt raevukas, justnagu needsinatsed tegelasedki laval, kes neid laule esitasid ja ka tulevikus hakkavad esitama.<\/p>\n<ul>\n<li>Minu papsil on rokiklubi (\u201eRokkivad detektiivid\u201c) Joonas Seagert<\/li>\n<li>Kui kaua veel? (\u201eLumivalgeke\u201c) Carolin Ligi<\/li>\n<li>M\u00f5ttetu on iga guvernant (\u201eJane Eyre\u201c) Hille Savi<\/li>\n<li>Kuld ravib (\u201eL\u00e4bitantsitud tallad\u201c) Laura Toomlaid<\/li>\n<li>K\u00fcll on kole, k\u00fcll on paha (\u201ePunam\u00fctsike\u201c) Tristan Filant\u0161uk<\/li>\n<li>Kala-Karla laul (\u201eKadunud sugulane, e. tsirkus roosiaias\u201c) Hendrik Savest<\/li>\n<li>N\u00fc\u00fcd maksan k\u00e4tte k\u00f5ige eest (\u201e\u00dcks k\u00f5igi ja k\u00f5ik \u00fche eest\u201c) Margit Noormets<\/li>\n<li>Kr\u00e4u laul (\u201e\u00dche armastuse lugu\u201c) Helen\u00a0 M\u00e4nnik<\/li>\n<li>Milline on inimene (\u201eVerelegend\u201c) Kasper Raidam<\/li>\n<li>Mind ei m\u00f5isteta (\u201eLumeeit\u201c) Brigitta Ambur<\/li>\n<li>Gr\u00fcpsi kadrill (\u201eAlice Imedemaal\u201c) Franck Reisner, Tristan Filant\u0161uk<\/li>\n<li>Naised on \u00fcks kanakari (\u201eKadunud sugulane\u201c) Sulev V\u00f5rno, Kaarel Orum\u00e4gi<\/li>\n<\/ul>\n<p>13 &#8211; 24 fonogrammid<\/p>\n<p>Plaadi kaaneraamatus on k\u00f5igi laulude s\u00f5nad, samuti leiate sealt k\u00f5igi lugude autorid, fonode tegijad,<br \/>\nhelire\u017eiss\u00f6\u00f6rid, fotograafid, kujundajad ja muud.<\/p>\n","protected":false},"excerpt":{"rendered":"<p>K\u00e4esolev heliplaat sai\u00a0r\u00f5\u00f5msalt s\u00e4rtsakas ja vihaselt raevukas, justnagu needsinatsed tegelasedki laval, kes neid laule esitasid ja ka tulevikus hakkavad esitama. Minu papsil on rokiklubi (\u201eRokkivad detektiivid\u201c) Joonas Seagert Kui kaua&#8230;<\/p>\n","protected":false},"featured_media":15270,"comment_status":"closed","ping_status":"closed","template":"","meta":{"_monsterinsights_skip_tracking":false,"_monsterinsights_sitenote_active":false,"_monsterinsights_sitenote_note":"","_monsterinsights_sitenote_category":0},"product_brand":[],"product_cat":[124],"product_tag":[],"class_list":{"0":"post-15238","1":"product","2":"type-product","3":"status-publish","4":"has-post-thumbnail","6":"product_cat-cd","8":"first","9":"instock","10":"shipping-taxable","11":"purchasable","12":"product-type-simple"},"_links":{"self":[{"href":"https:\/\/lkkk.ee\/pood\/wp-json\/wp\/v2\/product\/15238","targetHints":{"allow":["GET"]}}],"collection":[{"href":"https:\/\/lkkk.ee\/pood\/wp-json\/wp\/v2\/product"}],"about":[{"href":"https:\/\/lkkk.ee\/pood\/wp-json\/wp\/v2\/types\/product"}],"replies":[{"embeddable":true,"href":"https:\/\/lkkk.ee\/pood\/wp-json\/wp\/v2\/comments?post=15238"}],"wp:featuredmedia":[{"embeddable":true,"href":"https:\/\/lkkk.ee\/pood\/wp-json\/wp\/v2\/media\/15270"}],"wp:attachment":[{"href":"https:\/\/lkkk.ee\/pood\/wp-json\/wp\/v2\/media?parent=15238"}],"wp:term":[{"taxonomy":"product_brand","embeddable":true,"href":"https:\/\/lkkk.ee\/pood\/wp-json\/wp\/v2\/product_brand?post=15238"},{"taxonomy":"product_cat","embeddable":true,"href":"https:\/\/lkkk.ee\/pood\/wp-json\/wp\/v2\/product_cat?post=15238"},{"taxonomy":"product_tag","embeddable":true,"href":"https:\/\/lkkk.ee\/pood\/wp-json\/wp\/v2\/product_tag?post=15238"}],"curies":[{"name":"wp","href":"https:\/\/api.w.org\/{rel}","templated":true}]}}