{"id":15236,"date":"2024-08-12T20:36:56","date_gmt":"2024-08-12T20:36:56","guid":{"rendered":"https:\/\/lkkk.ee\/pood\/?post_type=product&#038;p=15236"},"modified":"2024-08-21T15:06:43","modified_gmt":"2024-08-21T15:06:43","slug":"meeleolukad-soololaulud-muusikalidest","status":"publish","type":"product","link":"https:\/\/lkkk.ee\/pood\/product\/meeleolukad-soololaulud-muusikalidest\/","title":{"rendered":"Meeleolukad soololaulud muusikalidest"},"content":{"rendered":"<p>Selkorral on tegu meeleolukate soololauludega mitmetest laste- ja noortemuusikalidest ja mitmes raskusastmes!<\/p>\n<p>Loodetavasti leiab iga kuulaja siit midagi meelep\u00e4rast!<\/p>\n<ul>\n<li>D\u00b4Artagnani laul (\u201e\u00dcks k\u00f5igi ja k\u00f5ik \u00fche eest\u201c) Franck Reisner<\/li>\n<li>P\u00e4\u00e4sukese laul (\u201eP\u00f6ial-Liisi\u201c) Keidi Vatter<\/li>\n<li>Muti laul (\u201eP\u00f6ial-Liisi\u201c) Andrus Joala<\/li>\n<li>Imeline maailm (\u201eAlice Imedemaal\u201c) Anne-Mary L\u00e4ll<\/li>\n<li>Lambakints ja Rosinasai (\u201ePuujala ja \u00dckssilma s\u00f5da\u201c) Mait Maltis<\/li>\n<li>K\u00f5ik on nii vaikne (\u201ePuujala ja \u00dckssilma s\u00f5da\u201c) Hille Savi<\/li>\n<li>Tule unes mu juurde (Lumivalgeke) Hele K\u00f5rve<\/li>\n<li>12 kuud tegid minust mehe (\u201e12 kuud\u201c) Andri Suga<\/li>\n<li>3000 p\u00e4eva \u00fcksindust (\u201eL\u00e4bitantsitud tallad\u201c) Marleen Vitsut<\/li>\n<li>Laul elavast surmast (\u201eMowgli\u201c) Carolin Ligi<\/li>\n<li>7 \u00fche hoobiga (\u201eVahva r\u00e4tsep\u201c) Anis Arumets<\/li>\n<li>Unes ma lendan (\u201eLumekuninganna\u201c) Helen M\u00e4nnik<\/li>\n<li>13 &#8211; 24 Fonogrammid<\/li>\n<\/ul>\n<p>Plaadi kaaneraamatus on nagu alati &#8211; k\u00f5igi laulude s\u00f5nad ja kirjas ka tegijad: autorid, juhendajad, helire\u017eiss\u00f6\u00f6rid, kujundajad ja muud.<\/p>\n","protected":false},"excerpt":{"rendered":"<p>Selkorral on tegu meeleolukate soololauludega mitmetest laste- ja noortemuusikalidest ja mitmes raskusastmes! Loodetavasti leiab iga kuulaja siit midagi meelep\u00e4rast! D\u00b4Artagnani laul (\u201e\u00dcks k\u00f5igi ja k\u00f5ik \u00fche eest\u201c) Franck Reisner P\u00e4\u00e4sukese&#8230;<\/p>\n","protected":false},"featured_media":15268,"comment_status":"closed","ping_status":"closed","template":"","meta":{"_monsterinsights_skip_tracking":false,"_monsterinsights_sitenote_active":false,"_monsterinsights_sitenote_note":"","_monsterinsights_sitenote_category":0},"product_brand":[],"product_cat":[124],"product_tag":[],"class_list":{"0":"post-15236","1":"product","2":"type-product","3":"status-publish","4":"has-post-thumbnail","6":"product_cat-cd","8":"first","9":"instock","10":"shipping-taxable","11":"purchasable","12":"product-type-simple"},"_links":{"self":[{"href":"https:\/\/lkkk.ee\/pood\/wp-json\/wp\/v2\/product\/15236","targetHints":{"allow":["GET"]}}],"collection":[{"href":"https:\/\/lkkk.ee\/pood\/wp-json\/wp\/v2\/product"}],"about":[{"href":"https:\/\/lkkk.ee\/pood\/wp-json\/wp\/v2\/types\/product"}],"replies":[{"embeddable":true,"href":"https:\/\/lkkk.ee\/pood\/wp-json\/wp\/v2\/comments?post=15236"}],"wp:featuredmedia":[{"embeddable":true,"href":"https:\/\/lkkk.ee\/pood\/wp-json\/wp\/v2\/media\/15268"}],"wp:attachment":[{"href":"https:\/\/lkkk.ee\/pood\/wp-json\/wp\/v2\/media?parent=15236"}],"wp:term":[{"taxonomy":"product_brand","embeddable":true,"href":"https:\/\/lkkk.ee\/pood\/wp-json\/wp\/v2\/product_brand?post=15236"},{"taxonomy":"product_cat","embeddable":true,"href":"https:\/\/lkkk.ee\/pood\/wp-json\/wp\/v2\/product_cat?post=15236"},{"taxonomy":"product_tag","embeddable":true,"href":"https:\/\/lkkk.ee\/pood\/wp-json\/wp\/v2\/product_tag?post=15236"}],"curies":[{"name":"wp","href":"https:\/\/api.w.org\/{rel}","templated":true}]}}