{"id":15235,"date":"2024-08-12T20:36:56","date_gmt":"2024-08-12T20:36:56","guid":{"rendered":"https:\/\/lkkk.ee\/pood\/?post_type=product&#038;p=15235"},"modified":"2024-08-21T15:06:27","modified_gmt":"2024-08-21T15:06:27","slug":"lumivalgeke","status":"publish","type":"product","link":"https:\/\/lkkk.ee\/pood\/product\/lumivalgeke\/","title":{"rendered":"Lumivalgeke"},"content":{"rendered":"<div>Vendade Grimmide samanimelise muinasjutu ainetel. Libreto Kaari Sillamaa, muusika Janika Sillamaa.<\/div>\n<div>Laulavad ja loevad: Lumivalgeke &#8211; Hele K\u00f5rve, Prints &#8211; Mikk Saar, Kuri Kuninganna &#8211; Tanja Mihhailova, V\u00f5lupeegi vaim &#8211; Getter Jaani, Ema-kuninganna &#8211; Janika Sillamaa, Kuningas &#8211; \u00a0Freddy Tomingas, K\u00fctt-jutustaja &#8211; Virgo Jaani.<\/div>\n<div>Teistes osades Kaari Sillamaa Muusikateatri lapsed ja noored. Kuuldem\u00e4ngu lavastas Katre Jaani.<\/div>\n<div>NB! T\u00e4pselt sama materjal (libreto ja laulude noodid) leiate ka \u201eLumivalgekese\u201c muusikaliraamatust, mis on v\u00e4lja antud 2015 a.<\/div>\n<div><\/div>\n<div>\u201eLumivalgekese\u201c muinasjutt on ilmselt k\u00f5ige kuulsam muinasjutt maailmas ja levinud aastasadu ning avaldatud raamatutena, m\u00e4ngitud lavadel ja aja m\u00f6\u00f6dudes ning tehnika arenedes ka arvukalt kinolinal. Suurima kuulsuse saavutas ta W. Disney multifilmina, kuhu muusika oli loonud F. Churchill.<\/div>\n<div>Ka Kaunite Kunstide kool lavastas oma tegevuse algusaastatel selle loo, saades alles hiljem oma ehmatuseks teada, et Disney Company on rangelt keelanud selle esitamise \u2013 nii stsenaariumi, laulude kui ka tegelaste v\u00e4limuse kujutamise n\u00e4ol.<\/div>\n<div>Aga ei saa ju \u00fchte teatrikooli pidada, ilma et selle repertuaaris poleks \u201eLumivalgekese\u201c lugu.<\/div>\n<div>Nii s\u00fcndiski 2007 a. Kaunite Kooli oma \u201eLumivalgeke\u201c \u2013 Kaari Sillamaa libreto ja Janika Sillamaa muusikaga.<\/div>\n<div>Kuna asi tuli v\u00e4ga \u00f5nnestunult v\u00e4lja, pandi see ka CD-le ja mitte ainult lauludega, vaid kogu lugu kuuldem\u00e4nguna.<\/div>\n<div>CD-l saab iga laulu ka eraldi valida, aga tervikuna kuulates on see t\u00f5epoolest sama lugu, kus printsess Lumivalgeke kurja v\u00f5\u00f5rasema eest p\u00f5genedes 7 p\u00f6ialpoisi majast varju leiab ja l\u00f5puks ka printsiga abiellub.<\/div>\n<div><\/div>\n<div>CD-l k\u00f5lavad laulud:<\/div>\n<div><\/div>\n<ul>\n<li>\u00a0Valge kui lumi \u2013 Kuninganna ja Kuningas<\/li>\n<li>\u00a0J\u00e4\u00e4 veel mu arm \u2013 Kuninga kurb laul<\/li>\n<li>\u00a0Peeglivaim ja Kuri Kuninganna \u2013 episood 1<\/li>\n<li>\u00a0Peeglivaim ja Kuri Kuninganna \u2013 episood 2<\/li>\n<li>\u00a0Kaubitsejate laul<\/li>\n<li>\u00a0On k\u00e4es see ball \u2013 Lumivalgekese ja Printsi kohtumine<\/li>\n<li>\u00a0Peeglivaim ja Kuri Kuninganna \u2013 episood 3<\/li>\n<li>\u00a0T\u00e4htis t\u00f6\u00f6 \u2013 Kuri Kuninganna ja N\u00f5unik<\/li>\n<li>\u00a0Ilu pole s\u00fc\u00fc, et surma minna \u2013 Lumivalgekese palve<\/li>\n<li>\u00a0Teekond l\u00e4bi metsa \u2013 Loomad juhatavd Lumivalgekest<\/li>\n<li>\u00a0Kalliskivim\u00e4gi \u2013 P\u00f6ialpoiste laul<\/li>\n<li>\u00a0Saame tuttavaks \u2013 Lumivalgeke ja 7 p\u00f6ialpoissi<\/li>\n<li>\u00a0Peeglivaim ja Kuri Kuninganna \u2013 episood 4<\/li>\n<li>\u00a0Kui kaua veel &#8211; Kurja Kuninganna tango<\/li>\n<li>\u00a0Tule unes mu juurde \u2013 Lumivalgekese laul<\/li>\n<li>\u00a0Suure soovi nimel &#8211; N\u00f5ia ja Lumivalgekese duett<\/li>\n<li>\u00a0Peeglivaim ja Kuri Kuninganna \u2013 episood 5<\/li>\n<li>\u00a0Ava silmad kallis \u2013 Printsi laul<\/li>\n<\/ul>\n<div>Muusikud, kes Matrix Studios fonogrammid m\u00e4ngisid: klahvpillid Themuri Sulamanidze, viiulid Marek Taamal ja Toomas Torop, kitarr Karl Kanter, basskitarr Kaarel Liiv, l\u00f6\u00f6kpillid Liina Amon. Helire\u017eiss\u00f6\u00f6r Indrek Patte. Fotod Marge Monko, kaaneraamatu kujundus Mart H\u00e4elme.<\/div>\n","protected":false},"excerpt":{"rendered":"<p>Vendade Grimmide samanimelise muinasjutu ainetel. Libreto Kaari Sillamaa, muusika Janika Sillamaa. Laulavad ja loevad: Lumivalgeke &#8211; Hele K\u00f5rve, Prints &#8211; Mikk Saar, Kuri Kuninganna &#8211; Tanja Mihhailova, V\u00f5lupeegi vaim &#8211;&#8230;<\/p>\n","protected":false},"featured_media":15267,"comment_status":"closed","ping_status":"closed","template":"","meta":{"_monsterinsights_skip_tracking":false,"_monsterinsights_sitenote_active":false,"_monsterinsights_sitenote_note":"","_monsterinsights_sitenote_category":0},"product_brand":[],"product_cat":[124],"product_tag":[],"class_list":{"0":"post-15235","1":"product","2":"type-product","3":"status-publish","4":"has-post-thumbnail","6":"product_cat-cd","8":"first","9":"instock","10":"shipping-taxable","11":"purchasable","12":"product-type-simple"},"_links":{"self":[{"href":"https:\/\/lkkk.ee\/pood\/wp-json\/wp\/v2\/product\/15235","targetHints":{"allow":["GET"]}}],"collection":[{"href":"https:\/\/lkkk.ee\/pood\/wp-json\/wp\/v2\/product"}],"about":[{"href":"https:\/\/lkkk.ee\/pood\/wp-json\/wp\/v2\/types\/product"}],"replies":[{"embeddable":true,"href":"https:\/\/lkkk.ee\/pood\/wp-json\/wp\/v2\/comments?post=15235"}],"wp:featuredmedia":[{"embeddable":true,"href":"https:\/\/lkkk.ee\/pood\/wp-json\/wp\/v2\/media\/15267"}],"wp:attachment":[{"href":"https:\/\/lkkk.ee\/pood\/wp-json\/wp\/v2\/media?parent=15235"}],"wp:term":[{"taxonomy":"product_brand","embeddable":true,"href":"https:\/\/lkkk.ee\/pood\/wp-json\/wp\/v2\/product_brand?post=15235"},{"taxonomy":"product_cat","embeddable":true,"href":"https:\/\/lkkk.ee\/pood\/wp-json\/wp\/v2\/product_cat?post=15235"},{"taxonomy":"product_tag","embeddable":true,"href":"https:\/\/lkkk.ee\/pood\/wp-json\/wp\/v2\/product_tag?post=15235"}],"curies":[{"name":"wp","href":"https:\/\/api.w.org\/{rel}","templated":true}]}}