{"id":15234,"date":"2024-08-12T20:36:56","date_gmt":"2024-08-12T20:36:56","guid":{"rendered":"https:\/\/lkkk.ee\/pood\/?post_type=product&#038;p=15234"},"modified":"2024-08-21T15:06:00","modified_gmt":"2024-08-21T15:06:00","slug":"lastelaulud-muusikalidest-ja-laulumangudest","status":"publish","type":"product","link":"https:\/\/lkkk.ee\/pood\/product\/lastelaulud-muusikalidest-ja-laulumangudest\/","title":{"rendered":"Lastelaulud muusikalidest ja laulum\u00e4ngudest"},"content":{"rendered":"<div>Lastelaulud muusikalidest ja laulum\u00e4ngudest CD ilmumine j\u00f5ulu ajaks dikteeris kava, mis v\u00e4ljaande peale tuli ja see omakorda dikteeris ka kaanepildi.<\/div>\n<div>Aga lisaks j\u00f5ululistele lauludele on ikka ka muid laule, mis p\u00e4rit kas t\u00e4itsa lastet\u00fckkidest v\u00f5i suurtest muusikalidest, kuhu on sisse l\u00fckitud m\u00f5ned lastestseenid. 12-le laulule j\u00e4rgneb 12 fonogrammi ja kaaneraamatus on ka k\u00f5ikide laulude s\u00f5nad.<\/div>\n<div><\/div>\n<ul>\n<li>\u00a0Kuuma lume laul (\u201eKuuma lumega j\u00f5ulud\u201d)<\/li>\n<li>\u00a0Rapuntsli laul (\u201eRapuntsel\u201c)<\/li>\n<li>\u00a0Teekond l\u00e4bi metsa (\u201eLumivalgeke\u201c)<\/li>\n<li>\u00a0Pardipoja laul (\u201eInetu Pardipoeg\u201c)<\/li>\n<li>\u00a0Lendkala laul (\u201eMerineitsi\u201c)<\/li>\n<li>\u00a0P\u00e4ikesel on pikim pai (\u201eKoerhaldjas Mia\u201c)<\/li>\n<li>\u00a0S\u00f5brad metsamajas (\u201eInetu Pardipoeg\u201c)<\/li>\n<li>\u00a0Kuuseehtimise laul (\u201eP\u00e4kapikud J\u00f5ulumaal\u201c)<\/li>\n<li>\u00a0Pikk on tee (\u201ePunam\u00fctsike\u201c)<\/li>\n<li>\u00a0Jooksid v\u00e4iksed mardid (\u201eMardisandi seiklused Kadrilinnas\u201d)<\/li>\n<li>\u00a0Inglid taevas laulgem (\u201eIidne lugu\u201c)<\/li>\n<li>\u00a0K\u00f5ik v\u00e4ikesed inglid (\u201eJ\u00f5uluingli lugu\u201c)<\/li>\n<\/ul>\n<div>13.-24. Fonogrammid<\/div>\n<div>Plaadi kaaneraamatus on taaskord k\u00f5igi laulude s\u00f5nad ja info tegijate kohta<\/div>\n","protected":false},"excerpt":{"rendered":"<p>Lastelaulud muusikalidest ja laulum\u00e4ngudest CD ilmumine j\u00f5ulu ajaks dikteeris kava, mis v\u00e4ljaande peale tuli ja see omakorda dikteeris ka kaanepildi. Aga lisaks j\u00f5ululistele lauludele on ikka ka muid laule, mis&#8230;<\/p>\n","protected":false},"featured_media":15266,"comment_status":"closed","ping_status":"closed","template":"","meta":{"_monsterinsights_skip_tracking":false,"_monsterinsights_sitenote_active":false,"_monsterinsights_sitenote_note":"","_monsterinsights_sitenote_category":0},"product_brand":[],"product_cat":[124],"product_tag":[],"class_list":{"0":"post-15234","1":"product","2":"type-product","3":"status-publish","4":"has-post-thumbnail","6":"product_cat-cd","8":"first","9":"instock","10":"shipping-taxable","11":"purchasable","12":"product-type-simple"},"_links":{"self":[{"href":"https:\/\/lkkk.ee\/pood\/wp-json\/wp\/v2\/product\/15234","targetHints":{"allow":["GET"]}}],"collection":[{"href":"https:\/\/lkkk.ee\/pood\/wp-json\/wp\/v2\/product"}],"about":[{"href":"https:\/\/lkkk.ee\/pood\/wp-json\/wp\/v2\/types\/product"}],"replies":[{"embeddable":true,"href":"https:\/\/lkkk.ee\/pood\/wp-json\/wp\/v2\/comments?post=15234"}],"wp:featuredmedia":[{"embeddable":true,"href":"https:\/\/lkkk.ee\/pood\/wp-json\/wp\/v2\/media\/15266"}],"wp:attachment":[{"href":"https:\/\/lkkk.ee\/pood\/wp-json\/wp\/v2\/media?parent=15234"}],"wp:term":[{"taxonomy":"product_brand","embeddable":true,"href":"https:\/\/lkkk.ee\/pood\/wp-json\/wp\/v2\/product_brand?post=15234"},{"taxonomy":"product_cat","embeddable":true,"href":"https:\/\/lkkk.ee\/pood\/wp-json\/wp\/v2\/product_cat?post=15234"},{"taxonomy":"product_tag","embeddable":true,"href":"https:\/\/lkkk.ee\/pood\/wp-json\/wp\/v2\/product_tag?post=15234"}],"curies":[{"name":"wp","href":"https:\/\/api.w.org\/{rel}","templated":true}]}}