{"id":15231,"date":"2024-08-12T20:36:56","date_gmt":"2024-08-12T20:36:56","guid":{"rendered":"https:\/\/lkkk.ee\/pood\/?post_type=product&#038;p=15231"},"modified":"2024-08-21T15:05:05","modified_gmt":"2024-08-21T15:05:05","slug":"hingematvad-ballaadid-muusikalidest","status":"publish","type":"product","link":"https:\/\/lkkk.ee\/pood\/product\/hingematvad-ballaadid-muusikalidest\/","title":{"rendered":"Hingematvad ballaadid muusikalidest"},"content":{"rendered":"<p>Ballaadid on kogu maailmas vokalistide \u00fcheks enimesitatud ja \u2013 armastatud \u017eanriks. Nendega v\u00e4ljendatakse kurbust ja kaotusvalu, igatsust ja armastust, \u00f5nnetunnet ja v\u00f5idujoovastust. Ballaadid kuuluvad iga h\u00e4stitoimiva kontserdi kavasse ja iga endast lugupidava solisti repertuaari! K\u00e4esoleval heliplaadil on 12 hingematvat ballaadi paljudest muusikalidest \u00f5pilaste k\u00f5rval on l\u00f5pulaulus j\u00e4\u00e4dvustatud ka Kaunite Kooli s\u00f5bra Silvi Vraidi kaunis ja kandev h\u00e4\u00e4l.<\/p>\n<ul>\n<li>J\u00e4\u00e4 h\u00fcvasti kaunis maailm (\u201e12 kuud\u201c) Linda Maria Varris<\/li>\n<li>Surnud t\u00fcdruku laul (\u201eT\u00fctarlaste kooli juhtum\u201c) Katri Topolev<\/li>\n<li>Mind pole keegi armastanud veel (\u201eValed abielud\u201c) Helen M\u00e4nnik, Laura-Liis Sisask<\/li>\n<li>P\u00f6ial-Liisi kurb laul (\u201eP\u00f6ial-Liisi\u201c) Kerstin Kaints<\/li>\n<li>Mowgli igatsuslaul (\u201eMowgli\u201c) Franck Reisner<\/li>\n<li>Mis minust saab (\u201eTuhkatriinu\u201c) Getter Jaani<\/li>\n<li>Nukukese s\u00fcdamemure (\u201eNukukese j\u00f5ulu\u00f6\u00f6\u201c) Anette Maria Kuklane<\/li>\n<li>Kui sul vahel on raske (\u201eMerineitsi\u201c) Carolina Nellis<\/li>\n<li>Edithi unistuse laul (\u201eSaladin ja L\u00f5vis\u00fcda\u201c) Hille Savi<\/li>\n<li>Oo Frida (\u201eValed abielud\u201c) Kaarel Raidam<\/li>\n<li>Mida ma teeks (\u201eValed abielud\u201c) Fatme Helge Leevald<\/li>\n<li>Kui annad andeks (\u201ePuujala ja \u00dckssilma s\u00f5da\u201c) Silvi Vrait<\/li>\n<\/ul>\n<p>Lauludele j\u00e4rgnevad CD-l k\u00f5igi laulude fonogrammid, plaadi kaaneraamatus on k\u00f5igi laulude s\u00f5nad ja kirjas ka tegijad ning autorid, kelle abiga materjal koostati ja salvestati.<\/p>\n","protected":false},"excerpt":{"rendered":"<p>Ballaadid on kogu maailmas vokalistide \u00fcheks enimesitatud ja \u2013 armastatud \u017eanriks. Nendega v\u00e4ljendatakse kurbust ja kaotusvalu, igatsust ja armastust, \u00f5nnetunnet ja v\u00f5idujoovastust. Ballaadid kuuluvad iga h\u00e4stitoimiva kontserdi kavasse ja iga&#8230;<\/p>\n","protected":false},"featured_media":15263,"comment_status":"closed","ping_status":"closed","template":"","meta":{"_monsterinsights_skip_tracking":false,"_monsterinsights_sitenote_active":false,"_monsterinsights_sitenote_note":"","_monsterinsights_sitenote_category":0},"product_brand":[],"product_cat":[124],"product_tag":[],"class_list":{"0":"post-15231","1":"product","2":"type-product","3":"status-publish","4":"has-post-thumbnail","6":"product_cat-cd","8":"first","9":"instock","10":"shipping-taxable","11":"purchasable","12":"product-type-simple"},"_links":{"self":[{"href":"https:\/\/lkkk.ee\/pood\/wp-json\/wp\/v2\/product\/15231","targetHints":{"allow":["GET"]}}],"collection":[{"href":"https:\/\/lkkk.ee\/pood\/wp-json\/wp\/v2\/product"}],"about":[{"href":"https:\/\/lkkk.ee\/pood\/wp-json\/wp\/v2\/types\/product"}],"replies":[{"embeddable":true,"href":"https:\/\/lkkk.ee\/pood\/wp-json\/wp\/v2\/comments?post=15231"}],"wp:featuredmedia":[{"embeddable":true,"href":"https:\/\/lkkk.ee\/pood\/wp-json\/wp\/v2\/media\/15263"}],"wp:attachment":[{"href":"https:\/\/lkkk.ee\/pood\/wp-json\/wp\/v2\/media?parent=15231"}],"wp:term":[{"taxonomy":"product_brand","embeddable":true,"href":"https:\/\/lkkk.ee\/pood\/wp-json\/wp\/v2\/product_brand?post=15231"},{"taxonomy":"product_cat","embeddable":true,"href":"https:\/\/lkkk.ee\/pood\/wp-json\/wp\/v2\/product_cat?post=15231"},{"taxonomy":"product_tag","embeddable":true,"href":"https:\/\/lkkk.ee\/pood\/wp-json\/wp\/v2\/product_tag?post=15231"}],"curies":[{"name":"wp","href":"https:\/\/api.w.org\/{rel}","templated":true}]}}