{"id":15229,"date":"2024-08-12T20:36:56","date_gmt":"2024-08-12T20:36:56","guid":{"rendered":"https:\/\/lkkk.ee\/pood\/?post_type=product&#038;p=15229"},"modified":"2024-08-25T08:43:30","modified_gmt":"2024-08-25T08:43:30","slug":"ema-on-pai","status":"publish","type":"product","link":"https:\/\/lkkk.ee\/pood\/product\/ema-on-pai\/","title":{"rendered":"Ema on pai"},"content":{"rendered":"<p>\u201cEma on pai\u201d CD &#8211; l on nagu lauluraamatuski &#8211; laulud v\u00e4ikestele lauljatele, kes veel s\u00f5imes, lasteaias v\u00f5i kooli esimestes klassides.<br \/>\nKokku on heliplaadil 32 laulu kodust, perest, lapse ja pere tegemistest, loodusest ja loomadest, m\u00e4ngudest ja m\u00e4nguasjadest.<br \/>\nKarbis kaks CD-d: \u00fchel laulud, teisel samade laulude fonogrammid.<\/p>\n<p>S\u00fcndinud on need laulud Kaunite Kunstide Kooli \u00f5petajate sulest ja lauljateks on Kaunite Kunstide Kooli mudilasr\u00fchmade ja lasteteatri lapsed.<\/p>\n<p>Mudilaslaulude kogumik, kus kahel CD-l vastavalt laulud ja fonogrammid samas j\u00e4rjekorras, mis samanimelises lauluraamatus.<\/p>\n","protected":false},"excerpt":{"rendered":"<p>\u201cEma on pai\u201d CD &#8211; l on nagu lauluraamatuski &#8211; laulud v\u00e4ikestele lauljatele, kes veel s\u00f5imes, lasteaias v\u00f5i kooli esimestes klassides. Kokku on heliplaadil 32 laulu kodust, perest, lapse ja&#8230;<\/p>\n","protected":false},"featured_media":15261,"comment_status":"closed","ping_status":"closed","template":"","meta":{"_monsterinsights_skip_tracking":false,"_monsterinsights_sitenote_active":false,"_monsterinsights_sitenote_note":"","_monsterinsights_sitenote_category":0},"product_brand":[],"product_cat":[124],"product_tag":[],"class_list":{"0":"post-15229","1":"product","2":"type-product","3":"status-publish","4":"has-post-thumbnail","6":"product_cat-cd","8":"first","9":"instock","10":"shipping-taxable","11":"purchasable","12":"product-type-simple"},"_links":{"self":[{"href":"https:\/\/lkkk.ee\/pood\/wp-json\/wp\/v2\/product\/15229","targetHints":{"allow":["GET"]}}],"collection":[{"href":"https:\/\/lkkk.ee\/pood\/wp-json\/wp\/v2\/product"}],"about":[{"href":"https:\/\/lkkk.ee\/pood\/wp-json\/wp\/v2\/types\/product"}],"replies":[{"embeddable":true,"href":"https:\/\/lkkk.ee\/pood\/wp-json\/wp\/v2\/comments?post=15229"}],"wp:featuredmedia":[{"embeddable":true,"href":"https:\/\/lkkk.ee\/pood\/wp-json\/wp\/v2\/media\/15261"}],"wp:attachment":[{"href":"https:\/\/lkkk.ee\/pood\/wp-json\/wp\/v2\/media?parent=15229"}],"wp:term":[{"taxonomy":"product_brand","embeddable":true,"href":"https:\/\/lkkk.ee\/pood\/wp-json\/wp\/v2\/product_brand?post=15229"},{"taxonomy":"product_cat","embeddable":true,"href":"https:\/\/lkkk.ee\/pood\/wp-json\/wp\/v2\/product_cat?post=15229"},{"taxonomy":"product_tag","embeddable":true,"href":"https:\/\/lkkk.ee\/pood\/wp-json\/wp\/v2\/product_tag?post=15229"}],"curies":[{"name":"wp","href":"https:\/\/api.w.org\/{rel}","templated":true}]}}