{"id":15228,"date":"2024-08-12T20:36:56","date_gmt":"2024-08-12T20:36:56","guid":{"rendered":"https:\/\/lkkk.ee\/pood\/?post_type=product&#038;p=15228"},"modified":"2024-08-25T08:43:22","modified_gmt":"2024-08-25T08:43:22","slug":"ema-on-pai-ii","status":"publish","type":"product","link":"https:\/\/lkkk.ee\/pood\/product\/ema-on-pai-ii\/","title":{"rendered":"Ema on pai II"},"content":{"rendered":"<p>\u201eEma on pai II&#8221; CD-l on nagu laulikuski 30 meeleolukat lastelaulu, mille autoriteks on Kaari ja Janika Sillamaa, Kaarel Orum\u00e4gi, Hille Savi, Ele Millistfer, Katre Jaani, Merlin Porkma, Kertu Raja, Kaia H\u00e4elme ja noorim autor Marianna Tuisk. S\u00f5nade tegijatena andsid panuse ka Aapo Ilves ja Ira Lember.<br \/>\nIllustratsioonideks Kaunite-kooli lapsed, kes ise neid laule stuudios ka laulmas k\u00e4isid.<br \/>\nLaulikut ja plaati saab osta eraldi ja ka komplektina.<\/p>\n<p>Kui kirjastus VIRGO algusaastail ilmus esimene \u201eEma on pai\u201c laulik, millele j\u00e4rgnes m\u00f5ne aja p\u00e4rast ka heliplaat, j\u00e4i see pikaks ajaks \u00fcheks edukamaks kogumikuks. Loodame et j\u00e4rg sellele saab sama armastatud olema.<\/p>\n<p>Laulud plaadil ja laulikus on j\u00e4rgmised:<\/p>\n<ul>\n<li>Ema on pai (Kaari Sillamaa) Meero Muusiku Beebikooli ansambel, KKK Mudilased, Poiste ansambel ja Lastekoor<\/li>\n<li>Isa sa oled nii tore (Kaari Sillamaa) Mudilasteater<\/li>\n<li>Issi p\u00e4ikene (Hille Savi) Mudilaste Laulu-ja n\u00e4itering, s: Eliise Dart\u0161a\u0161vili<\/li>\n<li>Meie pere laul (Janika Sillamaa\/Kaari Sillamaa) Mudilasteater<\/li>\n<li>V\u00e4rvikirev Eestimaa (Kaari Sillamaa) Lastekoor<\/li>\n<li>Vana aja valgus (Kaari Sillamaa) Mathias Pe\u0161kov ja Lastekoori t\u00fctarlaste ansambel<\/li>\n<li>Veeremise valss (Kaari Sillamaa) Mudilaskoor<\/li>\n<li>Minu papsil on rokiklubi (Janika Sillamaa) Joonas Segaert ja Lastekoori poisid<\/li>\n<li>Mammu korjamine (Kaia H\u00e4elme\/Kaari Sillamaa) Mudilaste Laulu-ja n\u00e4itering, s: Gerda Urbas, Birgithe Mia Vanem, Piia Rebeka Tambek ja Britt Ida Loviisa Zujev<\/li>\n<li>S\u00fcgisene turg (Kaari Sillamaa) Annaliise Anvelt, Grete Saue, Katrina J\u00f5enurm, Marianna Tuisk, Vanessa Maribel M\u00e4gi<\/li>\n<li>Pr\u00fcgilaul (Kaari Sillamaa) Kalli Karmel Jaani ja Mia-Ly Tooming<\/li>\n<li>V\u00e4ike moekunstnik (Kertu Raja\/Kaari Sillamaa) Adeele Allas, Vivian Vardja ja Maarja Malva<\/li>\n<li>Kaotajad (Katre Jaani\/Kaari Sillamaa) Annaliise Anvelt, Grete Saue, Katrina J\u00f5enurm, Marianna Tuisk, Vanessa Maribel M\u00e4gi<\/li>\n<li>M\u00e4nguasjade pidu (Kaari Sillamaa) Lastekoor<\/li>\n<li>Tudu tudu nukuke (Janika Sillamaa\/Kaari Sillamaa) Mudilasteater, s: Agnes Kaljo ja Mirtel Kuusk.<\/li>\n<li>Kaisum\u00f5mmi (Merlin Porkma) Mudilasteater, s: Chasper Pe\u0161kov<\/li>\n<li>Meres\u00f5it (Marianna Tuisk\/Kaari Sillamaa) Marianna Tuisk ning Annaliise Anvelt, Grete Saue, Katrina J\u00f5enurm ja Vanessa Maribel M\u00e4gi<\/li>\n<li>Tuhkatriinu m\u00e4ng (Kaari Sillamaa) Mudilasteatri vilistlased s: Laura P\u00e4rtelpoeg ja Mirge Velling.<\/li>\n<li>N\u00f5iapidu (Kaari Sillamaa) Lastekoori t\u00fctarlaste ansambel, s: Sarah Sophia Kraas<\/li>\n<li>Hiirte piknik (Janika Sillamaa\/Kaari Sillamaa) Mudilaskoor<\/li>\n<li>Karum\u00f5mmi talveuni (Kaarel Orum\u00e4gi\/Kaari Sillamaa) Marianna Tuisk<\/li>\n<li>Konnade laul (Hille Savi\/Kaari Sillamaa) Reio Leinus ja Priidu Leinus<\/li>\n<li>\u00d5un. \u00d5un, \u00f5unake (Kaarel Orum\u00e4gi\/Aapo Ilves) Annaliise Anvelt<\/li>\n<li>Lillelaul (Kaari Sillamaa) Mudilasteatri vilistlased s: Jennifer J\u00fcris, Maria Katarina Roolaht, Maria Treufeldt ja Lizette Dorbek<\/li>\n<li>P\u00e4kapiku kommilaul (Hille Savi\/Kaari Sillamaa) Robert Rahu Metsala<\/li>\n<li>Kuuse ehtimise laul (Hille Savi) Mudilaste Laulu-ja n\u00e4itering<\/li>\n<li>Salasoovid (Hille Savi\/Kaari Sillamaa) Eliisabel S\u00e4ra Metsala.<\/li>\n<li>Lumehelbekeste laul (Hille Savi\/Kaari Sillamaa) Mudilaste Laulu-ja n\u00e4itering<\/li>\n<li>Inglid taevas laulgem (Kaari Sillamaa) Mudilasteater koos vilistlastega<\/li>\n<li>J\u00f5ulu\u00f6\u00f6 (Ele Millistrfer\/Ira Lember) Grete Saue ja Sonja Viktoria Ustav<\/li>\n<\/ul>\n<p>Karbisoleval teisel CD-l on k\u00f5igi laulude fonogrammid samas j\u00e4rjekorras<\/p>\n","protected":false},"excerpt":{"rendered":"<p>\u201eEma on pai II&#8221; CD-l on nagu laulikuski 30 meeleolukat lastelaulu, mille autoriteks on Kaari ja Janika Sillamaa, Kaarel Orum\u00e4gi, Hille Savi, Ele Millistfer, Katre Jaani, Merlin Porkma, Kertu Raja,&#8230;<\/p>\n","protected":false},"featured_media":15260,"comment_status":"closed","ping_status":"closed","template":"","meta":{"_monsterinsights_skip_tracking":false,"_monsterinsights_sitenote_active":false,"_monsterinsights_sitenote_note":"","_monsterinsights_sitenote_category":0},"product_brand":[],"product_cat":[124],"product_tag":[],"class_list":{"0":"post-15228","1":"product","2":"type-product","3":"status-publish","4":"has-post-thumbnail","6":"product_cat-cd","8":"first","9":"instock","10":"shipping-taxable","11":"purchasable","12":"product-type-simple"},"_links":{"self":[{"href":"https:\/\/lkkk.ee\/pood\/wp-json\/wp\/v2\/product\/15228","targetHints":{"allow":["GET"]}}],"collection":[{"href":"https:\/\/lkkk.ee\/pood\/wp-json\/wp\/v2\/product"}],"about":[{"href":"https:\/\/lkkk.ee\/pood\/wp-json\/wp\/v2\/types\/product"}],"replies":[{"embeddable":true,"href":"https:\/\/lkkk.ee\/pood\/wp-json\/wp\/v2\/comments?post=15228"}],"wp:featuredmedia":[{"embeddable":true,"href":"https:\/\/lkkk.ee\/pood\/wp-json\/wp\/v2\/media\/15260"}],"wp:attachment":[{"href":"https:\/\/lkkk.ee\/pood\/wp-json\/wp\/v2\/media?parent=15228"}],"wp:term":[{"taxonomy":"product_brand","embeddable":true,"href":"https:\/\/lkkk.ee\/pood\/wp-json\/wp\/v2\/product_brand?post=15228"},{"taxonomy":"product_cat","embeddable":true,"href":"https:\/\/lkkk.ee\/pood\/wp-json\/wp\/v2\/product_cat?post=15228"},{"taxonomy":"product_tag","embeddable":true,"href":"https:\/\/lkkk.ee\/pood\/wp-json\/wp\/v2\/product_tag?post=15228"}],"curies":[{"name":"wp","href":"https:\/\/api.w.org\/{rel}","templated":true}]}}