{"id":15227,"date":"2024-08-12T20:36:56","date_gmt":"2024-08-12T20:36:56","guid":{"rendered":"https:\/\/lkkk.ee\/pood\/?post_type=product&#038;p=15227"},"modified":"2024-08-21T15:03:53","modified_gmt":"2024-08-21T15:03:53","slug":"duetid-muusikalidest-2","status":"publish","type":"product","link":"https:\/\/lkkk.ee\/pood\/product\/duetid-muusikalidest-2\/","title":{"rendered":"Duetid muusikalidest 2"},"content":{"rendered":"<div>Teadaolevalt on duett \u00fcks t\u00e4htsaim muusikaline komponent mistahes muusikalis, ooperis, aga ka draamat\u00fckis (dialoogina). Seega ei ole ka Kaunite Kunstide Kooli Muusikateatril repertuaaris \u00fchtki lavalugu, kus poleks v\u00e4hemalt \u00fchtki meeleolukat duetti &#8211; pigem on neid rohkem.<\/div>\n<div>Seega ei olnud koostaja Janika Sillamaal raske heliplaadile materjali leida. Raskus tekkis siis, kui paljude \u00e4gedate duettide seast oli vaja v\u00e4lja valida ainult 12.<\/div>\n<div><\/div>\n<div>Nii sisaldab nimetatud heliplaat duette erinevaile vokaalsetele v\u00f5imetele ja koosseisudele:<\/div>\n<div><\/div>\n<ul>\n<li>Igatsus suur kui ookean (\u201eMerineitsi\u201c) esit: Johanna-Elise Kabel ja Jaagup Tuisk<\/li>\n<li>Lonni ja Marta tango (\u201eM\u00fcllersonide kadunud sugulane\u201c) esit: Kertu Raja ja Fatme Helge Leevald<\/li>\n<li>T\u00f5rust tammekene (\u201eSalme\u201c) esit: Franck Reisner ja Anette P\u00e4rn<\/li>\n<li>T\u00e4nap\u00e4eva noored (\u201eRokkivad detektiivid\u201c) esit: Joonas Sirel ja Eliise Ra T\u00f5em\u00e4e<\/li>\n<li>India ootab meid (\u201eJane Eyre\u201c) esit: Kaarel Orum\u00e4gi ja Keidi Vatter<\/li>\n<li>Kui lubab t\u00e4htede seis (\u201ePuujala ja \u00dckssilma s\u00f5da\u201c) esit: Viona Vipper ja Joonas Segaert<\/li>\n<li>Ajakoridoris (\u201eVerelegend\u201c) esit: Mark Oliver Rahn ja Brigitta Ambur<\/li>\n<li>Otsast otsani armastust t\u00e4is (\u201eD\u00e9sir\u00e9e\u201c) esit: Getter Jaani ja Artur Rassmann<\/li>\n<li>Pruudilaul (\u201eKarukihv\u201c) esit: Annaliise Anvelt ja Marianna Tuisk<\/li>\n<li>Kokku tuleb hoida (\u201eLumeeit\u201c) esit: Kertu Kangro ja Astrid N\u00e4\u00e4lik<\/li>\n<li>Lumekuninganna ja Kaj (\u201eLumekuninganna\u201c) esit: Violeta Osula ja Johann Ortin \u00d5un<\/li>\n<li>Mari ja Siili duett (\u201eM\u00e4ng\u201c) esit: Lucia Lass ja Mathias Pe\u0161kov<\/li>\n<\/ul>\n<div>13-24 &#8211; on k\u00f5igi laulude fonogrammid<\/div>\n","protected":false},"excerpt":{"rendered":"<p>Teadaolevalt on duett \u00fcks t\u00e4htsaim muusikaline komponent mistahes muusikalis, ooperis, aga ka draamat\u00fckis (dialoogina). Seega ei ole ka Kaunite Kunstide Kooli Muusikateatril repertuaaris \u00fchtki lavalugu, kus poleks v\u00e4hemalt \u00fchtki meeleolukat&#8230;<\/p>\n","protected":false},"featured_media":15259,"comment_status":"closed","ping_status":"closed","template":"","meta":{"_monsterinsights_skip_tracking":false,"_monsterinsights_sitenote_active":false,"_monsterinsights_sitenote_note":"","_monsterinsights_sitenote_category":0},"product_brand":[],"product_cat":[124],"product_tag":[],"class_list":{"0":"post-15227","1":"product","2":"type-product","3":"status-publish","4":"has-post-thumbnail","6":"product_cat-cd","8":"first","9":"instock","10":"shipping-taxable","11":"purchasable","12":"product-type-simple"},"_links":{"self":[{"href":"https:\/\/lkkk.ee\/pood\/wp-json\/wp\/v2\/product\/15227","targetHints":{"allow":["GET"]}}],"collection":[{"href":"https:\/\/lkkk.ee\/pood\/wp-json\/wp\/v2\/product"}],"about":[{"href":"https:\/\/lkkk.ee\/pood\/wp-json\/wp\/v2\/types\/product"}],"replies":[{"embeddable":true,"href":"https:\/\/lkkk.ee\/pood\/wp-json\/wp\/v2\/comments?post=15227"}],"wp:featuredmedia":[{"embeddable":true,"href":"https:\/\/lkkk.ee\/pood\/wp-json\/wp\/v2\/media\/15259"}],"wp:attachment":[{"href":"https:\/\/lkkk.ee\/pood\/wp-json\/wp\/v2\/media?parent=15227"}],"wp:term":[{"taxonomy":"product_brand","embeddable":true,"href":"https:\/\/lkkk.ee\/pood\/wp-json\/wp\/v2\/product_brand?post=15227"},{"taxonomy":"product_cat","embeddable":true,"href":"https:\/\/lkkk.ee\/pood\/wp-json\/wp\/v2\/product_cat?post=15227"},{"taxonomy":"product_tag","embeddable":true,"href":"https:\/\/lkkk.ee\/pood\/wp-json\/wp\/v2\/product_tag?post=15227"}],"curies":[{"name":"wp","href":"https:\/\/api.w.org\/{rel}","templated":true}]}}