{"id":15226,"date":"2024-08-12T20:36:56","date_gmt":"2024-08-12T20:36:56","guid":{"rendered":"https:\/\/lkkk.ee\/pood\/?post_type=product&#038;p=15226"},"modified":"2024-08-21T15:03:36","modified_gmt":"2024-08-21T15:03:36","slug":"duetid-muusikalidest-1","status":"publish","type":"product","link":"https:\/\/lkkk.ee\/pood\/product\/duetid-muusikalidest-1\/","title":{"rendered":"Duetid muusikalidest 1"},"content":{"rendered":"<p>Kaunite Kooli muusikateatritel on alati olnud h\u00e4id vokaliste, keda oleks patt mitte j\u00e4\u00e4dvustada.<br \/>\nKuna ka muusikalilooming on suureks paisunud, siis ei olnud raske leida eriilmelisi duette, mida \u00fchele CD-le sobitada! Arvestades et plaati kuulavad ja ehk ka laulma hakkavad mitmes vanuses lapsed, on siinne valik ka mitmekesine &#8211; lihtsad lood v\u00e4iksematele ja keerulised suurematele esitajatele.<\/p>\n<ul>\n<li>Iga t\u00fctarlapse kohus (\u201eTuhkatriinu\u201c) Helen M\u00e4nnik, Keidi Vatter<\/li>\n<li>Vaata ette laps (\u201eSaabastega Kass\u201c) Elizabeth Keizars, Maria Mitt<\/li>\n<li>Passodoble (\u201eKeisri uued r\u00f5ivad\u201c) Otto Oliver Olgo, Arti K\u00f5helik<\/li>\n<li>Valmis pole selleks ma (\u201eMerineitsi\u201c) Hille Savi, Brey Velberg<\/li>\n<li>Ma n\u00e4gin und (\u201eOkasroosike\u201c) Anne-Mary L\u00e4ll, Taavet Borovkov<\/li>\n<li>N\u00e4u-n\u00e4u teekond (\u201eSaabastega Kass\u201c) Marian Perkmann, Johanna Elisabeth Ader<\/li>\n<li>Elu valikuid seab (\u201eTuhkatriinu\u201c)Hille Savi, Kaarel Raidam<\/li>\n<li>Kui sa m\u00e4rkad \u00fcht t\u00fcdrukut (\u201eMerineitsi\u201c) Kasper Raidam, Andrus Muuga<\/li>\n<li>Mu hing on kurb (\u201eP\u00f6ial-Liisi\u201c)Getter Raidam, KatriTopolev<\/li>\n<li>Olen sind kaua ma j\u00e4lginud (\u201e12 kuud\u201c) Linda Maria Varris, Andri Suga<\/li>\n<li>Vahed juhtuvad imed (\u201eMerineitsi\u201c) Mirjam Olesk, Gerda Lukkonen<\/li>\n<li>Imeline (\u201eTuhkatriinu\u201c) Getter Jaani, Kasper Raidam<\/li>\n<\/ul>\n<p>12-le laulule j\u00e4rgnevad k\u00f5igi lugude fonogrammid.<br \/>\nHeliplaadi kaaneraamatus on kirjas ka k\u00f5ikide laulude s\u00f5nad ja loomulikult autorid, juhendajad, helire\u017eiss\u00f6\u00f6rid jt.<\/p>\n","protected":false},"excerpt":{"rendered":"<p>Kaunite Kooli muusikateatritel on alati olnud h\u00e4id vokaliste, keda oleks patt mitte j\u00e4\u00e4dvustada. Kuna ka muusikalilooming on suureks paisunud, siis ei olnud raske leida eriilmelisi duette, mida \u00fchele CD-le sobitada!&#8230;<\/p>\n","protected":false},"featured_media":15258,"comment_status":"closed","ping_status":"closed","template":"","meta":{"_monsterinsights_skip_tracking":false,"_monsterinsights_sitenote_active":false,"_monsterinsights_sitenote_note":"","_monsterinsights_sitenote_category":0},"product_brand":[],"product_cat":[124],"product_tag":[],"class_list":{"0":"post-15226","1":"product","2":"type-product","3":"status-publish","4":"has-post-thumbnail","6":"product_cat-cd","8":"first","9":"instock","10":"shipping-taxable","11":"purchasable","12":"product-type-simple"},"_links":{"self":[{"href":"https:\/\/lkkk.ee\/pood\/wp-json\/wp\/v2\/product\/15226","targetHints":{"allow":["GET"]}}],"collection":[{"href":"https:\/\/lkkk.ee\/pood\/wp-json\/wp\/v2\/product"}],"about":[{"href":"https:\/\/lkkk.ee\/pood\/wp-json\/wp\/v2\/types\/product"}],"replies":[{"embeddable":true,"href":"https:\/\/lkkk.ee\/pood\/wp-json\/wp\/v2\/comments?post=15226"}],"wp:featuredmedia":[{"embeddable":true,"href":"https:\/\/lkkk.ee\/pood\/wp-json\/wp\/v2\/media\/15258"}],"wp:attachment":[{"href":"https:\/\/lkkk.ee\/pood\/wp-json\/wp\/v2\/media?parent=15226"}],"wp:term":[{"taxonomy":"product_brand","embeddable":true,"href":"https:\/\/lkkk.ee\/pood\/wp-json\/wp\/v2\/product_brand?post=15226"},{"taxonomy":"product_cat","embeddable":true,"href":"https:\/\/lkkk.ee\/pood\/wp-json\/wp\/v2\/product_cat?post=15226"},{"taxonomy":"product_tag","embeddable":true,"href":"https:\/\/lkkk.ee\/pood\/wp-json\/wp\/v2\/product_tag?post=15226"}],"curies":[{"name":"wp","href":"https:\/\/api.w.org\/{rel}","templated":true}]}}