{"id":15186,"date":"2024-08-12T20:36:33","date_gmt":"2024-08-12T20:36:33","guid":{"rendered":"https:\/\/lkkk.ee\/pood\/?post_type=product&#038;p=15186"},"modified":"2024-08-25T08:49:10","modified_gmt":"2024-08-25T08:49:10","slug":"tutarlaste-kooli-juhtum","status":"publish","type":"product","link":"https:\/\/lkkk.ee\/pood\/product\/tutarlaste-kooli-juhtum\/","title":{"rendered":"T\u00fctarlaste kooli juhtum DVD"},"content":{"rendered":"<p>Sotsiaaldraama<\/p>\n<p>2005<\/p>\n<p>Film sellest,\u00a0 kuidas \u00a0v\u00e4ikeset\u00a0 juhusest \u00a0v\u00f5ib hakata\u00a0 liikuma\u00a0 traagiliste\u00a0 s\u00fcndmuste\u00a0 ahel,\u00a0 mis\u00a0 viib\u00a0 \u00fched\u00a0 noored\u00a0 inimesed\u00a0 trellide\u00a0 taha,\u00a0 teised\u00a0 hauda\u00a0 ja\u00a0 kolmandatel\u00a0 muudab\u00a0 elu\u00a0 t\u00e4ielikult.<br \/>\nS\u00fcndmused hargnevad mitmel tasandil, tekitades p\u00f5rkudes aina uusi keerds\u00f5lmi.<br \/>\nFilm k\u00e4sitleb mitmeid teemasid n\u00fc\u00fcdisaja elu\u00a0pahupoolelt \u2013 uimastid,\u00a0 AIDS,\u00a0 kooli- \u00a0ja koduv\u00e4givald,\u00a0 noorte\u00a0 kuritegevus \u00a0jne.<br \/>\nSamas\u00a0 n\u00e4itab\u00a0 film,\u00a0 et\u00a0 keegi\u00a0 neist\u00a0 noortest,\u00a0 kes\u00a0 kannavad\u00a0 mitmeid\u00a0 tegevusliine,\u00a0 pole\u00a0 s\u00fcndinud\u00a0 narkomaanideks\u00a0 ega\u00a0 kurjategijaiks,\u00a0 vaid\u00a0 et\u00a0 nad\u00a0 on\u00a0 selleks\u00a0 saanud\u00a0 mingite\u00a0 asjaolude\u00a0 t\u00f5ttu\u00a0 t\u00e4nap\u00e4eva\u00a0 \u00fchiskonnas. Ja \u00a0et\u00a0 keegi\u00a0 neist\u00a0 pole\u00a0 tegelikult \u00a0l\u00f5puni\u00a0 halb,\u00a0 et\u00a0\u00a0 maailm\u00a0 pole\u00a0 must-valge.<br \/>\nS\u00fc\u017eeest\u00a0 ei\u00a0 puudu\u00a0 inimlikud\u00a0 tunded: s\u00f5prus,\u00a0 armastus,\u00a0 kadedus,\u00a0 vihkamine,\u00a0 k\u00e4ttemaks.\u00a0 Samuti\u00a0 tavatusse\u00a0 olukorda\u00a0 sattunud\u00a0 inimese\u00a0 tavatu\u00a0 reaktsioon\u00a0 ja\u00a0 tegutsemine,\u00a0 mis\u00a0 toob\u00a0 kaasa\u00a0 tavatu\u00a0 tulemuse.<br \/>\nV\u00f5tted toimusid Haapsalus, aga ka Tallinnas \u2013 Pelgulinna Haiglas, Linnahalli sadamas, Copterline`i kopteris, koolides ja kodudes.<\/p>\n<p>Autor Kaari Sillamaa (\u00f5pilaste ideede p\u00f5hjal), lavastaja Elle Kull<br \/>\nRe\u017eiss\u00f6\u00f6r Kalev Lepik, kunstnikud Mari-Ann Mardo ja Merli Kutsar, muusika Kaari ja Virgo Sillamaa ning Koit Toome.<br \/>\nV\u00f5ttegrupp: Kalev Lepik, Elle Kull, Magnus Suitso, Henn Liiva.<\/p>\n<p>Peaosades Laura Kukk ja Katri Topolev. Suuremates rollides\u00a0Hanna J\u00f5ers, Getter Raidam, Margit Noormets, Kee Abel, Susanna Epner, Sten Uustalu, Raivo Loo, Kertu Raja, Andrus\u00a0Joala jpt. Tallinna ja Haapsalu koolide \u00f5pilased.\u00a0Ja veel\u00a0Angelina Semjonova, Merle Talvik, Reet Paavel, Marin M\u00e4gi,\u00a0Ken-Marti Vaher, Liivika Hanstin, Kalev \u00d5unapuu jt.<\/p>\n","protected":false},"excerpt":{"rendered":"<p>Sotsiaaldraama 2005 Film sellest,\u00a0 kuidas \u00a0v\u00e4ikeset\u00a0 juhusest \u00a0v\u00f5ib hakata\u00a0 liikuma\u00a0 traagiliste\u00a0 s\u00fcndmuste\u00a0 ahel,\u00a0 mis\u00a0 viib\u00a0 \u00fched\u00a0 noored\u00a0 inimesed\u00a0 trellide\u00a0 taha,\u00a0 teised\u00a0 hauda\u00a0 ja\u00a0 kolmandatel\u00a0 muudab\u00a0 elu\u00a0 t\u00e4ielikult. S\u00fcndmused hargnevad mitmel&#8230;<\/p>\n","protected":false},"featured_media":15216,"comment_status":"closed","ping_status":"closed","template":"","meta":{"_monsterinsights_skip_tracking":false,"_monsterinsights_sitenote_active":false,"_monsterinsights_sitenote_note":"","_monsterinsights_sitenote_category":0},"product_brand":[],"product_cat":[121],"product_tag":[],"class_list":{"0":"post-15186","1":"product","2":"type-product","3":"status-publish","4":"has-post-thumbnail","6":"product_cat-filmid","7":"product_shipping_class-europe","9":"first","10":"instock","11":"shipping-taxable","12":"purchasable","13":"product-type-simple"},"_links":{"self":[{"href":"https:\/\/lkkk.ee\/pood\/wp-json\/wp\/v2\/product\/15186","targetHints":{"allow":["GET"]}}],"collection":[{"href":"https:\/\/lkkk.ee\/pood\/wp-json\/wp\/v2\/product"}],"about":[{"href":"https:\/\/lkkk.ee\/pood\/wp-json\/wp\/v2\/types\/product"}],"replies":[{"embeddable":true,"href":"https:\/\/lkkk.ee\/pood\/wp-json\/wp\/v2\/comments?post=15186"}],"wp:featuredmedia":[{"embeddable":true,"href":"https:\/\/lkkk.ee\/pood\/wp-json\/wp\/v2\/media\/15216"}],"wp:attachment":[{"href":"https:\/\/lkkk.ee\/pood\/wp-json\/wp\/v2\/media?parent=15186"}],"wp:term":[{"taxonomy":"product_brand","embeddable":true,"href":"https:\/\/lkkk.ee\/pood\/wp-json\/wp\/v2\/product_brand?post=15186"},{"taxonomy":"product_cat","embeddable":true,"href":"https:\/\/lkkk.ee\/pood\/wp-json\/wp\/v2\/product_cat?post=15186"},{"taxonomy":"product_tag","embeddable":true,"href":"https:\/\/lkkk.ee\/pood\/wp-json\/wp\/v2\/product_tag?post=15186"}],"curies":[{"name":"wp","href":"https:\/\/api.w.org\/{rel}","templated":true}]}}