{"id":15185,"date":"2024-08-12T20:36:33","date_gmt":"2024-08-12T20:36:33","guid":{"rendered":"https:\/\/lkkk.ee\/pood\/?post_type=product&#038;p=15185"},"modified":"2024-08-25T08:48:36","modified_gmt":"2024-08-25T08:48:36","slug":"tuhkatriinu","status":"publish","type":"product","link":"https:\/\/lkkk.ee\/pood\/product\/tuhkatriinu\/","title":{"rendered":"Tuhkatriinu DVD"},"content":{"rendered":"<p>Muusikali autorid on Kaari ja Janika Sillamaa, raamatu kujundaja Riina Soom.<br \/>\nRaamat on eelk\u00f5ige m\u00f5eldud neile, kel plaanis \u201eTuhkatriinu&#8221; lugu lavale tuua &#8211; on ju teatritegemine \u00fcks p\u00f5nev asi, mida koos s\u00f5prade ja\/v\u00f5i klassikaaslastega ette v\u00f5tta.<br \/>\n\u00dctleme ka \u00e4ra, et siinsamas VIRGO poes on filmiriiulis t\u00e4pselt samasuguse kaanepildiga \u201eTuhkatriinu&#8221; film m\u00fc\u00fcgil &#8211; kus on k\u00f5ik samad tegelased, samad dialoogid ja samad laulud, mis raamatuski, m\u00f5nda isegi rohkem.<br \/>\nFilmi saab soetada &#8211; ostes allalaadimise \u00f5iguse v\u00f5i DVD. Tuhkatriinu rollis Getter Jaani.<\/p>\n<p>Tutvustuseks:<br \/>\n\u201eTuhkatriinu\u201c\u00a0lugu on teatavasti p\u00e4rit v\u00e4ga ammusest ajast, juba 1.sajandil r\u00e4\u00e4giti orjatarist, kelle kinga oli varastanud vaarao Ahmosise pistrik ning selle oma isandale viinud. Kinga proovisid siis nii rikkad kui vaesed t\u00fcdrukud ja l\u00f5puks kui see omaniku leidis, kosiski vaarao naiseks samase orjat\u00fcdruku.<\/p>\n<p>Meie &#8220;Tuhkatriinu&#8221; on p\u00e4rit siiski hilisemast ajast &#8211; Charles Perrault`ja edasi vendade Grimmide variandi j\u00e4rgi. Et on vaeslaps, tema kiuslikud kasu\u00f5ed ning haldjas, kelle abiga vaene t\u00fctarlaps ballile p\u00e4\u00e4seb, seal printsi s\u00fcdame v\u00f5idab ja p\u00e4rast kinga proovimist tema kaasaks saab.<\/p>\n<p>Raamatus libreto, laulude noodid ja fotoillustratsioonid tegelastest l\u00e4bi mitme lavastuse.<br \/>\nCD-l raamatu tagakaane taskus on laulud ja m\u00f5ned valitud fonogrammid ning instrumentaalsed vahepalad.<\/p>\n<p>Tr\u00fckitud tr\u00fckikojas Vali Press.<br \/>\nPlaadil esitavad Tuhkatriinu laule Getter Jaani, Linda-Ellen Toom ja Elisabet Kruusmets, printsi laule Kasper Raidam ja Mathias Pe\u0161kov ning haldjat, kes Tuhkatriinule kauni kleidi v\u00f5lus ja kristallkingad kinkis &#8211; Anete Maria Kuklane ja Laura P\u00e4rtelpoeg.<\/p>\n<p>K\u00f5ik muud laulud on esitatud Kaari Sillamaa Muusikateatri \u00f5pilaste ja vilistlaste poolt.<br \/>\nSalvestatud Studio89-s (helire\u017eiss\u00f6\u00f6r Franck Reisner) ja varasemalt m\u00f5ned lood Cherryland Music Studios (helire\u017eiss\u00f6\u00f6r Joel Kirsimaa), mastering Koit Saarm\u00e4e.<\/p>\n","protected":false},"excerpt":{"rendered":"<p>Muusikali autorid on Kaari ja Janika Sillamaa, raamatu kujundaja Riina Soom. Raamat on eelk\u00f5ige m\u00f5eldud neile, kel plaanis \u201eTuhkatriinu&#8221; lugu lavale tuua &#8211; on ju teatritegemine \u00fcks p\u00f5nev asi, mida&#8230;<\/p>\n","protected":false},"featured_media":15215,"comment_status":"closed","ping_status":"closed","template":"","meta":{"_monsterinsights_skip_tracking":false,"_monsterinsights_sitenote_active":false,"_monsterinsights_sitenote_note":"","_monsterinsights_sitenote_category":0},"product_brand":[],"product_cat":[121],"product_tag":[],"class_list":{"0":"post-15185","1":"product","2":"type-product","3":"status-publish","4":"has-post-thumbnail","6":"product_cat-filmid","7":"product_shipping_class-europe","9":"first","10":"instock","11":"shipping-taxable","12":"purchasable","13":"product-type-simple"},"_links":{"self":[{"href":"https:\/\/lkkk.ee\/pood\/wp-json\/wp\/v2\/product\/15185","targetHints":{"allow":["GET"]}}],"collection":[{"href":"https:\/\/lkkk.ee\/pood\/wp-json\/wp\/v2\/product"}],"about":[{"href":"https:\/\/lkkk.ee\/pood\/wp-json\/wp\/v2\/types\/product"}],"replies":[{"embeddable":true,"href":"https:\/\/lkkk.ee\/pood\/wp-json\/wp\/v2\/comments?post=15185"}],"wp:featuredmedia":[{"embeddable":true,"href":"https:\/\/lkkk.ee\/pood\/wp-json\/wp\/v2\/media\/15215"}],"wp:attachment":[{"href":"https:\/\/lkkk.ee\/pood\/wp-json\/wp\/v2\/media?parent=15185"}],"wp:term":[{"taxonomy":"product_brand","embeddable":true,"href":"https:\/\/lkkk.ee\/pood\/wp-json\/wp\/v2\/product_brand?post=15185"},{"taxonomy":"product_cat","embeddable":true,"href":"https:\/\/lkkk.ee\/pood\/wp-json\/wp\/v2\/product_cat?post=15185"},{"taxonomy":"product_tag","embeddable":true,"href":"https:\/\/lkkk.ee\/pood\/wp-json\/wp\/v2\/product_tag?post=15185"}],"curies":[{"name":"wp","href":"https:\/\/api.w.org\/{rel}","templated":true}]}}