{"id":15184,"date":"2024-08-12T20:36:33","date_gmt":"2024-08-12T20:36:33","guid":{"rendered":"https:\/\/lkkk.ee\/pood\/?post_type=product&#038;p=15184"},"modified":"2024-08-25T08:48:15","modified_gmt":"2024-08-25T08:48:15","slug":"torm","status":"publish","type":"product","link":"https:\/\/lkkk.ee\/pood\/product\/torm\/","title":{"rendered":"Torm DVD"},"content":{"rendered":"<p>Fantaasiafilm &#8220;Torm&#8221; &#8211; William Shakespeare\u00b4i ainetel.<br \/>\nStsenarist, re\u017eiss\u00f6\u00f6r-lavastaja ja helilooja Janika Sillamaa<br \/>\nLavastaja assistent ja koreograaf Kaarel Orum\u00e4gi<br \/>\nKunstnik Doris Vahtra, kost\u00fc\u00fcmikunstnik Janika Sillamaa<\/p>\n<p>On torm, on saladuslik muinasjutuline saar, kuhu satuvad p\u00e4\u00e4senud hukkunud laevalt.<br \/>\nSaare isehakanud valitseja on maag Pera, kes elab vanas majakas koos oma noorema \u00f5e Miraga, kellega koos ta aastaid tagasi saarele sattus.<\/p>\n<p>Tormis hukkunud laeva pardal reisib Pera ning Mira \u00f5de Tonja ja sealt hakkavad s\u00fcndmused hargnema.<\/p>\n<p>&#8220;Torm&#8221; on Kaunite kooli 29. film, mille V\u00f5tted toimusid 2020a juulikuus Vormsi saarel ja Tallinna lahel &#8211; jahil Lulu!<br \/>\nM\u00e4ngivad 38 Kaunite kooli \u00f5pilast.<\/p>\n<p>V\u00f5ttegrupp: Janika Sillamaa, Virko Veskoja, Mats Kangur, Andrus Muuga, Franck Reisner, Kauro Tafit\u0161uk, Eva Maris K\u00fcngas.<\/p>\n","protected":false},"excerpt":{"rendered":"<p>Fantaasiafilm &#8220;Torm&#8221; &#8211; William Shakespeare\u00b4i ainetel. Stsenarist, re\u017eiss\u00f6\u00f6r-lavastaja ja helilooja Janika Sillamaa Lavastaja assistent ja koreograaf Kaarel Orum\u00e4gi Kunstnik Doris Vahtra, kost\u00fc\u00fcmikunstnik Janika Sillamaa On torm, on saladuslik muinasjutuline saar,&#8230;<\/p>\n","protected":false},"featured_media":15214,"comment_status":"closed","ping_status":"closed","template":"","meta":{"_monsterinsights_skip_tracking":false,"_monsterinsights_sitenote_active":false,"_monsterinsights_sitenote_note":"","_monsterinsights_sitenote_category":0},"product_brand":[],"product_cat":[121],"product_tag":[],"class_list":{"0":"post-15184","1":"product","2":"type-product","3":"status-publish","4":"has-post-thumbnail","6":"product_cat-filmid","7":"product_shipping_class-europe","9":"first","10":"instock","11":"shipping-taxable","12":"purchasable","13":"product-type-simple"},"_links":{"self":[{"href":"https:\/\/lkkk.ee\/pood\/wp-json\/wp\/v2\/product\/15184","targetHints":{"allow":["GET"]}}],"collection":[{"href":"https:\/\/lkkk.ee\/pood\/wp-json\/wp\/v2\/product"}],"about":[{"href":"https:\/\/lkkk.ee\/pood\/wp-json\/wp\/v2\/types\/product"}],"replies":[{"embeddable":true,"href":"https:\/\/lkkk.ee\/pood\/wp-json\/wp\/v2\/comments?post=15184"}],"wp:featuredmedia":[{"embeddable":true,"href":"https:\/\/lkkk.ee\/pood\/wp-json\/wp\/v2\/media\/15214"}],"wp:attachment":[{"href":"https:\/\/lkkk.ee\/pood\/wp-json\/wp\/v2\/media?parent=15184"}],"wp:term":[{"taxonomy":"product_brand","embeddable":true,"href":"https:\/\/lkkk.ee\/pood\/wp-json\/wp\/v2\/product_brand?post=15184"},{"taxonomy":"product_cat","embeddable":true,"href":"https:\/\/lkkk.ee\/pood\/wp-json\/wp\/v2\/product_cat?post=15184"},{"taxonomy":"product_tag","embeddable":true,"href":"https:\/\/lkkk.ee\/pood\/wp-json\/wp\/v2\/product_tag?post=15184"}],"curies":[{"name":"wp","href":"https:\/\/api.w.org\/{rel}","templated":true}]}}