{"id":15181,"date":"2024-08-12T20:36:33","date_gmt":"2024-08-12T20:36:33","guid":{"rendered":"https:\/\/lkkk.ee\/pood\/?post_type=product&#038;p=15181"},"modified":"2024-08-25T08:47:09","modified_gmt":"2024-08-25T08:47:09","slug":"rokkivad-detektiivid","status":"publish","type":"product","link":"https:\/\/lkkk.ee\/pood\/product\/rokkivad-detektiivid\/","title":{"rendered":"Rokkivad detektiivid DVD"},"content":{"rendered":"<p>Krimirokk-muusikalfilm \u201eRokkivad detektiivid\u201c<br \/>\nStsenaarium ja muusika \u2013 Janika Sillamaa<br \/>\nRe\u017eiss\u00f6\u00f6r-lavastaja Katre Jaani, juhtoperaator Virko Veskoja<\/p>\n<p>Tutvustus:<\/p>\n<p>Kui \u00fches tavalises muusikakoolis, kus \u00f5pivad-\u00f5petavad tavalised \u00f5pilased-\u00f5petajad ja isegi koristajamutt \u00f5iendab k\u00f5igiga t\u00e4iesti tavalisel moel \u2013 hakkavad toimuma ebatavalised asjad,\u00a0muutub korraga k\u00f5ik tavaline ebatavaliseks.\u00a0Nii juhtubki \u2013 et kui pilliruumist hakkavad kaduma pillid, algul v\u00e4iksemad ja t\u00e4htsusetumad, siis juba suuremad ja kallimad,\u00a0otsustavad lapsed hakata ise asja uurima.<\/p>\n<p>V\u00f5tted toimusid 2018a juulis Koerus, maalilises Aruk\u00fcla m\u00f5isas, n\u00e4itlejateks 38\u00a0\u00a0Kaunite Kunstide Kooli \u00f5pilast.<\/p>\n<p>Juhtivates rollides Viona Vipper, Eliise Ra T\u00f5em\u00e4e, Joonas Sirel, Kalli Karmel Jaani, Anders Patrick Takkis ja Joonas Segaert<\/p>\n","protected":false},"excerpt":{"rendered":"<p>Krimirokk-muusikalfilm \u201eRokkivad detektiivid\u201c Stsenaarium ja muusika \u2013 Janika Sillamaa Re\u017eiss\u00f6\u00f6r-lavastaja Katre Jaani, juhtoperaator Virko Veskoja Tutvustus: Kui \u00fches tavalises muusikakoolis, kus \u00f5pivad-\u00f5petavad tavalised \u00f5pilased-\u00f5petajad ja isegi koristajamutt \u00f5iendab k\u00f5igiga t\u00e4iesti&#8230;<\/p>\n","protected":false},"featured_media":15211,"comment_status":"closed","ping_status":"closed","template":"","meta":{"_monsterinsights_skip_tracking":false,"_monsterinsights_sitenote_active":false,"_monsterinsights_sitenote_note":"","_monsterinsights_sitenote_category":0},"product_brand":[],"product_cat":[121],"product_tag":[],"class_list":{"0":"post-15181","1":"product","2":"type-product","3":"status-publish","4":"has-post-thumbnail","6":"product_cat-filmid","7":"product_shipping_class-europe","9":"first","10":"instock","11":"shipping-taxable","12":"purchasable","13":"product-type-simple"},"_links":{"self":[{"href":"https:\/\/lkkk.ee\/pood\/wp-json\/wp\/v2\/product\/15181","targetHints":{"allow":["GET"]}}],"collection":[{"href":"https:\/\/lkkk.ee\/pood\/wp-json\/wp\/v2\/product"}],"about":[{"href":"https:\/\/lkkk.ee\/pood\/wp-json\/wp\/v2\/types\/product"}],"replies":[{"embeddable":true,"href":"https:\/\/lkkk.ee\/pood\/wp-json\/wp\/v2\/comments?post=15181"}],"wp:featuredmedia":[{"embeddable":true,"href":"https:\/\/lkkk.ee\/pood\/wp-json\/wp\/v2\/media\/15211"}],"wp:attachment":[{"href":"https:\/\/lkkk.ee\/pood\/wp-json\/wp\/v2\/media?parent=15181"}],"wp:term":[{"taxonomy":"product_brand","embeddable":true,"href":"https:\/\/lkkk.ee\/pood\/wp-json\/wp\/v2\/product_brand?post=15181"},{"taxonomy":"product_cat","embeddable":true,"href":"https:\/\/lkkk.ee\/pood\/wp-json\/wp\/v2\/product_cat?post=15181"},{"taxonomy":"product_tag","embeddable":true,"href":"https:\/\/lkkk.ee\/pood\/wp-json\/wp\/v2\/product_tag?post=15181"}],"curies":[{"name":"wp","href":"https:\/\/api.w.org\/{rel}","templated":true}]}}