{"id":15179,"date":"2024-08-12T20:36:33","date_gmt":"2024-08-12T20:36:33","guid":{"rendered":"https:\/\/lkkk.ee\/pood\/?post_type=product&#038;p=15179"},"modified":"2024-10-14T06:46:27","modified_gmt":"2024-10-14T06:46:27","slug":"poial-liisi","status":"publish","type":"product","link":"https:\/\/lkkk.ee\/pood\/product\/poial-liisi\/","title":{"rendered":"P\u00f6ial-Liisi DVD"},"content":{"rendered":"<p>K\u00f5ik Te olete ju kuulnud lugu v\u00e4ikesest P\u00f6ial-Liisist, kes s\u00fcndis vesiroosi \u00f5ies ja l\u00e4bi mitmesuguste seikluste j\u00f5udis l\u00f5puks Lillehaldjate maale, kus prints tema k\u00e4tt palus.<\/p>\n<p>H.Cr. Anderseni maailmakuulsast muinasjutust on tehtud filme ja lavalugusid igas ilma otsas. Nii oli see ka meie esimene muinasjutt, mis muusikalina Kaunite-kooli poolt lavale toodi.<\/p>\n<p>T\u00e4naseks on sellest lavastusest saanud ka film.<\/p>\n<p>Stsenaarium Kaari Sillamaa, muusika Kaari Sillamaa, Urmas Lattikas. Re\u017eiss\u00f6\u00f6r-lavastaja Katre Jaani, peaoperaator Virko Veskoja. Nimiosas Annaliise Anvelt.<\/p>\n","protected":false},"excerpt":{"rendered":"<p>K\u00f5ik Te olete ju kuulnud lugu v\u00e4ikesest P\u00f6ial-Liisist, kes s\u00fcndis vesiroosi \u00f5ies ja l\u00e4bi mitmesuguste seikluste j\u00f5udis l\u00f5puks Lillehaldjate maale, kus prints tema k\u00e4tt palus. H.Cr. Anderseni maailmakuulsast muinasjutust on&#8230;<\/p>\n","protected":false},"featured_media":15209,"comment_status":"closed","ping_status":"closed","template":"","meta":{"_monsterinsights_skip_tracking":false,"_monsterinsights_sitenote_active":false,"_monsterinsights_sitenote_note":"","_monsterinsights_sitenote_category":0},"product_brand":[],"product_cat":[121],"product_tag":[],"class_list":{"0":"post-15179","1":"product","2":"type-product","3":"status-publish","4":"has-post-thumbnail","6":"product_cat-filmid","7":"product_shipping_class-europe","9":"first","10":"instock","11":"shipping-taxable","12":"purchasable","13":"product-type-simple"},"_links":{"self":[{"href":"https:\/\/lkkk.ee\/pood\/wp-json\/wp\/v2\/product\/15179","targetHints":{"allow":["GET"]}}],"collection":[{"href":"https:\/\/lkkk.ee\/pood\/wp-json\/wp\/v2\/product"}],"about":[{"href":"https:\/\/lkkk.ee\/pood\/wp-json\/wp\/v2\/types\/product"}],"replies":[{"embeddable":true,"href":"https:\/\/lkkk.ee\/pood\/wp-json\/wp\/v2\/comments?post=15179"}],"wp:featuredmedia":[{"embeddable":true,"href":"https:\/\/lkkk.ee\/pood\/wp-json\/wp\/v2\/media\/15209"}],"wp:attachment":[{"href":"https:\/\/lkkk.ee\/pood\/wp-json\/wp\/v2\/media?parent=15179"}],"wp:term":[{"taxonomy":"product_brand","embeddable":true,"href":"https:\/\/lkkk.ee\/pood\/wp-json\/wp\/v2\/product_brand?post=15179"},{"taxonomy":"product_cat","embeddable":true,"href":"https:\/\/lkkk.ee\/pood\/wp-json\/wp\/v2\/product_cat?post=15179"},{"taxonomy":"product_tag","embeddable":true,"href":"https:\/\/lkkk.ee\/pood\/wp-json\/wp\/v2\/product_tag?post=15179"}],"curies":[{"name":"wp","href":"https:\/\/api.w.org\/{rel}","templated":true}]}}