{"id":15168,"date":"2024-08-12T20:36:33","date_gmt":"2024-08-12T20:36:33","guid":{"rendered":"https:\/\/lkkk.ee\/pood\/?post_type=product&#038;p=15168"},"modified":"2024-08-25T08:48:07","modified_gmt":"2024-08-25T08:48:07","slug":"keisri-uued-roivad","status":"publish","type":"product","link":"https:\/\/lkkk.ee\/pood\/product\/keisri-uued-roivad\/","title":{"rendered":"Keisri uued r\u00f5ivad DVD"},"content":{"rendered":"<p>Muusikaline kost\u00fc\u00fcmikom\u00f6\u00f6dia H.Chr. Anderseni muinasjutu j\u00e4rgi.<\/p>\n<p>2006<\/p>\n<p>Lugu edevast keisrist, kelle elu p\u00f6\u00f6rleb vaid uute riiete ja nende \u00f5mblemise \u00fcmber. Kogu lugu hakkab hargnema p\u00e4evast, kui linna saabuvad kaks suli, kes keisri n\u00f5rkust ja tema t\u00fctarde uudishimu \u00e4rakasutades otsustavad rikkaks saada. Mida arvavad asjast keisrinna, lossirahvas, linnar\u00e4tsepate tsunft ja terava keelega poisiklutt?<br \/>\nV\u00f5tted toimusid Hiiumaal Suurem\u00f5isa Lossis ja Tallinnas Glehni lossis.<\/p>\n<p>Stsenaarium ja muusika Kaari Sillamaa, muusikajuht Ele Millistfer, tantsud Kee Abel<br \/>\nV\u00f5ttegrupp ja montaa\u017e: Heiki Sepp, Magnus Suitso, Henn Liiva, Peep Plakso, Andrus Muuga, Kaspar Allik, Roman Puiestik<br \/>\nPeaosas Andrus Joala, teistes osades Katriin Tralla (Meero Muusik), Mirjam Olesk, Carolin Ligi, Arti K\u00f5helik, Otto Oliver Olgo jt<\/p>\n","protected":false},"excerpt":{"rendered":"<p>Muusikaline kost\u00fc\u00fcmikom\u00f6\u00f6dia H.Chr. Anderseni muinasjutu j\u00e4rgi. 2006 Lugu edevast keisrist, kelle elu p\u00f6\u00f6rleb vaid uute riiete ja nende \u00f5mblemise \u00fcmber. Kogu lugu hakkab hargnema p\u00e4evast, kui linna saabuvad kaks suli,&#8230;<\/p>\n","protected":false},"featured_media":15198,"comment_status":"closed","ping_status":"closed","template":"","meta":{"_monsterinsights_skip_tracking":false,"_monsterinsights_sitenote_active":false,"_monsterinsights_sitenote_note":"","_monsterinsights_sitenote_category":0},"product_brand":[],"product_cat":[121],"product_tag":[],"class_list":{"0":"post-15168","1":"product","2":"type-product","3":"status-publish","4":"has-post-thumbnail","6":"product_cat-filmid","7":"product_shipping_class-europe","9":"first","10":"instock","11":"shipping-taxable","12":"purchasable","13":"product-type-simple"},"_links":{"self":[{"href":"https:\/\/lkkk.ee\/pood\/wp-json\/wp\/v2\/product\/15168","targetHints":{"allow":["GET"]}}],"collection":[{"href":"https:\/\/lkkk.ee\/pood\/wp-json\/wp\/v2\/product"}],"about":[{"href":"https:\/\/lkkk.ee\/pood\/wp-json\/wp\/v2\/types\/product"}],"replies":[{"embeddable":true,"href":"https:\/\/lkkk.ee\/pood\/wp-json\/wp\/v2\/comments?post=15168"}],"wp:featuredmedia":[{"embeddable":true,"href":"https:\/\/lkkk.ee\/pood\/wp-json\/wp\/v2\/media\/15198"}],"wp:attachment":[{"href":"https:\/\/lkkk.ee\/pood\/wp-json\/wp\/v2\/media?parent=15168"}],"wp:term":[{"taxonomy":"product_brand","embeddable":true,"href":"https:\/\/lkkk.ee\/pood\/wp-json\/wp\/v2\/product_brand?post=15168"},{"taxonomy":"product_cat","embeddable":true,"href":"https:\/\/lkkk.ee\/pood\/wp-json\/wp\/v2\/product_cat?post=15168"},{"taxonomy":"product_tag","embeddable":true,"href":"https:\/\/lkkk.ee\/pood\/wp-json\/wp\/v2\/product_tag?post=15168"}],"curies":[{"name":"wp","href":"https:\/\/api.w.org\/{rel}","templated":true}]}}