{"id":15164,"date":"2024-08-12T20:36:33","date_gmt":"2024-08-12T20:36:33","guid":{"rendered":"https:\/\/lkkk.ee\/pood\/?post_type=product&#038;p=15164"},"modified":"2024-08-25T08:46:51","modified_gmt":"2024-08-25T08:46:51","slug":"aaroni-saar","status":"publish","type":"product","link":"https:\/\/lkkk.ee\/pood\/product\/aaroni-saar\/","title":{"rendered":"Aaroni saar DVD"},"content":{"rendered":"<p>Aaroni ehk r\u00f6\u00f6vlite saare k\u00f5ige kuulsam paar oli Sirlver \u00dckssilm oma naise \u2013 Puujala Maaliga. Nemad olid kuulsad selle poolest, et nad aina kaklesid. L\u00f5puks \u00fctles kohtunik, et temal on nendest villand ja et klaarigu edaspidi omi t\u00fclisid ise. Ja ei m\u00f6\u00f6dunud p\u00e4evagi, kui Puujala Maali kuulutas oma mehele Silver \u00dckssilmale s\u00f5ja. Nii l\u00e4ks lahku 10 r\u00f6\u00f6vliperet \u2013 naised l\u00e4ksid Maali j\u00f5uku ja mehed Silveri bandesse ja l\u00e4kski s\u00f5da lahti, mis kestis l\u00e4bi terve 1.osa kuni leppimiseni. Kuni vanemad s\u00f5disid, otsustasid nende lapsed minna uurima m\u00e4epealset n\u00f5iutud lossi, mis oli ilmunud sinna \u00fcle\u00f6\u00f6. Eks siis vanemad l\u00e4ksid lastele lossi j\u00e4rele \u2013 sellest r\u00e4\u00e4gib 2. film. Ehk l\u00fchidalt \u2013 kes on kangemad, kas naised v\u00f5i mehed!?<\/p>\n<p>Film valmis Kurkse rannas, isegi meres ja ka Padise Kloostris ning selle \u00fcmbruses.<\/p>\n<p>Stsenaarium ja muusika Kaari Sillamaa, lavastajad ja koreograafid Iren Voites ja Andrus Roos, muusikajuht Ingrid Kajak, kunstnik Mari-Leen Peep.<br \/>\nRe\u017eiss\u00f6\u00f6r Kalev Lepik.<br \/>\nV\u00f5ttegrupp ja montaa\u017e: Kalev Lepik, Raul Priks, Henn Liiva, Martin Taklaja<\/p>\n<p>Peaosades Sirli Peeduli ja Kaarel Raidam, teistes suuremates osades Hille Savi, Hanna J\u00f5ers, Kee Abel, Susanna Epner, Erika Aus, Liisa Uibokant, Paula Viidu, Kaari Timuska, Ulla-Mari Niit ja Kristofer Viilmann, Sten Uustalu, Andrus Joala, Erik Kesk\u00fcla, Franck Reisner, Johanna Vahuri, Sandra Pihlak, Laura Kukk ja Otto Link. Ja veel Silvo Link, Kadri-Riin Lillak, Tormis Laanisto, Getter Raidam, Johanna Eenmaa jt.<\/p>\n","protected":false},"excerpt":{"rendered":"<p>Aaroni ehk r\u00f6\u00f6vlite saare k\u00f5ige kuulsam paar oli Sirlver \u00dckssilm oma naise \u2013 Puujala Maaliga. Nemad olid kuulsad selle poolest, et nad aina kaklesid. L\u00f5puks \u00fctles kohtunik, et temal on&#8230;<\/p>\n","protected":false},"featured_media":15194,"comment_status":"closed","ping_status":"closed","template":"","meta":{"_monsterinsights_skip_tracking":false,"_monsterinsights_sitenote_active":false,"_monsterinsights_sitenote_note":"","_monsterinsights_sitenote_category":0},"product_brand":[],"product_cat":[121],"product_tag":[],"class_list":{"0":"post-15164","1":"product","2":"type-product","3":"status-publish","4":"has-post-thumbnail","6":"product_cat-filmid","7":"product_shipping_class-europe","9":"first","10":"instock","11":"shipping-taxable","12":"purchasable","13":"product-type-simple"},"_links":{"self":[{"href":"https:\/\/lkkk.ee\/pood\/wp-json\/wp\/v2\/product\/15164","targetHints":{"allow":["GET"]}}],"collection":[{"href":"https:\/\/lkkk.ee\/pood\/wp-json\/wp\/v2\/product"}],"about":[{"href":"https:\/\/lkkk.ee\/pood\/wp-json\/wp\/v2\/types\/product"}],"replies":[{"embeddable":true,"href":"https:\/\/lkkk.ee\/pood\/wp-json\/wp\/v2\/comments?post=15164"}],"wp:featuredmedia":[{"embeddable":true,"href":"https:\/\/lkkk.ee\/pood\/wp-json\/wp\/v2\/media\/15194"}],"wp:attachment":[{"href":"https:\/\/lkkk.ee\/pood\/wp-json\/wp\/v2\/media?parent=15164"}],"wp:term":[{"taxonomy":"product_brand","embeddable":true,"href":"https:\/\/lkkk.ee\/pood\/wp-json\/wp\/v2\/product_brand?post=15164"},{"taxonomy":"product_cat","embeddable":true,"href":"https:\/\/lkkk.ee\/pood\/wp-json\/wp\/v2\/product_cat?post=15164"},{"taxonomy":"product_tag","embeddable":true,"href":"https:\/\/lkkk.ee\/pood\/wp-json\/wp\/v2\/product_tag?post=15164"}],"curies":[{"name":"wp","href":"https:\/\/api.w.org\/{rel}","templated":true}]}}