{"id":7366,"date":"2015-11-18T08:37:53","date_gmt":"2015-11-18T08:37:53","guid":{"rendered":"http:\/\/interior-design.cmsmasters.net\/?page_id=7366"},"modified":"2024-12-10T11:51:33","modified_gmt":"2024-12-10T11:51:33","slug":"home-store","status":"publish","type":"page","link":"https:\/\/lkkk.ee\/pood\/","title":{"rendered":"Home"},"content":{"rendered":"<div id=\"cmsmasters_row_46351931b1\" class=\"cmsmasters_row cmsmasters_color_scheme_default cmsmasters_row_top_default cmsmasters_row_bot_default cmsmasters_row_boxed\">\n<div class=\"cmsmasters_row_outer_parent\">\n<div class=\"cmsmasters_row_outer\">\n<div class=\"cmsmasters_row_inner\">\n<div class=\"cmsmasters_row_margin\">\n<div id=\"cmsmasters_column_\" class=\"cmsmasters_column one_first\">\n<div class=\"cmsmasters_column_inner\">\n<div class=\"cmsmasters_slider\">\n\t\t\t\t<p class=\"rs-p-wp-fix\"><\/p>\n\t\t\t\t<sr7-module data-alias=\"slider1\" data-id=\"1\" id=\"SR7_1_1\" class=\"rs-ov-hidden\" data-version=\"6.7.16\">\n\t\t\t\t\t<sr7-adjuster><\/sr7-adjuster>\n\t\t\t\t\t<sr7-content>\n\t\t\t\t\t\t<sr7-slide id=\"SR7_1_1-1\" data-key=\"1\">\n\t\t\t\t\t\t\t<sr7-bg id=\"SR7_1_1-1-1\" class=\"sr7-layer\"><noscript><img decoding=\"async\" src=\"https:\/\/lkkk.ee\/pood\/wp-content\/uploads\/2024\/08\/taust.jpg\" alt=\"\" title=\"taust\"><\/noscript><\/sr7-bg>\n\t\t\t\t\t\t<\/sr7-slide>\n\t\t\t\t\t\t<sr7-slide id=\"SR7_1_1-2\" data-key=\"2\">\n\t\t\t\t\t\t<\/sr7-slide>\n\t\t\t\t\t<\/sr7-content>\n\t\t\t\t\t<image_lists style=\"display:none\">\n\t\t\t\t\t\t<img data-src=\"\/\/lkkk.ee\/pood\/wp-content\/uploads\/2024\/08\/taust.jpg\" data-libid=\"15137\" data-lib=\"medialibrary\" title=\"taust\" width=\"0\" height=\"0\" data-dbsrc=\"Ly9sa2trLmVlL3Bvb2Qvd3AtY29udGVudC91cGxvYWRzLzIwMjQvMDgvdGF1c3QuanBn\"\/>\n\t\t\t\t\t<\/image_lists>\n\t\t\t\t<\/sr7-module>\n\t\t\t\t<script>\n\t\t\t\t\tSR7.PMH ??={}; SR7.PMH[\"SR7_1_1\"] = {cn:0,state:false,fn: function() { if (_tpt!==undefined && _tpt.prepareModuleHeight !== undefined) {  _tpt.prepareModuleHeight({id:\"SR7_1_1\",el:[550,550,550,550,550],type:'standard',shdw:'0',gh:[550,550,550,550,550],gw:[1024,1024,1024,550,550],vpt:['100px&#039;,&#039;100px&#039;,&#039;100px&#039;,&#039;100px&#039;,&#039;100px'],size:{fullWidth:false, fullHeight:false},mh:'0',onh:0,onw:0,bg:{color:'{\"orig\":\"transparent\",\"type\":\"solid\",\"string\":\"transparent\"}'},plType:'0',plColor:'#FFFFFF'});   SR7.PMH[\"SR7_1_1\"].state=true;} else if((SR7.PMH[\"SR7_1_1\"].cn++)<100)\tsetTimeout( SR7.PMH[\"SR7_1_1\"].fn,19);}};SR7.PMH[\"SR7_1_1\" ].fn();\n\t\t\t\t<\/script>\n<\/div>\n<\/div><\/div>\n<\/div>\n<\/div>\n<\/div>\n<\/div>\n<\/div>\n<div id=\"cmsmasters_row_it66m2umc\" class=\"cmsmasters_row cmsmasters_color_scheme_default cmsmasters_row_top_default cmsmasters_row_bot_default cmsmasters_row_boxed\">\n<div class=\"cmsmasters_row_outer_parent\">\n<div class=\"cmsmasters_row_outer\">\n<div class=\"cmsmasters_row_inner\">\n<div class=\"cmsmasters_row_margin\">\n<div id=\"cmsmasters_column_f2zw58ohhx\" class=\"cmsmasters_column one_first\">\n<div class=\"cmsmasters_column_inner\"><div id=\"cmsmasters_heading_xg7krwzo5y\" class=\"cmsmasters_heading_wrap cmsmasters_heading_align_center\">\n\t<h2 class=\"cmsmasters_heading\">Uudistooted<\/h2>\n<\/div><div id=\"cmsmasters_heading_71b6cftoc\" class=\"cmsmasters_heading_wrap cmsmasters_heading_align_center\">\n\t<h4 class=\"cmsmasters_heading\">Kirjandusest filmideni<\/h4>\n<\/div><div class=\"cmsmasters_selected_products_shortcode\"><div class=\"woocommerce columns-4 \"><ul class=\"products columns-4 cmsmasters_products\"><li class=\"product type-product post-15488 status-publish first instock product_cat-allalaetavad has-post-thumbnail downloadable virtual purchasable product-type-simple\">\r\n\t<article class=\"cmsmasters_product\">\r\n\t\t\t\t<figure class=\"cmsmasters_product_img\">\r\n\t\t\t<a href=\"https:\/\/lkkk.ee\/pood\/product\/porguneitsi-allalaetav\/\">\r\n\t\t\t\t<img loading=\"lazy\" decoding=\"async\" width=\"540\" height=\"540\" src=\"https:\/\/lkkk.ee\/pood\/wp-content\/uploads\/2024\/09\/PORGUNEITSI-DVD-COVER-540x540.jpg\" class=\"attachment-woocommerce_thumbnail size-woocommerce_thumbnail\" alt=\"P\u00f5rguneitsi (allalaetav)\" srcset=\"https:\/\/lkkk.ee\/pood\/wp-content\/uploads\/2024\/09\/PORGUNEITSI-DVD-COVER-540x540.jpg 540w, https:\/\/lkkk.ee\/pood\/wp-content\/uploads\/2024\/09\/PORGUNEITSI-DVD-COVER-150x150.jpg 150w, https:\/\/lkkk.ee\/pood\/wp-content\/uploads\/2024\/09\/PORGUNEITSI-DVD-COVER-70x70.jpg 70w, https:\/\/lkkk.ee\/pood\/wp-content\/uploads\/2024\/09\/PORGUNEITSI-DVD-COVER-310x310.jpg 310w, https:\/\/lkkk.ee\/pood\/wp-content\/uploads\/2024\/09\/PORGUNEITSI-DVD-COVER-100x100.jpg 100w\" sizes=\"auto, (max-width: 540px) 100vw, 540px\" \/>\t\t\t<\/a>\r\n\t\t\t<div class=\"cmsmasters_product_add_wrap\">\r\n\t\t\t\t<div class=\"cmsmasters_product_add_inner\">\r\n\t\t\t\t\t<a href=\"\/pood\/wp-json\/wp\/v2\/pages\/7366?add-to-cart=15488\" data-product_id=\"15488\" data-product_sku=\"\" class=\"button add_to_cart_button cmsmasters_add_to_cart_button product_type_simple ajax_add_to_cart\" title=\"Add to Cart\"><span>Add to Cart<\/span><\/a><a href=\"https:\/\/lkkk.ee\/pood\/cart\/\" class=\"button added_to_cart wc-forward\" title=\"View Cart\"><span>View Cart<\/span><\/a>\t\t\t\t<\/div>\r\n\t\t\t<\/div>\r\n\t\t\t\t\t<\/figure>\r\n\t\t<div class=\"cmsmasters_product_inner\">\r\n\t\t\t\t\t\t<div class=\"cmsmasters_product_cat entry-meta\"><a href=\"https:\/\/lkkk.ee\/pood\/product-category\/allalaetavad\/\" class=\"cmsmasters_cat_color cmsmasters_cat_129\" rel=\"category tag\">Allalaetavad<\/a><\/div>\t\t\t<header class=\"cmsmasters_product_header entry-header\">\r\n\t\t\t\t<h4 class=\"cmsmasters_product_title entry-title\">\r\n\t\t\t\t\t<a href=\"https:\/\/lkkk.ee\/pood\/product\/porguneitsi-allalaetav\/\">P\u00f5rguneitsi (allalaetav)<\/a>\r\n\t\t\t\t<\/h4>\r\n\t\t\t<\/header>\r\n\t\t\t<div class=\"cmsmasters_product_info\">\r\n\t\t\t\r\n<div class=\"cmsmasters_star_rating\" itemscope itemtype=\"\/\/schema.org\/AggregateRating\" title=\"Rated 0 out of 5\">\r\n<div class=\"cmsmasters_star_trans_wrap\">\r\n\t<span class=\"cmsmasters_theme_icon_star_empty cmsmasters_star\"><\/span>\r\n\t<span class=\"cmsmasters_theme_icon_star_empty cmsmasters_star\"><\/span>\r\n\t<span class=\"cmsmasters_theme_icon_star_empty cmsmasters_star\"><\/span>\r\n\t<span class=\"cmsmasters_theme_icon_star_empty cmsmasters_star\"><\/span>\r\n\t<span class=\"cmsmasters_theme_icon_star_empty cmsmasters_star\"><\/span>\r\n<\/div>\r\n<div class=\"cmsmasters_star_color_wrap\" data-width=\"width:0%\">\r\n\t<div class=\"cmsmasters_star_color_inner\">\r\n\t\t<span class=\"cmsmasters_theme_icon_star_full cmsmasters_star\"><\/span>\r\n\t\t<span class=\"cmsmasters_theme_icon_star_full cmsmasters_star\"><\/span>\r\n\t\t<span class=\"cmsmasters_theme_icon_star_full cmsmasters_star\"><\/span>\r\n\t\t<span class=\"cmsmasters_theme_icon_star_full cmsmasters_star\"><\/span>\r\n\t\t<span class=\"cmsmasters_theme_icon_star_full cmsmasters_star\"><\/span>\r\n\t<\/div>\r\n<\/div>\r\n<span class=\"rating dn\"><strong itemprop=\"ratingValue\">0<\/strong> out of 5<\/span>\r\n<\/div>\r\n\n\t<span class=\"price\"><span class=\"woocommerce-Price-amount amount\"><bdi>12,00<span>&nbsp;<span class=\"woocommerce-Price-currencySymbol\">&euro;<\/span><\/span><\/bdi><\/span><\/span>\n\t\t\t<\/div>\r\n\t\t<\/div>\r\n\t\t\t<\/article>\r\n<\/li><li class=\"product type-product post-15472 status-publish instock product_cat-lauluraamatud has-post-thumbnail shipping-taxable purchasable product-type-simple\">\r\n\t<article class=\"cmsmasters_product\">\r\n\t\t\t\t<figure class=\"cmsmasters_product_img\">\r\n\t\t\t<a href=\"https:\/\/lkkk.ee\/pood\/product\/oratoorium-kristus\/\">\r\n\t\t\t\t<img loading=\"lazy\" decoding=\"async\" width=\"540\" height=\"540\" src=\"https:\/\/lkkk.ee\/pood\/wp-content\/uploads\/2024\/08\/ORATOORIUM-KRISTUS-NOODIRAAMAT-540x540.jpg\" class=\"attachment-woocommerce_thumbnail size-woocommerce_thumbnail\" alt=\"Oratoorium Kristus\" srcset=\"https:\/\/lkkk.ee\/pood\/wp-content\/uploads\/2024\/08\/ORATOORIUM-KRISTUS-NOODIRAAMAT-540x540.jpg 540w, https:\/\/lkkk.ee\/pood\/wp-content\/uploads\/2024\/08\/ORATOORIUM-KRISTUS-NOODIRAAMAT-150x150.jpg 150w, https:\/\/lkkk.ee\/pood\/wp-content\/uploads\/2024\/08\/ORATOORIUM-KRISTUS-NOODIRAAMAT-70x70.jpg 70w, https:\/\/lkkk.ee\/pood\/wp-content\/uploads\/2024\/08\/ORATOORIUM-KRISTUS-NOODIRAAMAT-310x310.jpg 310w, https:\/\/lkkk.ee\/pood\/wp-content\/uploads\/2024\/08\/ORATOORIUM-KRISTUS-NOODIRAAMAT-100x100.jpg 100w\" sizes=\"auto, (max-width: 540px) 100vw, 540px\" \/>\t\t\t<\/a>\r\n\t\t\t<div class=\"cmsmasters_product_add_wrap\">\r\n\t\t\t\t<div class=\"cmsmasters_product_add_inner\">\r\n\t\t\t\t\t<a href=\"\/pood\/wp-json\/wp\/v2\/pages\/7366?add-to-cart=15472\" data-product_id=\"15472\" data-product_sku=\"\" class=\"button add_to_cart_button cmsmasters_add_to_cart_button product_type_simple ajax_add_to_cart\" title=\"Add to Cart\"><span>Add to Cart<\/span><\/a><a href=\"https:\/\/lkkk.ee\/pood\/cart\/\" class=\"button added_to_cart wc-forward\" title=\"View Cart\"><span>View Cart<\/span><\/a>\t\t\t\t<\/div>\r\n\t\t\t<\/div>\r\n\t\t\t\t\t<\/figure>\r\n\t\t<div class=\"cmsmasters_product_inner\">\r\n\t\t\t\t\t\t<div class=\"cmsmasters_product_cat entry-meta\"><a href=\"https:\/\/lkkk.ee\/pood\/product-category\/lauluraamatud\/\" class=\"cmsmasters_cat_color cmsmasters_cat_125\" rel=\"category tag\">Lauluraamatud<\/a><\/div>\t\t\t<header class=\"cmsmasters_product_header entry-header\">\r\n\t\t\t\t<h4 class=\"cmsmasters_product_title entry-title\">\r\n\t\t\t\t\t<a href=\"https:\/\/lkkk.ee\/pood\/product\/oratoorium-kristus\/\">Oratoorium Kristus<\/a>\r\n\t\t\t\t<\/h4>\r\n\t\t\t<\/header>\r\n\t\t\t<div class=\"cmsmasters_product_info\">\r\n\t\t\t\r\n<div class=\"cmsmasters_star_rating\" itemscope itemtype=\"\/\/schema.org\/AggregateRating\" title=\"Rated 0 out of 5\">\r\n<div class=\"cmsmasters_star_trans_wrap\">\r\n\t<span class=\"cmsmasters_theme_icon_star_empty cmsmasters_star\"><\/span>\r\n\t<span class=\"cmsmasters_theme_icon_star_empty cmsmasters_star\"><\/span>\r\n\t<span class=\"cmsmasters_theme_icon_star_empty cmsmasters_star\"><\/span>\r\n\t<span class=\"cmsmasters_theme_icon_star_empty cmsmasters_star\"><\/span>\r\n\t<span class=\"cmsmasters_theme_icon_star_empty cmsmasters_star\"><\/span>\r\n<\/div>\r\n<div class=\"cmsmasters_star_color_wrap\" data-width=\"width:0%\">\r\n\t<div class=\"cmsmasters_star_color_inner\">\r\n\t\t<span class=\"cmsmasters_theme_icon_star_full cmsmasters_star\"><\/span>\r\n\t\t<span class=\"cmsmasters_theme_icon_star_full cmsmasters_star\"><\/span>\r\n\t\t<span class=\"cmsmasters_theme_icon_star_full cmsmasters_star\"><\/span>\r\n\t\t<span class=\"cmsmasters_theme_icon_star_full cmsmasters_star\"><\/span>\r\n\t\t<span class=\"cmsmasters_theme_icon_star_full cmsmasters_star\"><\/span>\r\n\t<\/div>\r\n<\/div>\r\n<span class=\"rating dn\"><strong itemprop=\"ratingValue\">0<\/strong> out of 5<\/span>\r\n<\/div>\r\n\n\t<span class=\"price\"><span class=\"woocommerce-Price-amount amount\"><bdi>25,00<span>&nbsp;<span class=\"woocommerce-Price-currencySymbol\">&euro;<\/span><\/span><\/bdi><\/span><\/span>\n\t\t\t<\/div>\r\n\t\t<\/div>\r\n\t\t\t<\/article>\r\n<\/li><li class=\"product type-product post-15592 status-publish instock product_cat-laulumangud has-post-thumbnail shipping-taxable purchasable product-type-simple\">\r\n\t<article class=\"cmsmasters_product\">\r\n\t\t\t\t<figure class=\"cmsmasters_product_img\">\r\n\t\t\t<a href=\"https:\/\/lkkk.ee\/pood\/product\/kuldkard-ja-auguga-piparkoogid\/\">\r\n\t\t\t\t<img loading=\"lazy\" decoding=\"async\" width=\"540\" height=\"540\" src=\"https:\/\/lkkk.ee\/pood\/wp-content\/uploads\/2024\/12\/Kuldkard-ja-auguga-piparkoogid-540x540.jpg\" class=\"attachment-woocommerce_thumbnail size-woocommerce_thumbnail\" alt=\"Kuldkard ja auguga piparkoogid\" srcset=\"https:\/\/lkkk.ee\/pood\/wp-content\/uploads\/2024\/12\/Kuldkard-ja-auguga-piparkoogid-540x540.jpg 540w, https:\/\/lkkk.ee\/pood\/wp-content\/uploads\/2024\/12\/Kuldkard-ja-auguga-piparkoogid-150x150.jpg 150w, https:\/\/lkkk.ee\/pood\/wp-content\/uploads\/2024\/12\/Kuldkard-ja-auguga-piparkoogid-70x70.jpg 70w, https:\/\/lkkk.ee\/pood\/wp-content\/uploads\/2024\/12\/Kuldkard-ja-auguga-piparkoogid-310x310.jpg 310w, https:\/\/lkkk.ee\/pood\/wp-content\/uploads\/2024\/12\/Kuldkard-ja-auguga-piparkoogid-100x100.jpg 100w\" sizes=\"auto, (max-width: 540px) 100vw, 540px\" \/>\t\t\t<\/a>\r\n\t\t\t<div class=\"cmsmasters_product_add_wrap\">\r\n\t\t\t\t<div class=\"cmsmasters_product_add_inner\">\r\n\t\t\t\t\t<a href=\"\/pood\/wp-json\/wp\/v2\/pages\/7366?add-to-cart=15592\" data-product_id=\"15592\" data-product_sku=\"\" class=\"button add_to_cart_button cmsmasters_add_to_cart_button product_type_simple ajax_add_to_cart\" title=\"Add to Cart\"><span>Add to Cart<\/span><\/a><a href=\"https:\/\/lkkk.ee\/pood\/cart\/\" class=\"button added_to_cart wc-forward\" title=\"View Cart\"><span>View Cart<\/span><\/a>\t\t\t\t<\/div>\r\n\t\t\t<\/div>\r\n\t\t\t\t\t<\/figure>\r\n\t\t<div class=\"cmsmasters_product_inner\">\r\n\t\t\t\t\t\t<div class=\"cmsmasters_product_cat entry-meta\"><a href=\"https:\/\/lkkk.ee\/pood\/product-category\/laulumangud\/\" class=\"cmsmasters_cat_color cmsmasters_cat_126\" rel=\"category tag\">Laulum\u00e4ngud<\/a><\/div>\t\t\t<header class=\"cmsmasters_product_header entry-header\">\r\n\t\t\t\t<h4 class=\"cmsmasters_product_title entry-title\">\r\n\t\t\t\t\t<a href=\"https:\/\/lkkk.ee\/pood\/product\/kuldkard-ja-auguga-piparkoogid\/\">Kuldkard ja auguga piparkoogid<\/a>\r\n\t\t\t\t<\/h4>\r\n\t\t\t<\/header>\r\n\t\t\t<div class=\"cmsmasters_product_info\">\r\n\t\t\t\r\n<div class=\"cmsmasters_star_rating\" itemscope itemtype=\"\/\/schema.org\/AggregateRating\" title=\"Rated 0 out of 5\">\r\n<div class=\"cmsmasters_star_trans_wrap\">\r\n\t<span class=\"cmsmasters_theme_icon_star_empty cmsmasters_star\"><\/span>\r\n\t<span class=\"cmsmasters_theme_icon_star_empty cmsmasters_star\"><\/span>\r\n\t<span class=\"cmsmasters_theme_icon_star_empty cmsmasters_star\"><\/span>\r\n\t<span class=\"cmsmasters_theme_icon_star_empty cmsmasters_star\"><\/span>\r\n\t<span class=\"cmsmasters_theme_icon_star_empty cmsmasters_star\"><\/span>\r\n<\/div>\r\n<div class=\"cmsmasters_star_color_wrap\" data-width=\"width:0%\">\r\n\t<div class=\"cmsmasters_star_color_inner\">\r\n\t\t<span class=\"cmsmasters_theme_icon_star_full cmsmasters_star\"><\/span>\r\n\t\t<span class=\"cmsmasters_theme_icon_star_full cmsmasters_star\"><\/span>\r\n\t\t<span class=\"cmsmasters_theme_icon_star_full cmsmasters_star\"><\/span>\r\n\t\t<span class=\"cmsmasters_theme_icon_star_full cmsmasters_star\"><\/span>\r\n\t\t<span class=\"cmsmasters_theme_icon_star_full cmsmasters_star\"><\/span>\r\n\t<\/div>\r\n<\/div>\r\n<span class=\"rating dn\"><strong itemprop=\"ratingValue\">0<\/strong> out of 5<\/span>\r\n<\/div>\r\n\n\t<span class=\"price\"><span class=\"woocommerce-Price-amount amount\"><bdi>15,00<span>&nbsp;<span class=\"woocommerce-Price-currencySymbol\">&euro;<\/span><\/span><\/bdi><\/span><\/span>\n\t\t\t<\/div>\r\n\t\t<\/div>\r\n\t\t\t<\/article>\r\n<\/li><li class=\"product type-product post-15228 status-publish last instock product_cat-cd has-post-thumbnail shipping-taxable purchasable product-type-simple\">\r\n\t<article class=\"cmsmasters_product\">\r\n\t\t\t\t<figure class=\"cmsmasters_product_img\">\r\n\t\t\t<a href=\"https:\/\/lkkk.ee\/pood\/product\/ema-on-pai-ii\/\">\r\n\t\t\t\t<img loading=\"lazy\" decoding=\"async\" width=\"540\" height=\"540\" src=\"https:\/\/lkkk.ee\/pood\/wp-content\/uploads\/2024\/08\/EMA-ON-PAI-2-CD-540x540.jpg\" class=\"attachment-woocommerce_thumbnail size-woocommerce_thumbnail\" alt=\"Ema on pai II\" srcset=\"https:\/\/lkkk.ee\/pood\/wp-content\/uploads\/2024\/08\/EMA-ON-PAI-2-CD-540x540.jpg 540w, https:\/\/lkkk.ee\/pood\/wp-content\/uploads\/2024\/08\/EMA-ON-PAI-2-CD-150x150.jpg 150w, https:\/\/lkkk.ee\/pood\/wp-content\/uploads\/2024\/08\/EMA-ON-PAI-2-CD-70x70.jpg 70w, https:\/\/lkkk.ee\/pood\/wp-content\/uploads\/2024\/08\/EMA-ON-PAI-2-CD-310x310.jpg 310w, https:\/\/lkkk.ee\/pood\/wp-content\/uploads\/2024\/08\/EMA-ON-PAI-2-CD-100x100.jpg 100w\" sizes=\"auto, (max-width: 540px) 100vw, 540px\" \/>\t\t\t<\/a>\r\n\t\t\t<div class=\"cmsmasters_product_add_wrap\">\r\n\t\t\t\t<div class=\"cmsmasters_product_add_inner\">\r\n\t\t\t\t\t<a href=\"\/pood\/wp-json\/wp\/v2\/pages\/7366?add-to-cart=15228\" data-product_id=\"15228\" data-product_sku=\"\" class=\"button add_to_cart_button cmsmasters_add_to_cart_button product_type_simple ajax_add_to_cart\" title=\"Add to Cart\"><span>Add to Cart<\/span><\/a><a href=\"https:\/\/lkkk.ee\/pood\/cart\/\" class=\"button added_to_cart wc-forward\" title=\"View Cart\"><span>View Cart<\/span><\/a>\t\t\t\t<\/div>\r\n\t\t\t<\/div>\r\n\t\t\t\t\t<\/figure>\r\n\t\t<div class=\"cmsmasters_product_inner\">\r\n\t\t\t\t\t\t<div class=\"cmsmasters_product_cat entry-meta\"><a href=\"https:\/\/lkkk.ee\/pood\/product-category\/cd\/\" class=\"cmsmasters_cat_color cmsmasters_cat_124\" rel=\"category tag\">CD<\/a><\/div>\t\t\t<header class=\"cmsmasters_product_header entry-header\">\r\n\t\t\t\t<h4 class=\"cmsmasters_product_title entry-title\">\r\n\t\t\t\t\t<a href=\"https:\/\/lkkk.ee\/pood\/product\/ema-on-pai-ii\/\">Ema on pai II<\/a>\r\n\t\t\t\t<\/h4>\r\n\t\t\t<\/header>\r\n\t\t\t<div class=\"cmsmasters_product_info\">\r\n\t\t\t\r\n<div class=\"cmsmasters_star_rating\" itemscope itemtype=\"\/\/schema.org\/AggregateRating\" title=\"Rated 0 out of 5\">\r\n<div class=\"cmsmasters_star_trans_wrap\">\r\n\t<span class=\"cmsmasters_theme_icon_star_empty cmsmasters_star\"><\/span>\r\n\t<span class=\"cmsmasters_theme_icon_star_empty cmsmasters_star\"><\/span>\r\n\t<span class=\"cmsmasters_theme_icon_star_empty cmsmasters_star\"><\/span>\r\n\t<span class=\"cmsmasters_theme_icon_star_empty cmsmasters_star\"><\/span>\r\n\t<span class=\"cmsmasters_theme_icon_star_empty cmsmasters_star\"><\/span>\r\n<\/div>\r\n<div class=\"cmsmasters_star_color_wrap\" data-width=\"width:0%\">\r\n\t<div class=\"cmsmasters_star_color_inner\">\r\n\t\t<span class=\"cmsmasters_theme_icon_star_full cmsmasters_star\"><\/span>\r\n\t\t<span class=\"cmsmasters_theme_icon_star_full cmsmasters_star\"><\/span>\r\n\t\t<span class=\"cmsmasters_theme_icon_star_full cmsmasters_star\"><\/span>\r\n\t\t<span class=\"cmsmasters_theme_icon_star_full cmsmasters_star\"><\/span>\r\n\t\t<span class=\"cmsmasters_theme_icon_star_full cmsmasters_star\"><\/span>\r\n\t<\/div>\r\n<\/div>\r\n<span class=\"rating dn\"><strong itemprop=\"ratingValue\">0<\/strong> out of 5<\/span>\r\n<\/div>\r\n\n\t<span class=\"price\"><span class=\"woocommerce-Price-amount amount\"><bdi>15,00<span>&nbsp;<span class=\"woocommerce-Price-currencySymbol\">&euro;<\/span><\/span><\/bdi><\/span><\/span>\n\t\t\t<\/div>\r\n\t\t<\/div>\r\n\t\t\t<\/article>\r\n<\/li><\/ul>\n<\/div><\/div>\n<div id=\"cmsmasters_divider_ln9w0q6p3l\" class=\"cl\"><\/div>\n<div id=\"cmsmasters_button_okgjkqyofh\" class=\"button_wrap\"><a href=\"https:\/\/lkkk.ee\/pood\/pood\/?orderby=popularity\" class=\"cmsmasters_button\"><span>AVASTA VEEL<\/span><\/a><\/div>\n<\/div><\/div>\n<\/div>\n<\/div>\n<\/div>\n<\/div>\n<\/div>\n<div id=\"cmsmasters_row_yyq6gr4xc9\" class=\"cmsmasters_row cmsmasters_color_scheme_default cmsmasters_row_top_default cmsmasters_row_bot_default cmsmasters_row_boxed\">\n<div class=\"cmsmasters_row_outer_parent\">\n<div class=\"cmsmasters_row_outer\">\n<div class=\"cmsmasters_row_inner\">\n<div class=\"cmsmasters_row_margin\">\n<div id=\"cmsmasters_column_cdfovjv63m\" class=\"cmsmasters_column one_first\">\n<div class=\"cmsmasters_column_inner\"><div id=\"cmsmasters_heading_6ymy1e8qog\" class=\"cmsmasters_heading_wrap cmsmasters_heading_align_center\">\n\t<h2 class=\"cmsmasters_heading\">Kirjastus Virgo<\/h2>\n<\/div><div id=\"cmsmasters_heading_ii59sfywl\" class=\"cmsmasters_heading_wrap cmsmasters_heading_align_center\">\n\t<h4 class=\"cmsmasters_heading\">Meist<\/h4>\n<\/div>\n<\/div><\/div>\n<\/div>\n<\/div>\n<div class=\"cmsmasters_row_inner\">\n<div class=\"cmsmasters_row_margin\">\n<div id=\"cmsmasters_column_46i1ierpgd\" class=\"cmsmasters_column one_first\">\n<div class=\"cmsmasters_column_inner\"><div class=\"cmsmasters_text\">\n<p style=\"padding-top: 20px;\">Kirjastus Virgo sai loodud 2006 a. Kaari Sillamaa Kaunite Kunstide Kooli juurde andmaks v\u00e4lja \u00f5petajate loomingut nii laulikute, muusikaliraamatute, heliplaatide ja muul kujul, esitajateks Kaunite-kooli \u00f5pilased, vilistlased ja ka \u00f5petajad ise.<\/p>\n<p>T\u00e4naseks on kirjastus kooli k\u00fcljest eraldunud ja on n\u00fc\u00fcd omaette Kirjastus Virgo O\u00dc, mille juures tegutseb ka Virgo pood.<\/p>\n<\/div>\n<\/div><\/div>\n<\/div>\n<\/div>\n<\/div>\n<\/div>\n<\/div>\n\n","protected":false},"excerpt":{"rendered":"","protected":false},"author":1,"featured_media":0,"parent":0,"menu_order":0,"comment_status":"closed","ping_status":"closed","template":"","meta":{"_monsterinsights_skip_tracking":false,"_monsterinsights_sitenote_active":false,"_monsterinsights_sitenote_note":"","_monsterinsights_sitenote_category":0,"footnotes":""},"class_list":["post-7366","page","type-page","status-publish","hentry"],"_links":{"self":[{"href":"https:\/\/lkkk.ee\/pood\/wp-json\/wp\/v2\/pages\/7366","targetHints":{"allow":["GET"]}}],"collection":[{"href":"https:\/\/lkkk.ee\/pood\/wp-json\/wp\/v2\/pages"}],"about":[{"href":"https:\/\/lkkk.ee\/pood\/wp-json\/wp\/v2\/types\/page"}],"author":[{"embeddable":true,"href":"https:\/\/lkkk.ee\/pood\/wp-json\/wp\/v2\/users\/1"}],"replies":[{"embeddable":true,"href":"https:\/\/lkkk.ee\/pood\/wp-json\/wp\/v2\/comments?post=7366"}],"version-history":[{"count":29,"href":"https:\/\/lkkk.ee\/pood\/wp-json\/wp\/v2\/pages\/7366\/revisions"}],"predecessor-version":[{"id":15600,"href":"https:\/\/lkkk.ee\/pood\/wp-json\/wp\/v2\/pages\/7366\/revisions\/15600"}],"wp:attachment":[{"href":"https:\/\/lkkk.ee\/pood\/wp-json\/wp\/v2\/media?parent=7366"}],"curies":[{"name":"wp","href":"https:\/\/api.w.org\/{rel}","templated":true}]}}